{"id":538,"date":"2020-08-04T17:24:48","date_gmt":"2020-08-04T15:24:48","guid":{"rendered":"https:\/\/www.tech-summits-legal.de\/uebertragungs-und-lizenzvertraege\/"},"modified":"2023-07-11T12:44:22","modified_gmt":"2023-07-11T10:44:22","slug":"uebertragungs-und-lizenzvertraege","status":"publish","type":"page","link":"https:\/\/taxandlegal.digital\/en\/leistungen\/uebertragungs-und-lizenzvertraege\/","title":{"rendered":"Transfer and license agreements"},"content":{"rendered":"<p>[vc_row][vc_column width=&#8221;1\/6&#8243;][\/vc_column][vc_column width=&#8221;2\/3&#8243;][vc_column_text]<\/p>\n<h1>Transfer and licence agreements<\/h1>\n<p><strong>Technology transfer<\/strong> is based on the transfer of industrial property rights or the granting of rights of use by concluding licence agreements on know-how, copyrights, patent applications or other industrial property rights.<\/p>\n<p>We assist you in concluding <strong>transfer and licence agreements,<\/strong> negotiate licensing clauses, safeguard your interests in the event of a dispute over the fulfilment of contractual obligations, termination of the contract or insolvency of a contractual partner.<\/p>\n<p>Your contact person is attorney Tilmann Lahann.[\/vc_column_text][\/vc_column][vc_column width=&#8221;1\/6&#8243;][\/vc_column][\/vc_row][vc_row][vc_column][vc_column_text]<\/p>\n<p><!-- \/wp:paragraph -->[\/vc_column_text][\/vc_column][\/vc_row]<\/p>\n","protected":false},"excerpt":{"rendered":"<p>[vc_row][vc_column width=&#8221;1\/6&#8243;][\/vc_column][vc_column width=&#8221;2\/3&#8243;][vc_column_text] Transfer and licence agreements Technology transfer is based on the transfer of industrial property rights or the [&hellip;]<\/p>\n","protected":false},"author":9,"featured_media":0,"parent":797,"menu_order":8,"comment_status":"closed","ping_status":"closed","template":"","meta":{"footnotes":""},"class_list":["post-538","page","type-page","status-publish","hentry"],"yoast_head":"<!-- This site is optimized with the Yoast SEO plugin v26.7 - https:\/\/yoast.com\/wordpress\/plugins\/seo\/ -->\n<title>Transfer and license agreements - Tax &amp; Legal Digital<\/title>\n<meta name=\"description\" content=\"Wir unterst\u00fctzen Sie beim Abschluss von \u00dcbertragungs- und Lizenzvertr\u00e4gen, verhandeln Lizenzierungsklauseln und sichern Ihre Interessen.\" \/>\n<meta name=\"robots\" content=\"index, follow, max-snippet:-1, max-image-preview:large, max-video-preview:-1\" \/>\n<link rel=\"canonical\" href=\"https:\/\/taxandlegal-digital-663692.hostingersite.com\/leistungen\/uebertragungs-und-lizenzvertraege\/?lang=en\" \/>\n<meta property=\"og:locale\" content=\"en_US\" \/>\n<meta property=\"og:type\" content=\"article\" \/>\n<meta property=\"og:title\" content=\"Transfer and license agreements - Tax &amp; Legal Digital\" \/>\n<meta property=\"og:description\" content=\"Wir unterst\u00fctzen Sie beim Abschluss von \u00dcbertragungs- und Lizenzvertr\u00e4gen, verhandeln Lizenzierungsklauseln und sichern Ihre Interessen.\" \/>\n<meta property=\"og:url\" content=\"https:\/\/taxandlegal-digital-663692.hostingersite.com\/leistungen\/uebertragungs-und-lizenzvertraege\/?lang=en\" \/>\n<meta property=\"og:site_name\" content=\"Tax &amp; Legal Digital\" \/>\n<meta property=\"article:modified_time\" content=\"2023-07-11T10:44:22+00:00\" \/>\n<meta name=\"twitter:card\" content=\"summary_large_image\" \/>\n<meta name=\"twitter:label1\" content=\"Est. reading time\" \/>\n\t<meta name=\"twitter:data1\" content=\"1 minute\" \/>\n<script type=\"application\/ld+json\" class=\"yoast-schema-graph\">{\"@context\":\"https:\/\/schema.org\",\"@graph\":[{\"@type\":\"WebPage\",\"@id\":\"https:\/\/taxandlegal-digital-663692.hostingersite.com\/leistungen\/uebertragungs-und-lizenzvertraege\/?lang=en\",\"url\":\"https:\/\/taxandlegal-digital-663692.hostingersite.com\/leistungen\/uebertragungs-und-lizenzvertraege\/?lang=en\",\"name\":\"Transfer and license agreements - Tax &amp; Legal Digital\",\"isPartOf\":{\"@id\":\"https:\/\/taxandlegal-digital-663692.hostingersite.com\/#website\"},\"datePublished\":\"2020-08-04T15:24:48+00:00\",\"dateModified\":\"2023-07-11T10:44:22+00:00\",\"description\":\"Wir unterst\u00fctzen Sie beim Abschluss von \u00dcbertragungs- und Lizenzvertr\u00e4gen, verhandeln Lizenzierungsklauseln und sichern Ihre Interessen.\",\"breadcrumb\":{\"@id\":\"https:\/\/taxandlegal-digital-663692.hostingersite.com\/leistungen\/uebertragungs-und-lizenzvertraege\/?lang=en#breadcrumb\"},\"inLanguage\":\"en-US\",\"potentialAction\":[{\"@type\":\"ReadAction\",\"target\":[\"https:\/\/taxandlegal-digital-663692.hostingersite.com\/leistungen\/uebertragungs-und-lizenzvertraege\/?lang=en\"]}]},{\"@type\":\"BreadcrumbList\",\"@id\":\"https:\/\/taxandlegal-digital-663692.hostingersite.com\/leistungen\/uebertragungs-und-lizenzvertraege\/?lang=en#breadcrumb\",\"itemListElement\":[{\"@type\":\"ListItem\",\"position\":1,\"name\":\"Startseite\",\"item\":\"https:\/\/taxandlegal-digital-663692.hostingersite.com\/en\/startseite\/\"},{\"@type\":\"ListItem\",\"position\":2,\"name\":\"Our services\",\"item\":\"https:\/\/taxandlegal-digital-663692.hostingersite.com\/leistungen\/?lang=en\"},{\"@type\":\"ListItem\",\"position\":3,\"name\":\"Transfer and license agreements\"}]},{\"@type\":\"WebSite\",\"@id\":\"https:\/\/taxandlegal-digital-663692.hostingersite.com\/#website\",\"url\":\"https:\/\/taxandlegal-digital-663692.hostingersite.com\/\",\"name\":\"Tax &amp; Legal Digital\",\"description\":\"Rechts- und Steuerberatung aus einer Hand\",\"potentialAction\":[{\"@type\":\"SearchAction\",\"target\":{\"@type\":\"EntryPoint\",\"urlTemplate\":\"https:\/\/taxandlegal-digital-663692.hostingersite.com\/?s={search_term_string}\"},\"query-input\":{\"@type\":\"PropertyValueSpecification\",\"valueRequired\":true,\"valueName\":\"search_term_string\"}}],\"inLanguage\":\"en-US\"}]}<\/script>\n<!-- \/ Yoast SEO plugin. -->","yoast_head_json":{"title":"Transfer and license agreements - Tax &amp; Legal Digital","description":"Wir unterst\u00fctzen Sie beim Abschluss von \u00dcbertragungs- und Lizenzvertr\u00e4gen, verhandeln Lizenzierungsklauseln und sichern Ihre Interessen.","robots":{"index":"index","follow":"follow","max-snippet":"max-snippet:-1","max-image-preview":"max-image-preview:large","max-video-preview":"max-video-preview:-1"},"canonical":"https:\/\/taxandlegal-digital-663692.hostingersite.com\/leistungen\/uebertragungs-und-lizenzvertraege\/?lang=en","og_locale":"en_US","og_type":"article","og_title":"Transfer and license agreements - Tax &amp; Legal Digital","og_description":"Wir unterst\u00fctzen Sie beim Abschluss von \u00dcbertragungs- und Lizenzvertr\u00e4gen, verhandeln Lizenzierungsklauseln und sichern Ihre Interessen.","og_url":"https:\/\/taxandlegal-digital-663692.hostingersite.com\/leistungen\/uebertragungs-und-lizenzvertraege\/?lang=en","og_site_name":"Tax &amp; Legal Digital","article_modified_time":"2023-07-11T10:44:22+00:00","twitter_card":"summary_large_image","twitter_misc":{"Est. reading time":"1 minute"},"schema":{"@context":"https:\/\/schema.org","@graph":[{"@type":"WebPage","@id":"https:\/\/taxandlegal-digital-663692.hostingersite.com\/leistungen\/uebertragungs-und-lizenzvertraege\/?lang=en","url":"https:\/\/taxandlegal-digital-663692.hostingersite.com\/leistungen\/uebertragungs-und-lizenzvertraege\/?lang=en","name":"Transfer and license agreements - Tax &amp; Legal Digital","isPartOf":{"@id":"https:\/\/taxandlegal-digital-663692.hostingersite.com\/#website"},"datePublished":"2020-08-04T15:24:48+00:00","dateModified":"2023-07-11T10:44:22+00:00","description":"Wir unterst\u00fctzen Sie beim Abschluss von \u00dcbertragungs- und Lizenzvertr\u00e4gen, verhandeln Lizenzierungsklauseln und sichern Ihre Interessen.","breadcrumb":{"@id":"https:\/\/taxandlegal-digital-663692.hostingersite.com\/leistungen\/uebertragungs-und-lizenzvertraege\/?lang=en#breadcrumb"},"inLanguage":"en-US","potentialAction":[{"@type":"ReadAction","target":["https:\/\/taxandlegal-digital-663692.hostingersite.com\/leistungen\/uebertragungs-und-lizenzvertraege\/?lang=en"]}]},{"@type":"BreadcrumbList","@id":"https:\/\/taxandlegal-digital-663692.hostingersite.com\/leistungen\/uebertragungs-und-lizenzvertraege\/?lang=en#breadcrumb","itemListElement":[{"@type":"ListItem","position":1,"name":"Startseite","item":"https:\/\/taxandlegal-digital-663692.hostingersite.com\/en\/startseite\/"},{"@type":"ListItem","position":2,"name":"Our services","item":"https:\/\/taxandlegal-digital-663692.hostingersite.com\/leistungen\/?lang=en"},{"@type":"ListItem","position":3,"name":"Transfer and license agreements"}]},{"@type":"WebSite","@id":"https:\/\/taxandlegal-digital-663692.hostingersite.com\/#website","url":"https:\/\/taxandlegal-digital-663692.hostingersite.com\/","name":"Tax &amp; Legal Digital","description":"Rechts- und Steuerberatung aus einer Hand","potentialAction":[{"@type":"SearchAction","target":{"@type":"EntryPoint","urlTemplate":"https:\/\/taxandlegal-digital-663692.hostingersite.com\/?s={search_term_string}"},"query-input":{"@type":"PropertyValueSpecification","valueRequired":true,"valueName":"search_term_string"}}],"inLanguage":"en-US"}]}},"_links":{"self":[{"href":"https:\/\/taxandlegal.digital\/en\/wp-json\/wp\/v2\/pages\/538","targetHints":{"allow":["GET"]}}],"collection":[{"href":"https:\/\/taxandlegal.digital\/en\/wp-json\/wp\/v2\/pages"}],"about":[{"href":"https:\/\/taxandlegal.digital\/en\/wp-json\/wp\/v2\/types\/page"}],"author":[{"embeddable":true,"href":"https:\/\/taxandlegal.digital\/en\/wp-json\/wp\/v2\/users\/9"}],"replies":[{"embeddable":true,"href":"https:\/\/taxandlegal.digital\/en\/wp-json\/wp\/v2\/comments?post=538"}],"version-history":[{"count":8,"href":"https:\/\/taxandlegal.digital\/en\/wp-json\/wp\/v2\/pages\/538\/revisions"}],"predecessor-version":[{"id":1388,"href":"https:\/\/taxandlegal.digital\/en\/wp-json\/wp\/v2\/pages\/538\/revisions\/1388"}],"up":[{"embeddable":true,"href":"https:\/\/taxandlegal.digital\/en\/wp-json\/wp\/v2\/pages\/797"}],"wp:attachment":[{"href":"https:\/\/taxandlegal.digital\/en\/wp-json\/wp\/v2\/media?parent=538"}],"curies":[{"name":"wp","href":"https:\/\/api.w.org\/{rel}","templated":true}]}}