{"id":556,"date":"2020-08-04T17:24:02","date_gmt":"2020-08-04T15:24:02","guid":{"rendered":"https:\/\/www.tech-summits-legal.de\/gruendungen-und-ausgruendungen\/"},"modified":"2024-08-07T15:38:12","modified_gmt":"2024-08-07T13:38:12","slug":"gruendungen-und-ausgruendungen","status":"publish","type":"page","link":"https:\/\/taxandlegal.digital\/en\/leistungen\/gruendungen-und-ausgruendungen\/","title":{"rendered":"Foundations and spin-offs"},"content":{"rendered":"<p>[vc_row][vc_column width=&#8221;1\/6&#8243;][\/vc_column][vc_column width=&#8221;2\/3&#8243;][vc_column_text]<\/p>\n<h1>Foundations and spin-offs<\/h1>\n<p>The<strong> founding of a company<\/strong> presents a founder with numerous challenges. In addition to implementing the necessary formalities, it is particularly important to set the course in terms of content. Especially if you are founding as a team and have to agree on a <strong>partnership agreement<\/strong> in which the essential framework conditions of the cooperation and the corporate strategy are to be defined.<\/p>\n<p>We support you in founding your company, intensively discuss with you the possibilities of drafting the contract, existing course settings and variations in terms of content.<\/p>\n<p>A particular focus of our advice is the drafting of articles of association for <strong>start-ups and spin-offs in the IT and\/or deep-tech sector.<\/strong><\/p>\n<p>Start-ups, like all companies, need <strong>access to capital<\/strong>. Since classic loan-based financing is out of the question for many start-ups, start-ups pursuing a growth and exit strategy in particular are increasingly taking on investors (business angels, institutional sponsors, corporate venture capital or venture capital).<\/p>\n<p><strong>Financing<\/strong> is usually provided through mezzanine capital (silent partnerships or loans with a conversion option) or through open participation, acquisition of shares and payment of a premium (Agios) to the company.<\/p>\n<p>We help develop the <strong>financing strategy<\/strong>, advise on the investment process and negotiate the contracts, in particular the <strong>investment contracts<\/strong>, for you.<\/p>\n<p>Your contact person is lawyer Tilmann Lahann.<\/p>\n<p>In addition to the corporate law requirements in the course of a start-up, we also help you <strong>optimise your choice of legal form for tax purposes<\/strong>. Particularly in the case of exit-driven companies, a tax assessment of the choice of legal form is advisable.<\/p>\n<p>We will be happy to provide you with <strong>comparative tax calculations<\/strong> that show you the advantages and disadvantages of different legal forms. This includes the ongoing taxation of the company itself, as well as the personal taxation of the shareholders and the taxation in the event of an exit.<\/p>\n<p>Your contact person is tax consultant Markus Kleer.<\/p>\n<p><!-- \/wp:paragraph -->[\/vc_column_text][\/vc_column][vc_column width=&#8221;1\/6&#8243;][\/vc_column][\/vc_row]<\/p>\n","protected":false},"excerpt":{"rendered":"<p>[vc_row][vc_column width=&#8221;1\/6&#8243;][\/vc_column][vc_column width=&#8221;2\/3&#8243;][vc_column_text] Foundations and spin-offs The founding of a company presents a founder with numerous challenges. In addition to [&hellip;]<\/p>\n","protected":false},"author":9,"featured_media":0,"parent":797,"menu_order":10,"comment_status":"closed","ping_status":"closed","template":"","meta":{"footnotes":""},"class_list":["post-556","page","type-page","status-publish","hentry"],"yoast_head":"<!-- This site is optimized with the Yoast SEO plugin v26.7 - https:\/\/yoast.com\/wordpress\/plugins\/seo\/ -->\n<title>Foundations and spin-offs - Tax &amp; Legal Digital<\/title>\n<meta name=\"description\" content=\"Wir unterst\u00fctzen Sie bei der Gr\u00fcndung und Ausgr\u00fcndung Ihres Unternehmens und besprechen mit Ihnen ihre M\u00f6glichkeiten.\" \/>\n<meta name=\"robots\" content=\"index, follow, max-snippet:-1, max-image-preview:large, max-video-preview:-1\" \/>\n<link rel=\"canonical\" href=\"https:\/\/taxandlegal-digital-663692.hostingersite.com\/en\/leistungen\/gruendungen-und-ausgruendungen\/\" \/>\n<meta property=\"og:locale\" content=\"en_US\" \/>\n<meta property=\"og:type\" content=\"article\" \/>\n<meta property=\"og:title\" content=\"Foundations and spin-offs - Tax &amp; Legal Digital\" \/>\n<meta property=\"og:description\" content=\"Wir unterst\u00fctzen Sie bei der Gr\u00fcndung und Ausgr\u00fcndung Ihres Unternehmens und besprechen mit Ihnen ihre M\u00f6glichkeiten.\" \/>\n<meta property=\"og:url\" content=\"https:\/\/taxandlegal-digital-663692.hostingersite.com\/en\/leistungen\/gruendungen-und-ausgruendungen\/\" \/>\n<meta property=\"og:site_name\" content=\"Tax &amp; Legal Digital\" \/>\n<meta property=\"article:modified_time\" content=\"2024-08-07T13:38:12+00:00\" \/>\n<meta name=\"twitter:card\" content=\"summary_large_image\" \/>\n<meta name=\"twitter:label1\" content=\"Est. reading time\" \/>\n\t<meta name=\"twitter:data1\" content=\"2 minutes\" \/>\n<script type=\"application\/ld+json\" class=\"yoast-schema-graph\">{\"@context\":\"https:\/\/schema.org\",\"@graph\":[{\"@type\":\"WebPage\",\"@id\":\"https:\/\/taxandlegal-digital-663692.hostingersite.com\/en\/leistungen\/gruendungen-und-ausgruendungen\/\",\"url\":\"https:\/\/taxandlegal-digital-663692.hostingersite.com\/en\/leistungen\/gruendungen-und-ausgruendungen\/\",\"name\":\"Foundations and spin-offs - Tax &amp; Legal Digital\",\"isPartOf\":{\"@id\":\"https:\/\/taxandlegal-digital-663692.hostingersite.com\/#website\"},\"datePublished\":\"2020-08-04T15:24:02+00:00\",\"dateModified\":\"2024-08-07T13:38:12+00:00\",\"description\":\"Wir unterst\u00fctzen Sie bei der Gr\u00fcndung und Ausgr\u00fcndung Ihres Unternehmens und besprechen mit Ihnen ihre M\u00f6glichkeiten.\",\"breadcrumb\":{\"@id\":\"https:\/\/taxandlegal-digital-663692.hostingersite.com\/en\/leistungen\/gruendungen-und-ausgruendungen\/#breadcrumb\"},\"inLanguage\":\"en-US\",\"potentialAction\":[{\"@type\":\"ReadAction\",\"target\":[\"https:\/\/taxandlegal-digital-663692.hostingersite.com\/en\/leistungen\/gruendungen-und-ausgruendungen\/\"]}]},{\"@type\":\"BreadcrumbList\",\"@id\":\"https:\/\/taxandlegal-digital-663692.hostingersite.com\/en\/leistungen\/gruendungen-und-ausgruendungen\/#breadcrumb\",\"itemListElement\":[{\"@type\":\"ListItem\",\"position\":1,\"name\":\"Startseite\",\"item\":\"https:\/\/taxandlegal-digital-663692.hostingersite.com\/en\/startseite\/\"},{\"@type\":\"ListItem\",\"position\":2,\"name\":\"Our services\",\"item\":\"https:\/\/taxandlegal-digital-663692.hostingersite.com\/leistungen\/?lang=en\"},{\"@type\":\"ListItem\",\"position\":3,\"name\":\"Foundations and spin-offs\"}]},{\"@type\":\"WebSite\",\"@id\":\"https:\/\/taxandlegal-digital-663692.hostingersite.com\/#website\",\"url\":\"https:\/\/taxandlegal-digital-663692.hostingersite.com\/\",\"name\":\"Tax &amp; Legal Digital\",\"description\":\"Rechts- und Steuerberatung aus einer Hand\",\"potentialAction\":[{\"@type\":\"SearchAction\",\"target\":{\"@type\":\"EntryPoint\",\"urlTemplate\":\"https:\/\/taxandlegal-digital-663692.hostingersite.com\/?s={search_term_string}\"},\"query-input\":{\"@type\":\"PropertyValueSpecification\",\"valueRequired\":true,\"valueName\":\"search_term_string\"}}],\"inLanguage\":\"en-US\"}]}<\/script>\n<!-- \/ Yoast SEO plugin. -->","yoast_head_json":{"title":"Foundations and spin-offs - Tax &amp; Legal Digital","description":"Wir unterst\u00fctzen Sie bei der Gr\u00fcndung und Ausgr\u00fcndung Ihres Unternehmens und besprechen mit Ihnen ihre M\u00f6glichkeiten.","robots":{"index":"index","follow":"follow","max-snippet":"max-snippet:-1","max-image-preview":"max-image-preview:large","max-video-preview":"max-video-preview:-1"},"canonical":"https:\/\/taxandlegal-digital-663692.hostingersite.com\/en\/leistungen\/gruendungen-und-ausgruendungen\/","og_locale":"en_US","og_type":"article","og_title":"Foundations and spin-offs - Tax &amp; Legal Digital","og_description":"Wir unterst\u00fctzen Sie bei der Gr\u00fcndung und Ausgr\u00fcndung Ihres Unternehmens und besprechen mit Ihnen ihre M\u00f6glichkeiten.","og_url":"https:\/\/taxandlegal-digital-663692.hostingersite.com\/en\/leistungen\/gruendungen-und-ausgruendungen\/","og_site_name":"Tax &amp; Legal Digital","article_modified_time":"2024-08-07T13:38:12+00:00","twitter_card":"summary_large_image","twitter_misc":{"Est. reading time":"2 minutes"},"schema":{"@context":"https:\/\/schema.org","@graph":[{"@type":"WebPage","@id":"https:\/\/taxandlegal-digital-663692.hostingersite.com\/en\/leistungen\/gruendungen-und-ausgruendungen\/","url":"https:\/\/taxandlegal-digital-663692.hostingersite.com\/en\/leistungen\/gruendungen-und-ausgruendungen\/","name":"Foundations and spin-offs - Tax &amp; Legal Digital","isPartOf":{"@id":"https:\/\/taxandlegal-digital-663692.hostingersite.com\/#website"},"datePublished":"2020-08-04T15:24:02+00:00","dateModified":"2024-08-07T13:38:12+00:00","description":"Wir unterst\u00fctzen Sie bei der Gr\u00fcndung und Ausgr\u00fcndung Ihres Unternehmens und besprechen mit Ihnen ihre M\u00f6glichkeiten.","breadcrumb":{"@id":"https:\/\/taxandlegal-digital-663692.hostingersite.com\/en\/leistungen\/gruendungen-und-ausgruendungen\/#breadcrumb"},"inLanguage":"en-US","potentialAction":[{"@type":"ReadAction","target":["https:\/\/taxandlegal-digital-663692.hostingersite.com\/en\/leistungen\/gruendungen-und-ausgruendungen\/"]}]},{"@type":"BreadcrumbList","@id":"https:\/\/taxandlegal-digital-663692.hostingersite.com\/en\/leistungen\/gruendungen-und-ausgruendungen\/#breadcrumb","itemListElement":[{"@type":"ListItem","position":1,"name":"Startseite","item":"https:\/\/taxandlegal-digital-663692.hostingersite.com\/en\/startseite\/"},{"@type":"ListItem","position":2,"name":"Our services","item":"https:\/\/taxandlegal-digital-663692.hostingersite.com\/leistungen\/?lang=en"},{"@type":"ListItem","position":3,"name":"Foundations and spin-offs"}]},{"@type":"WebSite","@id":"https:\/\/taxandlegal-digital-663692.hostingersite.com\/#website","url":"https:\/\/taxandlegal-digital-663692.hostingersite.com\/","name":"Tax &amp; Legal Digital","description":"Rechts- und Steuerberatung aus einer Hand","potentialAction":[{"@type":"SearchAction","target":{"@type":"EntryPoint","urlTemplate":"https:\/\/taxandlegal-digital-663692.hostingersite.com\/?s={search_term_string}"},"query-input":{"@type":"PropertyValueSpecification","valueRequired":true,"valueName":"search_term_string"}}],"inLanguage":"en-US"}]}},"_links":{"self":[{"href":"https:\/\/taxandlegal.digital\/en\/wp-json\/wp\/v2\/pages\/556","targetHints":{"allow":["GET"]}}],"collection":[{"href":"https:\/\/taxandlegal.digital\/en\/wp-json\/wp\/v2\/pages"}],"about":[{"href":"https:\/\/taxandlegal.digital\/en\/wp-json\/wp\/v2\/types\/page"}],"author":[{"embeddable":true,"href":"https:\/\/taxandlegal.digital\/en\/wp-json\/wp\/v2\/users\/9"}],"replies":[{"embeddable":true,"href":"https:\/\/taxandlegal.digital\/en\/wp-json\/wp\/v2\/comments?post=556"}],"version-history":[{"count":7,"href":"https:\/\/taxandlegal.digital\/en\/wp-json\/wp\/v2\/pages\/556\/revisions"}],"predecessor-version":[{"id":1558,"href":"https:\/\/taxandlegal.digital\/en\/wp-json\/wp\/v2\/pages\/556\/revisions\/1558"}],"up":[{"embeddable":true,"href":"https:\/\/taxandlegal.digital\/en\/wp-json\/wp\/v2\/pages\/797"}],"wp:attachment":[{"href":"https:\/\/taxandlegal.digital\/en\/wp-json\/wp\/v2\/media?parent=556"}],"curies":[{"name":"wp","href":"https:\/\/api.w.org\/{rel}","templated":true}]}}