{"id":1121,"date":"2021-09-22T12:50:58","date_gmt":"2021-09-22T10:50:58","guid":{"rendered":"https:\/\/www.tech-summits-legal.de\/mentiones-legales\/"},"modified":"2024-08-07T15:19:42","modified_gmt":"2024-08-07T13:19:42","slug":"mentiones-legales","status":"publish","type":"page","link":"https:\/\/taxandlegal.digital\/fr\/mentiones-legales\/","title":{"rendered":"Mentiones l\u00e9gales"},"content":{"rendered":"<p>[vc_row][vc_column width=&#8221;1\/4&#8243;][\/vc_column][vc_column width=&#8221;1\/2&#8243;][vc_column_text]<\/p>\n<h1>Mentiones l\u00e9gales<\/h1>\n<p><strong>Exploitant du site au sens du \u00a7 5 TMG<\/strong><br \/>\nLahann, Pikolleck &amp; Partner, Rechtsanw\u00e4lte, Steuerberater PartG<br \/>\nBeethovenstr. 13<br \/>\n66111 Saarbr\u00fccken<br \/>\nAllemagne<br \/>\nT\u00e9l\u00e9phone : +49 681 37932 &#8211; 0<br \/>\nT\u00e9l\u00e9copieur : +49 681 31098<br \/>\nCourrier \u00e9lectronique : <a href=\"mailto:info@taxandlegal.digital\">info@taxandlegal.digital<\/a><\/p>\n<p>Num\u00e9ro d&#8217;identification de la taxe sur le chiffre d&#8217;affaires : DE363524489<br \/>\nTribunal d&#8217;enregistrement : AG Saarbr\u00fccken<br \/>\nNum\u00e9ro d&#8217;enregistrement de partenariat : PR 223<\/p>\n<p>Responsable de la r\u00e9daction conform\u00e9ment au \u00a7 18 alin\u00e9a 2 du trait\u00e9 d&#8217;\u00c9tat sur la modernisation de l&#8217;ordre des m\u00e9dias en Allemagne (MStV) :<br \/>\nMa\u00eetre Tilmann Lahann, avocat, Beethovenstra\u00dfe 13, 66111 Saarbr\u00fccken<\/p>\n<p><strong>Forme juridique et autorisation d&#8217;exercer<\/strong><br \/>\nLes avocats et avocates travaillant dans le cabinet sont autoris\u00e9s \u00e0 exercer selon le droit de la R\u00e9publique f\u00e9d\u00e9rale d&#8217;Allemagne et sont membres du Barreau de la Sarre, Am Schlossberg 5, 66119 Saarbr\u00fccken, <a href=\"mailto:zentrale@rechtsanwaltskammer.saarland\">zentrale@rechtsanwaltskammer.saarland<\/a>. La d\u00e9signation professionnelle l\u00e9gale des avocats admis en Allemagne est &#8220;Rechtsanwalt&#8221; ou &#8220;Rechtsanw\u00e4ltin&#8221;.<\/p>\n<p>La d\u00e9signation professionnelle l\u00e9gale &#8220;conseiller fiscal&#8221; a \u00e9t\u00e9 attribu\u00e9e en R\u00e9publique f\u00e9d\u00e9rale d&#8217;Allemagne. Les conseillers fiscaux du cabinet Lahann, Pikolleck &amp; Partner sont membres de la Chambre des conseillers fiscaux de la Sarre, Am Kieselhumes 15, 66123 Saarbr\u00fccken.<\/p>\n<p>Associ\u00e9s autoris\u00e9s \u00e0 repr\u00e9senter la soci\u00e9t\u00e9 :<br \/>\nAlt, Kerstin, avocate<br \/>\nKleer, Markus, conseiller fiscal<br \/>\nK\u00f6nig, Elina, avocate<br \/>\nLahann, Tilmann, avocat<br \/>\nMayer-Helmstetter, Lisa, avocate<br \/>\nPikolleck, Oliver, avocat<\/p>\n<p><strong>R\u00e9glementation professionnelle<\/strong><br \/>\n<strong>Les r\u00e9glementations suivantes s&#8217;appliquent aux avocats :<\/strong><br \/>\nCode f\u00e9d\u00e9ral du barreau &#8211; BRAO<br \/>\nCode de d\u00e9ontologie des avocats &#8211; BORA<br \/>\nR\u00e8glement des avocats sp\u00e9cialis\u00e9s &#8211; FAO<br \/>\nLoi sur la r\u00e9mun\u00e9ration des avocats &#8211; RVG<br \/>\nR\u00e8gles professionnelles des avocats de la Communaut\u00e9 europ\u00e9enne &#8211; CCBE<br \/>\nLes r\u00e8gles professionnelles applicables aux avocats se trouvent sur la page d&#8217;accueil du Bundesrechtsanwaltskammer (BRAK) sous : <a href=\"http:\/\/www.brak.de\">www.brak.de<\/a><\/p>\n<p><strong>Les r\u00e8gles suivantes s&#8217;appliquent aux conseillers fiscaux :<\/strong><br \/>\nLa profession de conseiller fiscal est soumise pour l&#8217;essentiel aux r\u00e9glementations professionnelles suivantes :<br \/>\na) Loi sur le conseil fiscal (StBerG),<br \/>\nb) Ordonnances d&#8217;application de la loi sur le conseil fiscal (DVStB),<br \/>\nc) l&#8217;ordonnance professionnelle (BOStB),<br \/>\nd) l&#8217;ordonnance sur la r\u00e9mun\u00e9ration des conseillers fiscaux (StBVV).<br \/>\nLes textes de loi actuels peuvent \u00eatre consult\u00e9s sur les pages Internet de la Chambre f\u00e9d\u00e9rale des conseillers fiscaux \u00e0 l&#8217;adresse <a href=\"http:\/\/www.bstbk.de\">www.bstbk.de<\/a>. Sous le point de menu &#8220;Infomaterial&#8221;, les r\u00e9glementations professionnelles peuvent \u00eatre consult\u00e9es dans leur version actuelle.<br \/>\nLes r\u00e9glementations professionnelles peuvent \u00eatre consult\u00e9es aupr\u00e8s de la chambre des conseillers fiscaux comp\u00e9tente de la Sarre (<a href=\"http:\/\/www.stbk-saarland.de\">www.stbk-saarland.de<\/a>) sous l&#8217;option de menu : Votre conseiller fiscal -&gt; sous-option Droit professionnel.<\/p>\n<p><strong>Assurance responsabilit\u00e9 civile professionnelle<\/strong><br \/>\nLe partenariat et tous les associ\u00e9s du cabinet Lahann, Pikolleck &amp; Partner sont assur\u00e9s en responsabilit\u00e9 civile professionnelle aupr\u00e8s de Allianz Versicherungs-AG, K\u00f6niginstr. 28, 80802 Munich.<\/p>\n<p>Le champ d&#8217;application s&#8217;\u00e9tend \u00e0 l&#8217;ensemble du territoire de l&#8217;UE et des \u00c9tats de l&#8217;accord sur l&#8217;Espace \u00e9conomique europ\u00e9en.<\/p>\n<p><strong>La couverture d&#8217;assurance r\u00e9pond aux exigences suivantes :<\/strong><br \/>\n&#8211; \u00a7 67 de la loi sur le conseil fiscal (StBerG), \u00a7\u00a7 51 et suiv. Verordnung zur Durchf\u00fchrung der Vorschriften \u00fcber Steuerberater, Steuerbevollm\u00e4chtigte und Steuerberatungsgesellschaften (r\u00e8glement d&#8217;application des dispositions relatives aux conseillers fiscaux, aux agents fiscaux et aux soci\u00e9t\u00e9s de conseil fiscal).<br \/>\n&#8211; \u00a7 51 de la loi f\u00e9d\u00e9rale sur les avocats (BRAO).<\/p>\n<p><strong>R\u00e8glement extrajudiciaire des litiges<\/strong><br \/>\nEn cas de litige entre un conseiller fiscal et son client, il est possible, sur demande, de recourir \u00e0 un r\u00e8glement extrajudiciaire des litiges aupr\u00e8s de la chambre r\u00e9gionale des conseillers fiscaux (Chambre des conseillers fiscaux de la Sarre, Am Kieselhumes 15, 66123 Saarbr\u00fccken (\u00a7 76 alin\u00e9a 2 num\u00e9ro 3 StBerG)).<\/p>\n<p>Depuis des d\u00e9cennies, les chambres des conseillers fiscaux m\u00e8nent avec succ\u00e8s des proc\u00e9dures de m\u00e9diation entre les conseillers fiscaux et leurs clients. Nous sommes derri\u00e8re cela. Nous ne sommes ni pr\u00eats ni oblig\u00e9s de participer \u00e0 une proc\u00e9dure de r\u00e8glement des litiges devant un organisme de conciliation des consommateurs.<\/p>\n<p><strong>Informations sur le r\u00e8glement en ligne des litiges :<\/strong><br \/>\nLa Commission europ\u00e9enne met \u00e0 disposition une plateforme de r\u00e8glement en ligne des litiges (RLL). Vous trouverez cette plateforme sur le lien suivant : <a href=\"http:\/\/ec.europa.eu\/consumers\/odr\/\">http:\/\/ec.europa.eu\/consumers\/odr\/<\/a>. Les consommateurs peuvent utiliser cette plate-forme pour r\u00e9gler leurs litiges d\u00e9coulant de contrats en ligne, dans la mesure o\u00f9 le fournisseur concern\u00e9 participe \u00e0 la proc\u00e9dure de r\u00e8glement des litiges de l&#8217;organisme de r\u00e8glement des litiges en ligne.<\/p>\n<p><strong>Information selon le \u00a7 36 de la VSBG :<\/strong><br \/>\nNous ne participons pas \u00e0 des proc\u00e9dures alternatives de r\u00e8glement des litiges, y compris \u00e0 la proc\u00e9dure susmentionn\u00e9e au moyen de l&#8217;organisme de conciliation en ligne dont le lien figure ci-dessus. L&#8217;utilisation de l&#8217;organisme de conciliation en ligne ne constitue pas une condition pr\u00e9alable obligatoire \u00e0 la saisine des tribunaux ordinaires comp\u00e9tents.<\/p>\n<p><strong>Conception et d\u00e9veloppement<\/strong><\/p>\n<p>Made with \u2764 in Berlin by\u00a0<a href=\"https:\/\/digitale-trends.com\/\">D_TRE<\/a>.[\/vc_column_text][\/vc_column][vc_column width=&#8221;1\/4&#8243;][\/vc_column][\/vc_row]<\/p>\n","protected":false},"excerpt":{"rendered":"<p>[vc_row][vc_column width=&#8221;1\/4&#8243;][\/vc_column][vc_column width=&#8221;1\/2&#8243;][vc_column_text] Mentiones l\u00e9gales Exploitant du site au sens du \u00a7 5 TMG Lahann, Pikolleck &amp; Partner, Rechtsanw\u00e4lte, Steuerberater [&hellip;]<\/p>\n","protected":false},"author":9,"featured_media":0,"parent":0,"menu_order":5,"comment_status":"closed","ping_status":"closed","template":"","meta":{"footnotes":""},"class_list":["post-1121","page","type-page","status-publish","hentry"],"yoast_head":"<!-- This site is optimized with the Yoast SEO plugin v26.7 - https:\/\/yoast.com\/wordpress\/plugins\/seo\/ -->\n<title>Mentiones l\u00e9gales - Tech Summits Legal<\/title>\n<meta name=\"robots\" content=\"index, follow, max-snippet:-1, max-image-preview:large, max-video-preview:-1\" \/>\n<link rel=\"canonical\" href=\"https:\/\/taxandlegal-digital-663692.hostingersite.com\/fr\/mentiones-legales\/\" \/>\n<meta property=\"og:locale\" content=\"fr_FR\" \/>\n<meta property=\"og:type\" content=\"article\" \/>\n<meta property=\"og:title\" content=\"Mentiones l\u00e9gales - Tech Summits Legal\" \/>\n<meta property=\"og:description\" content=\"[vc_row][vc_column width=&#8221;1\/4&#8243;][\/vc_column][vc_column width=&#8221;1\/2&#8243;][vc_column_text] Mentiones l\u00e9gales Exploitant du site au sens du \u00a7 5 TMG Lahann, Pikolleck &amp; Partner, Rechtsanw\u00e4lte, Steuerberater [&hellip;]\" \/>\n<meta property=\"og:url\" content=\"https:\/\/taxandlegal-digital-663692.hostingersite.com\/fr\/mentiones-legales\/\" \/>\n<meta property=\"og:site_name\" content=\"Tech Summits Legal\" \/>\n<meta property=\"article:modified_time\" content=\"2024-08-07T13:19:42+00:00\" \/>\n<meta name=\"twitter:card\" content=\"summary_large_image\" \/>\n<meta name=\"twitter:label1\" content=\"Est. reading time\" \/>\n\t<meta name=\"twitter:data1\" content=\"5 minutes\" \/>\n<script type=\"application\/ld+json\" class=\"yoast-schema-graph\">{\"@context\":\"https:\/\/schema.org\",\"@graph\":[{\"@type\":\"WebPage\",\"@id\":\"https:\/\/taxandlegal-digital-663692.hostingersite.com\/fr\/mentiones-legales\/\",\"url\":\"https:\/\/taxandlegal-digital-663692.hostingersite.com\/fr\/mentiones-legales\/\",\"name\":\"Mentiones l\u00e9gales - Tech Summits Legal\",\"isPartOf\":{\"@id\":\"https:\/\/taxandlegal-digital-663692.hostingersite.com\/#website\"},\"datePublished\":\"2021-09-22T10:50:58+00:00\",\"dateModified\":\"2024-08-07T13:19:42+00:00\",\"breadcrumb\":{\"@id\":\"https:\/\/taxandlegal-digital-663692.hostingersite.com\/fr\/mentiones-legales\/#breadcrumb\"},\"inLanguage\":\"fr-FR\",\"potentialAction\":[{\"@type\":\"ReadAction\",\"target\":[\"https:\/\/taxandlegal-digital-663692.hostingersite.com\/fr\/mentiones-legales\/\"]}]},{\"@type\":\"BreadcrumbList\",\"@id\":\"https:\/\/taxandlegal-digital-663692.hostingersite.com\/fr\/mentiones-legales\/#breadcrumb\",\"itemListElement\":[{\"@type\":\"ListItem\",\"position\":1,\"name\":\"Startseite\",\"item\":\"https:\/\/taxandlegal-digital-663692.hostingersite.com\/fr\/startseite\/\"},{\"@type\":\"ListItem\",\"position\":2,\"name\":\"Mentiones l\u00e9gales\"}]},{\"@type\":\"WebSite\",\"@id\":\"https:\/\/taxandlegal-digital-663692.hostingersite.com\/#website\",\"url\":\"https:\/\/taxandlegal-digital-663692.hostingersite.com\/\",\"name\":\"Tech Summits Legal\",\"description\":\"Rechts- und Steuerberatung aus einer Hand\",\"potentialAction\":[{\"@type\":\"SearchAction\",\"target\":{\"@type\":\"EntryPoint\",\"urlTemplate\":\"https:\/\/taxandlegal-digital-663692.hostingersite.com\/?s={search_term_string}\"},\"query-input\":{\"@type\":\"PropertyValueSpecification\",\"valueRequired\":true,\"valueName\":\"search_term_string\"}}],\"inLanguage\":\"fr-FR\"}]}<\/script>\n<!-- \/ Yoast SEO plugin. -->","yoast_head_json":{"title":"Mentiones l\u00e9gales - Tech Summits Legal","robots":{"index":"index","follow":"follow","max-snippet":"max-snippet:-1","max-image-preview":"max-image-preview:large","max-video-preview":"max-video-preview:-1"},"canonical":"https:\/\/taxandlegal-digital-663692.hostingersite.com\/fr\/mentiones-legales\/","og_locale":"fr_FR","og_type":"article","og_title":"Mentiones l\u00e9gales - Tech Summits Legal","og_description":"[vc_row][vc_column width=&#8221;1\/4&#8243;][\/vc_column][vc_column width=&#8221;1\/2&#8243;][vc_column_text] Mentiones l\u00e9gales Exploitant du site au sens du \u00a7 5 TMG Lahann, Pikolleck &amp; Partner, Rechtsanw\u00e4lte, Steuerberater [&hellip;]","og_url":"https:\/\/taxandlegal-digital-663692.hostingersite.com\/fr\/mentiones-legales\/","og_site_name":"Tech Summits Legal","article_modified_time":"2024-08-07T13:19:42+00:00","twitter_card":"summary_large_image","twitter_misc":{"Est. reading time":"5 minutes"},"schema":{"@context":"https:\/\/schema.org","@graph":[{"@type":"WebPage","@id":"https:\/\/taxandlegal-digital-663692.hostingersite.com\/fr\/mentiones-legales\/","url":"https:\/\/taxandlegal-digital-663692.hostingersite.com\/fr\/mentiones-legales\/","name":"Mentiones l\u00e9gales - Tech Summits Legal","isPartOf":{"@id":"https:\/\/taxandlegal-digital-663692.hostingersite.com\/#website"},"datePublished":"2021-09-22T10:50:58+00:00","dateModified":"2024-08-07T13:19:42+00:00","breadcrumb":{"@id":"https:\/\/taxandlegal-digital-663692.hostingersite.com\/fr\/mentiones-legales\/#breadcrumb"},"inLanguage":"fr-FR","potentialAction":[{"@type":"ReadAction","target":["https:\/\/taxandlegal-digital-663692.hostingersite.com\/fr\/mentiones-legales\/"]}]},{"@type":"BreadcrumbList","@id":"https:\/\/taxandlegal-digital-663692.hostingersite.com\/fr\/mentiones-legales\/#breadcrumb","itemListElement":[{"@type":"ListItem","position":1,"name":"Startseite","item":"https:\/\/taxandlegal-digital-663692.hostingersite.com\/fr\/startseite\/"},{"@type":"ListItem","position":2,"name":"Mentiones l\u00e9gales"}]},{"@type":"WebSite","@id":"https:\/\/taxandlegal-digital-663692.hostingersite.com\/#website","url":"https:\/\/taxandlegal-digital-663692.hostingersite.com\/","name":"Tech Summits Legal","description":"Rechts- und Steuerberatung aus einer Hand","potentialAction":[{"@type":"SearchAction","target":{"@type":"EntryPoint","urlTemplate":"https:\/\/taxandlegal-digital-663692.hostingersite.com\/?s={search_term_string}"},"query-input":{"@type":"PropertyValueSpecification","valueRequired":true,"valueName":"search_term_string"}}],"inLanguage":"fr-FR"}]}},"_links":{"self":[{"href":"https:\/\/taxandlegal.digital\/fr\/wp-json\/wp\/v2\/pages\/1121","targetHints":{"allow":["GET"]}}],"collection":[{"href":"https:\/\/taxandlegal.digital\/fr\/wp-json\/wp\/v2\/pages"}],"about":[{"href":"https:\/\/taxandlegal.digital\/fr\/wp-json\/wp\/v2\/types\/page"}],"author":[{"embeddable":true,"href":"https:\/\/taxandlegal.digital\/fr\/wp-json\/wp\/v2\/users\/9"}],"replies":[{"embeddable":true,"href":"https:\/\/taxandlegal.digital\/fr\/wp-json\/wp\/v2\/comments?post=1121"}],"version-history":[{"count":14,"href":"https:\/\/taxandlegal.digital\/fr\/wp-json\/wp\/v2\/pages\/1121\/revisions"}],"predecessor-version":[{"id":1556,"href":"https:\/\/taxandlegal.digital\/fr\/wp-json\/wp\/v2\/pages\/1121\/revisions\/1556"}],"wp:attachment":[{"href":"https:\/\/taxandlegal.digital\/fr\/wp-json\/wp\/v2\/media?parent=1121"}],"curies":[{"name":"wp","href":"https:\/\/api.w.org\/{rel}","templated":true}]}}