{"id":1140,"date":"2021-09-22T13:58:11","date_gmt":"2021-09-22T11:58:11","guid":{"rendered":"https:\/\/www.tech-summits-legal.de\/?page_id=1140"},"modified":"2022-06-24T14:18:20","modified_gmt":"2022-06-24T12:18:20","slug":"la-numerisation","status":"publish","type":"page","link":"https:\/\/taxandlegal.digital\/fr\/la-numerisation\/","title":{"rendered":"La num\u00e9risation"},"content":{"rendered":"<p>[vc_row][vc_column][vc_column_text]<\/p>\n<h2 class=\"wp-block-heading\">La num\u00e9risation<\/h2>\n\n\n<p>La num\u00e9risation joue un r\u00f4le essentiel dans notre travail. D&#8217;une part, nous accompagnons les projets de num\u00e9risation de nos clients en les conseillant sur le plan contractuel. En m\u00eame temps, nous voulons aussi profiter des avantages de la num\u00e9risation dans notre propre travail.<\/p>\n<h2>Cela signifie pour nous:<\/h2>\n<p>Nos processus de travail sont numeris\u00e9s. La communication avec nos clients s&#8217;effectue par le biais de vid\u00e9oconf\u00e9rences et de conf\u00e9rences t\u00e9l\u00e9phoniques, par courrier \u00e9lectronique ou, en option, de mani\u00e8re enti\u00e8rement crypt\u00e9e via notre cloud. Cela nous permet de r\u00e9unir les partenaires de notre r\u00e9seau sur les diff\u00e9rents sites de mani\u00e8re flexible et efficace pour un traitement optimal de vos demandes.<\/p>\n<p>Comme outil de conf\u00e9rence, nous utilisons Cisco Webex, Zoom ou un autre outil de conf\u00e9rence de votre choix.<\/p>\n<p>D\u00e9sormais, nous proposons \u00e9galement nos s\u00e9ances de coaching et nos s\u00e9minaires sous forme digitale \u00e0 grande \u00e9chelle.<\/p>\n<p>La s\u00e9curit\u00e9 et la protection des donn\u00e9es sont des priorit\u00e9s absolues pour nous.<\/p>\n<p>Mais bien s\u00fbr, nous sommes aussi heureux de vous rencontrer! Pour certaines choses, il faut encore s&#8217;asseoir face \u00e0 face dans la vie r\u00e9elle.<\/p>\n<p>\u00a0<\/p>\n<p>[\/vc_column_text][\/vc_column][\/vc_row]<\/p>\n","protected":false},"excerpt":{"rendered":"<p>[vc_row][vc_column][vc_column_text] La num\u00e9risation La num\u00e9risation joue un r\u00f4le essentiel dans notre travail. D&#8217;une part, nous accompagnons les projets de num\u00e9risation [&hellip;]<\/p>\n","protected":false},"author":2,"featured_media":0,"parent":0,"menu_order":2,"comment_status":"closed","ping_status":"closed","template":"","meta":{"footnotes":""},"class_list":["post-1140","page","type-page","status-publish","hentry"],"yoast_head":"<!-- This site is optimized with the Yoast SEO plugin v26.7 - https:\/\/yoast.com\/wordpress\/plugins\/seo\/ -->\n<title>La num\u00e9risation - Tech Summits Legal<\/title>\n<meta name=\"robots\" content=\"index, follow, max-snippet:-1, max-image-preview:large, max-video-preview:-1\" \/>\n<link rel=\"canonical\" href=\"https:\/\/taxandlegal-digital-663692.hostingersite.com\/la-numerisation\/?lang=fr\" \/>\n<meta property=\"og:locale\" content=\"fr_FR\" \/>\n<meta property=\"og:type\" content=\"article\" \/>\n<meta property=\"og:title\" content=\"La num\u00e9risation - Tech Summits Legal\" \/>\n<meta property=\"og:description\" content=\"[vc_row][vc_column][vc_column_text] La num\u00e9risation La num\u00e9risation joue un r\u00f4le essentiel dans notre travail. D&#8217;une part, nous accompagnons les projets de num\u00e9risation [&hellip;]\" \/>\n<meta property=\"og:url\" content=\"https:\/\/taxandlegal-digital-663692.hostingersite.com\/la-numerisation\/?lang=fr\" \/>\n<meta property=\"og:site_name\" content=\"Tech Summits Legal\" \/>\n<meta property=\"article:modified_time\" content=\"2022-06-24T12:18:20+00:00\" \/>\n<meta name=\"twitter:card\" content=\"summary_large_image\" \/>\n<meta name=\"twitter:label1\" content=\"Est. reading time\" \/>\n\t<meta name=\"twitter:data1\" content=\"1 minute\" \/>\n<script type=\"application\/ld+json\" class=\"yoast-schema-graph\">{\"@context\":\"https:\/\/schema.org\",\"@graph\":[{\"@type\":\"WebPage\",\"@id\":\"https:\/\/taxandlegal-digital-663692.hostingersite.com\/la-numerisation\/?lang=fr\",\"url\":\"https:\/\/taxandlegal-digital-663692.hostingersite.com\/la-numerisation\/?lang=fr\",\"name\":\"La num\u00e9risation - Tech Summits Legal\",\"isPartOf\":{\"@id\":\"https:\/\/taxandlegal-digital-663692.hostingersite.com\/#website\"},\"datePublished\":\"2021-09-22T11:58:11+00:00\",\"dateModified\":\"2022-06-24T12:18:20+00:00\",\"breadcrumb\":{\"@id\":\"https:\/\/taxandlegal-digital-663692.hostingersite.com\/la-numerisation\/?lang=fr#breadcrumb\"},\"inLanguage\":\"fr-FR\",\"potentialAction\":[{\"@type\":\"ReadAction\",\"target\":[\"https:\/\/taxandlegal-digital-663692.hostingersite.com\/la-numerisation\/?lang=fr\"]}]},{\"@type\":\"BreadcrumbList\",\"@id\":\"https:\/\/taxandlegal-digital-663692.hostingersite.com\/la-numerisation\/?lang=fr#breadcrumb\",\"itemListElement\":[{\"@type\":\"ListItem\",\"position\":1,\"name\":\"Startseite\",\"item\":\"https:\/\/taxandlegal-digital-663692.hostingersite.com\/fr\/startseite\/\"},{\"@type\":\"ListItem\",\"position\":2,\"name\":\"La num\u00e9risation\"}]},{\"@type\":\"WebSite\",\"@id\":\"https:\/\/taxandlegal-digital-663692.hostingersite.com\/#website\",\"url\":\"https:\/\/taxandlegal-digital-663692.hostingersite.com\/\",\"name\":\"Tech Summits Legal\",\"description\":\"Rechts- und Steuerberatung aus einer Hand\",\"potentialAction\":[{\"@type\":\"SearchAction\",\"target\":{\"@type\":\"EntryPoint\",\"urlTemplate\":\"https:\/\/taxandlegal-digital-663692.hostingersite.com\/?s={search_term_string}\"},\"query-input\":{\"@type\":\"PropertyValueSpecification\",\"valueRequired\":true,\"valueName\":\"search_term_string\"}}],\"inLanguage\":\"fr-FR\"}]}<\/script>\n<!-- \/ Yoast SEO plugin. -->","yoast_head_json":{"title":"La num\u00e9risation - Tech Summits Legal","robots":{"index":"index","follow":"follow","max-snippet":"max-snippet:-1","max-image-preview":"max-image-preview:large","max-video-preview":"max-video-preview:-1"},"canonical":"https:\/\/taxandlegal-digital-663692.hostingersite.com\/la-numerisation\/?lang=fr","og_locale":"fr_FR","og_type":"article","og_title":"La num\u00e9risation - Tech Summits Legal","og_description":"[vc_row][vc_column][vc_column_text] La num\u00e9risation La num\u00e9risation joue un r\u00f4le essentiel dans notre travail. D&#8217;une part, nous accompagnons les projets de num\u00e9risation [&hellip;]","og_url":"https:\/\/taxandlegal-digital-663692.hostingersite.com\/la-numerisation\/?lang=fr","og_site_name":"Tech Summits Legal","article_modified_time":"2022-06-24T12:18:20+00:00","twitter_card":"summary_large_image","twitter_misc":{"Est. reading time":"1 minute"},"schema":{"@context":"https:\/\/schema.org","@graph":[{"@type":"WebPage","@id":"https:\/\/taxandlegal-digital-663692.hostingersite.com\/la-numerisation\/?lang=fr","url":"https:\/\/taxandlegal-digital-663692.hostingersite.com\/la-numerisation\/?lang=fr","name":"La num\u00e9risation - Tech Summits Legal","isPartOf":{"@id":"https:\/\/taxandlegal-digital-663692.hostingersite.com\/#website"},"datePublished":"2021-09-22T11:58:11+00:00","dateModified":"2022-06-24T12:18:20+00:00","breadcrumb":{"@id":"https:\/\/taxandlegal-digital-663692.hostingersite.com\/la-numerisation\/?lang=fr#breadcrumb"},"inLanguage":"fr-FR","potentialAction":[{"@type":"ReadAction","target":["https:\/\/taxandlegal-digital-663692.hostingersite.com\/la-numerisation\/?lang=fr"]}]},{"@type":"BreadcrumbList","@id":"https:\/\/taxandlegal-digital-663692.hostingersite.com\/la-numerisation\/?lang=fr#breadcrumb","itemListElement":[{"@type":"ListItem","position":1,"name":"Startseite","item":"https:\/\/taxandlegal-digital-663692.hostingersite.com\/fr\/startseite\/"},{"@type":"ListItem","position":2,"name":"La num\u00e9risation"}]},{"@type":"WebSite","@id":"https:\/\/taxandlegal-digital-663692.hostingersite.com\/#website","url":"https:\/\/taxandlegal-digital-663692.hostingersite.com\/","name":"Tech Summits Legal","description":"Rechts- und Steuerberatung aus einer Hand","potentialAction":[{"@type":"SearchAction","target":{"@type":"EntryPoint","urlTemplate":"https:\/\/taxandlegal-digital-663692.hostingersite.com\/?s={search_term_string}"},"query-input":{"@type":"PropertyValueSpecification","valueRequired":true,"valueName":"search_term_string"}}],"inLanguage":"fr-FR"}]}},"_links":{"self":[{"href":"https:\/\/taxandlegal.digital\/fr\/wp-json\/wp\/v2\/pages\/1140","targetHints":{"allow":["GET"]}}],"collection":[{"href":"https:\/\/taxandlegal.digital\/fr\/wp-json\/wp\/v2\/pages"}],"about":[{"href":"https:\/\/taxandlegal.digital\/fr\/wp-json\/wp\/v2\/types\/page"}],"author":[{"embeddable":true,"href":"https:\/\/taxandlegal.digital\/fr\/wp-json\/wp\/v2\/users\/2"}],"replies":[{"embeddable":true,"href":"https:\/\/taxandlegal.digital\/fr\/wp-json\/wp\/v2\/comments?post=1140"}],"version-history":[{"count":7,"href":"https:\/\/taxandlegal.digital\/fr\/wp-json\/wp\/v2\/pages\/1140\/revisions"}],"predecessor-version":[{"id":1298,"href":"https:\/\/taxandlegal.digital\/fr\/wp-json\/wp\/v2\/pages\/1140\/revisions\/1298"}],"wp:attachment":[{"href":"https:\/\/taxandlegal.digital\/fr\/wp-json\/wp\/v2\/media?parent=1140"}],"curies":[{"name":"wp","href":"https:\/\/api.w.org\/{rel}","templated":true}]}}