{"id":539,"date":"2020-08-04T17:24:48","date_gmt":"2020-08-04T15:24:48","guid":{"rendered":"https:\/\/www.tech-summits-legal.de\/uebertragungs-und-lizenzvertraege\/"},"modified":"2023-07-11T12:39:05","modified_gmt":"2023-07-11T10:39:05","slug":"uebertragungs-und-lizenzvertraege","status":"publish","type":"page","link":"https:\/\/taxandlegal.digital\/fr\/leistungen\/uebertragungs-und-lizenzvertraege\/","title":{"rendered":"Accords de transfert et de licence"},"content":{"rendered":"<p>[vc_row][vc_column width=&#8221;1\/6&#8243;][\/vc_column][vc_column width=&#8221;2\/3&#8243;][vc_column_text]<\/p>\n<h1>Accords de transfert et de licence<\/h1>\n<p><strong>Le transfert de technologie<\/strong> repose sur la transmission de droit de la propri\u00e9t\u00e9 intellectuelle ou sur la concession de droits d\u2019utilisation en concluant des contrats de licence sur le savoir-faire, les droits d\u2019auteur, les demandes de brevet ou d\u2019autres droits de la propri\u00e9t\u00e9 intellectuelle.<\/p>\n<p>Nous vous soutenons lors de la conclusion <strong>d\u2019accords de transfert et de licence<\/strong>, n\u00e9gocions les clauses de licence, garantissons vos int\u00e9r\u00eats en cas de litige sur l\u2019ex\u00e9cution des obligations contractuelles, de r\u00e9siliation du contrat ou d\u2019insolvabilit\u00e9 de l\u2019une des parties contractantes.<\/p>\n<p>Votre contact est l\u2019avocat Tilmann Lahann.<\/p>\n<p><!-- \/wp:paragraph -->[\/vc_column_text][\/vc_column][vc_column width=&#8221;1\/6&#8243;][\/vc_column][\/vc_row]<\/p>\n","protected":false},"excerpt":{"rendered":"<p>[vc_row][vc_column width=&#8221;1\/6&#8243;][\/vc_column][vc_column width=&#8221;2\/3&#8243;][vc_column_text] Accords de transfert et de licence Le transfert de technologie repose sur la transmission de droit de [&hellip;]<\/p>\n","protected":false},"author":9,"featured_media":0,"parent":798,"menu_order":8,"comment_status":"closed","ping_status":"closed","template":"","meta":{"footnotes":""},"class_list":["post-539","page","type-page","status-publish","hentry"],"yoast_head":"<!-- This site is optimized with the Yoast SEO plugin v26.7 - https:\/\/yoast.com\/wordpress\/plugins\/seo\/ -->\n<title>Accords de transfert et de licence - Tech Summits Legal<\/title>\n<meta name=\"description\" content=\"Wir unterst\u00fctzen Sie beim Abschluss von \u00dcbertragungs- und Lizenzvertr\u00e4gen, verhandeln Lizenzierungsklauseln und sichern Ihre Interessen.\" \/>\n<meta name=\"robots\" content=\"index, follow, max-snippet:-1, max-image-preview:large, max-video-preview:-1\" \/>\n<link rel=\"canonical\" href=\"https:\/\/taxandlegal-digital-663692.hostingersite.com\/leistungen\/uebertragungs-und-lizenzvertraege\/?lang=fr\" \/>\n<meta property=\"og:locale\" content=\"fr_FR\" \/>\n<meta property=\"og:type\" content=\"article\" \/>\n<meta property=\"og:title\" content=\"Accords de transfert et de licence - Tech Summits Legal\" \/>\n<meta property=\"og:description\" content=\"Wir unterst\u00fctzen Sie beim Abschluss von \u00dcbertragungs- und Lizenzvertr\u00e4gen, verhandeln Lizenzierungsklauseln und sichern Ihre Interessen.\" \/>\n<meta property=\"og:url\" content=\"https:\/\/taxandlegal-digital-663692.hostingersite.com\/leistungen\/uebertragungs-und-lizenzvertraege\/?lang=fr\" \/>\n<meta property=\"og:site_name\" content=\"Tech Summits Legal\" \/>\n<meta property=\"article:modified_time\" content=\"2023-07-11T10:39:05+00:00\" \/>\n<meta name=\"twitter:card\" content=\"summary_large_image\" \/>\n<meta name=\"twitter:label1\" content=\"Est. reading time\" \/>\n\t<meta name=\"twitter:data1\" content=\"1 minute\" \/>\n<script type=\"application\/ld+json\" class=\"yoast-schema-graph\">{\"@context\":\"https:\/\/schema.org\",\"@graph\":[{\"@type\":\"WebPage\",\"@id\":\"https:\/\/taxandlegal-digital-663692.hostingersite.com\/leistungen\/uebertragungs-und-lizenzvertraege\/?lang=fr\",\"url\":\"https:\/\/taxandlegal-digital-663692.hostingersite.com\/leistungen\/uebertragungs-und-lizenzvertraege\/?lang=fr\",\"name\":\"Accords de transfert et de licence - Tech Summits Legal\",\"isPartOf\":{\"@id\":\"https:\/\/taxandlegal-digital-663692.hostingersite.com\/#website\"},\"datePublished\":\"2020-08-04T15:24:48+00:00\",\"dateModified\":\"2023-07-11T10:39:05+00:00\",\"description\":\"Wir unterst\u00fctzen Sie beim Abschluss von \u00dcbertragungs- und Lizenzvertr\u00e4gen, verhandeln Lizenzierungsklauseln und sichern Ihre Interessen.\",\"breadcrumb\":{\"@id\":\"https:\/\/taxandlegal-digital-663692.hostingersite.com\/leistungen\/uebertragungs-und-lizenzvertraege\/?lang=fr#breadcrumb\"},\"inLanguage\":\"fr-FR\",\"potentialAction\":[{\"@type\":\"ReadAction\",\"target\":[\"https:\/\/taxandlegal-digital-663692.hostingersite.com\/leistungen\/uebertragungs-und-lizenzvertraege\/?lang=fr\"]}]},{\"@type\":\"BreadcrumbList\",\"@id\":\"https:\/\/taxandlegal-digital-663692.hostingersite.com\/leistungen\/uebertragungs-und-lizenzvertraege\/?lang=fr#breadcrumb\",\"itemListElement\":[{\"@type\":\"ListItem\",\"position\":1,\"name\":\"Startseite\",\"item\":\"https:\/\/taxandlegal-digital-663692.hostingersite.com\/fr\/startseite\/\"},{\"@type\":\"ListItem\",\"position\":2,\"name\":\"Nos services\",\"item\":\"https:\/\/taxandlegal-digital-663692.hostingersite.com\/leistungen\/?lang=fr\"},{\"@type\":\"ListItem\",\"position\":3,\"name\":\"Accords de transfert et de licence\"}]},{\"@type\":\"WebSite\",\"@id\":\"https:\/\/taxandlegal-digital-663692.hostingersite.com\/#website\",\"url\":\"https:\/\/taxandlegal-digital-663692.hostingersite.com\/\",\"name\":\"Tech Summits Legal\",\"description\":\"Rechts- und Steuerberatung aus einer Hand\",\"potentialAction\":[{\"@type\":\"SearchAction\",\"target\":{\"@type\":\"EntryPoint\",\"urlTemplate\":\"https:\/\/taxandlegal-digital-663692.hostingersite.com\/?s={search_term_string}\"},\"query-input\":{\"@type\":\"PropertyValueSpecification\",\"valueRequired\":true,\"valueName\":\"search_term_string\"}}],\"inLanguage\":\"fr-FR\"}]}<\/script>\n<!-- \/ Yoast SEO plugin. -->","yoast_head_json":{"title":"Accords de transfert et de licence - Tech Summits Legal","description":"Wir unterst\u00fctzen Sie beim Abschluss von \u00dcbertragungs- und Lizenzvertr\u00e4gen, verhandeln Lizenzierungsklauseln und sichern Ihre Interessen.","robots":{"index":"index","follow":"follow","max-snippet":"max-snippet:-1","max-image-preview":"max-image-preview:large","max-video-preview":"max-video-preview:-1"},"canonical":"https:\/\/taxandlegal-digital-663692.hostingersite.com\/leistungen\/uebertragungs-und-lizenzvertraege\/?lang=fr","og_locale":"fr_FR","og_type":"article","og_title":"Accords de transfert et de licence - Tech Summits Legal","og_description":"Wir unterst\u00fctzen Sie beim Abschluss von \u00dcbertragungs- und Lizenzvertr\u00e4gen, verhandeln Lizenzierungsklauseln und sichern Ihre Interessen.","og_url":"https:\/\/taxandlegal-digital-663692.hostingersite.com\/leistungen\/uebertragungs-und-lizenzvertraege\/?lang=fr","og_site_name":"Tech Summits Legal","article_modified_time":"2023-07-11T10:39:05+00:00","twitter_card":"summary_large_image","twitter_misc":{"Est. reading time":"1 minute"},"schema":{"@context":"https:\/\/schema.org","@graph":[{"@type":"WebPage","@id":"https:\/\/taxandlegal-digital-663692.hostingersite.com\/leistungen\/uebertragungs-und-lizenzvertraege\/?lang=fr","url":"https:\/\/taxandlegal-digital-663692.hostingersite.com\/leistungen\/uebertragungs-und-lizenzvertraege\/?lang=fr","name":"Accords de transfert et de licence - Tech Summits Legal","isPartOf":{"@id":"https:\/\/taxandlegal-digital-663692.hostingersite.com\/#website"},"datePublished":"2020-08-04T15:24:48+00:00","dateModified":"2023-07-11T10:39:05+00:00","description":"Wir unterst\u00fctzen Sie beim Abschluss von \u00dcbertragungs- und Lizenzvertr\u00e4gen, verhandeln Lizenzierungsklauseln und sichern Ihre Interessen.","breadcrumb":{"@id":"https:\/\/taxandlegal-digital-663692.hostingersite.com\/leistungen\/uebertragungs-und-lizenzvertraege\/?lang=fr#breadcrumb"},"inLanguage":"fr-FR","potentialAction":[{"@type":"ReadAction","target":["https:\/\/taxandlegal-digital-663692.hostingersite.com\/leistungen\/uebertragungs-und-lizenzvertraege\/?lang=fr"]}]},{"@type":"BreadcrumbList","@id":"https:\/\/taxandlegal-digital-663692.hostingersite.com\/leistungen\/uebertragungs-und-lizenzvertraege\/?lang=fr#breadcrumb","itemListElement":[{"@type":"ListItem","position":1,"name":"Startseite","item":"https:\/\/taxandlegal-digital-663692.hostingersite.com\/fr\/startseite\/"},{"@type":"ListItem","position":2,"name":"Nos services","item":"https:\/\/taxandlegal-digital-663692.hostingersite.com\/leistungen\/?lang=fr"},{"@type":"ListItem","position":3,"name":"Accords de transfert et de licence"}]},{"@type":"WebSite","@id":"https:\/\/taxandlegal-digital-663692.hostingersite.com\/#website","url":"https:\/\/taxandlegal-digital-663692.hostingersite.com\/","name":"Tech Summits Legal","description":"Rechts- und Steuerberatung aus einer Hand","potentialAction":[{"@type":"SearchAction","target":{"@type":"EntryPoint","urlTemplate":"https:\/\/taxandlegal-digital-663692.hostingersite.com\/?s={search_term_string}"},"query-input":{"@type":"PropertyValueSpecification","valueRequired":true,"valueName":"search_term_string"}}],"inLanguage":"fr-FR"}]}},"_links":{"self":[{"href":"https:\/\/taxandlegal.digital\/fr\/wp-json\/wp\/v2\/pages\/539","targetHints":{"allow":["GET"]}}],"collection":[{"href":"https:\/\/taxandlegal.digital\/fr\/wp-json\/wp\/v2\/pages"}],"about":[{"href":"https:\/\/taxandlegal.digital\/fr\/wp-json\/wp\/v2\/types\/page"}],"author":[{"embeddable":true,"href":"https:\/\/taxandlegal.digital\/fr\/wp-json\/wp\/v2\/users\/9"}],"replies":[{"embeddable":true,"href":"https:\/\/taxandlegal.digital\/fr\/wp-json\/wp\/v2\/comments?post=539"}],"version-history":[{"count":7,"href":"https:\/\/taxandlegal.digital\/fr\/wp-json\/wp\/v2\/pages\/539\/revisions"}],"predecessor-version":[{"id":1383,"href":"https:\/\/taxandlegal.digital\/fr\/wp-json\/wp\/v2\/pages\/539\/revisions\/1383"}],"up":[{"embeddable":true,"href":"https:\/\/taxandlegal.digital\/fr\/wp-json\/wp\/v2\/pages\/798"}],"wp:attachment":[{"href":"https:\/\/taxandlegal.digital\/fr\/wp-json\/wp\/v2\/media?parent=539"}],"curies":[{"name":"wp","href":"https:\/\/api.w.org\/{rel}","templated":true}]}}