{"id":557,"date":"2020-08-04T17:24:02","date_gmt":"2020-08-04T15:24:02","guid":{"rendered":"https:\/\/www.tech-summits-legal.de\/gruendungen-und-ausgruendungen\/"},"modified":"2024-08-07T15:38:59","modified_gmt":"2024-08-07T13:38:59","slug":"gruendungen-und-ausgruendungen","status":"publish","type":"page","link":"https:\/\/taxandlegal.digital\/fr\/leistungen\/gruendungen-und-ausgruendungen\/","title":{"rendered":"Cr\u00e9ation d\u2018entreprises et spin-off"},"content":{"rendered":"<p>[vc_row][vc_column width=&#8221;1\/6&#8243;][\/vc_column][vc_column width=&#8221;2\/3&#8243;][vc_column_text]<\/p>\n<h1>Cr\u00e9ation d&#8217;entreprises et spin-off<\/h1>\n<p><strong>La cr\u00e9ation d\u2019entreprise<\/strong> entra\u00eene un grand nombre de d\u00e9fis auxquels son cr\u00e9ateur doit faire face. Outre la mise en \u0153uvre des formalit\u00e9s n\u00e9cessaires, il s\u2019agit notamment de faire des choix quant au contenu. En particulier lorsqu\u2019une entreprise est en train d\u2019\u00eatre cr\u00e9\u00e9e et qu\u2019il faut trouver un accord sur <strong>un contrat de soci\u00e9t\u00e9<\/strong> dans lequel doivent \u00eatre d\u00e9finies les conditions g\u00e9n\u00e9rales de la collaboration ainsi que la strat\u00e9gie d\u2019entreprise.<\/p>\n<p>Nous vous soutenons dans la cr\u00e9ation de votre entreprise, discutons en d\u00e9tail des possibilit\u00e9s de r\u00e9daction des contrats, des orientations existantes et des variations du contenu.<\/p>\n<p>Nous mettons plus particuli\u00e8rement l\u2019accent sur la r\u00e9daction des contrats de soci\u00e9t\u00e9, <strong>des start-up et des spin-off dans les domaines de l\u2019informatique et\/ou des technologies de pointe<\/strong>.<\/p>\n<p>Les start-up, comme toutes les entreprises, ont besoin d\u2019un <strong>acc\u00e8s au capital<\/strong>. \u00c9tant donn\u00e9 qu\u2019un financement classique, bas\u00e9 sur des pr\u00eats, n\u2019est pas envisageable pour de nombreuses start-up, en particulier celles qui poursuivent une strat\u00e9gie de croissance et de sortie, elles font de plus en plus appel \u00e0 des investisseurs (investisseurs providentiels, promoteurs institutionnels, capital-risque d\u2019entreprise ou capital-risque).<\/p>\n<p>Le <strong>financement<\/strong> est g\u00e9n\u00e9ralement assur\u00e9 par dettes mezzanines (participations silencieuses ou pr\u00eats avec option de conversion) ou au travers d\u2019une participation ouverte, d\u2019une acquisition de parts sociales ou du paiement d\u2019une r\u00e9mun\u00e9ration (AGIO) \u00e0 la soci\u00e9t\u00e9.<\/p>\n<p>Nous vous aidons dans le d\u00e9veloppement de<strong> la strat\u00e9gie de financement<\/strong>, conseillons le processus de participation et n\u00e9gocions pour vous les contrats, en particulier <strong>les contrats de participation<\/strong>.<\/p>\n<p>Votre contact dans ce domaine est l\u2019avocat Tilmann Lahann.<\/p>\n<p>Outre les exigences du droit des soci\u00e9t\u00e9s lors de la cr\u00e9ation d\u2019une nouvelle entreprise, nous vous aidons \u00e9galement dans <strong>l\u2019optimisation de votre choix de forme juridique sur le plan fiscal<\/strong>. En particulier dans le cas des soci\u00e9t\u00e9s \u00e0 vocation de sortie, une \u00e9valuation fiscale du choix de la forme juridique est conseill\u00e9e.<\/p>\n<p>Nous vous cr\u00e9ons volontiers des <strong>comparaisons fiscales<\/strong> dans le but de vous montrer les avantages et inconv\u00e9nients des diff\u00e9rentes formes juridiques. Cela inclue l\u2019imposition courante de la soci\u00e9t\u00e9 en tant que telle, ainsi que l\u2019imposition personnelle des associ\u00e9s et l\u2019imposition en cas de sortie.<\/p>\n<p>Votre contact est Markus Kleer.[\/vc_column_text][\/vc_column][vc_column width=&#8221;1\/6&#8243;][\/vc_column][\/vc_row]<\/p>\n","protected":false},"excerpt":{"rendered":"<p>[vc_row][vc_column width=&#8221;1\/6&#8243;][\/vc_column][vc_column width=&#8221;2\/3&#8243;][vc_column_text] Cr\u00e9ation d&#8217;entreprises et spin-off La cr\u00e9ation d\u2019entreprise entra\u00eene un grand nombre de d\u00e9fis auxquels son cr\u00e9ateur doit [&hellip;]<\/p>\n","protected":false},"author":9,"featured_media":0,"parent":798,"menu_order":10,"comment_status":"closed","ping_status":"closed","template":"","meta":{"footnotes":""},"class_list":["post-557","page","type-page","status-publish","hentry"],"yoast_head":"<!-- This site is optimized with the Yoast SEO plugin v26.7 - https:\/\/yoast.com\/wordpress\/plugins\/seo\/ -->\n<title>Cr\u00e9ation d\u2018entreprises et spin-off - Tech Summits Legal<\/title>\n<meta name=\"description\" content=\"Wir unterst\u00fctzen Sie bei der Gr\u00fcndung und Ausgr\u00fcndung Ihres Unternehmens und besprechen mit Ihnen ihre M\u00f6glichkeiten.\" \/>\n<meta name=\"robots\" content=\"index, follow, max-snippet:-1, max-image-preview:large, max-video-preview:-1\" \/>\n<link rel=\"canonical\" href=\"https:\/\/taxandlegal-digital-663692.hostingersite.com\/fr\/leistungen\/gruendungen-und-ausgruendungen\/\" \/>\n<meta property=\"og:locale\" content=\"fr_FR\" \/>\n<meta property=\"og:type\" content=\"article\" \/>\n<meta property=\"og:title\" content=\"Cr\u00e9ation d\u2018entreprises et spin-off - Tech Summits Legal\" \/>\n<meta property=\"og:description\" content=\"Wir unterst\u00fctzen Sie bei der Gr\u00fcndung und Ausgr\u00fcndung Ihres Unternehmens und besprechen mit Ihnen ihre M\u00f6glichkeiten.\" \/>\n<meta property=\"og:url\" content=\"https:\/\/taxandlegal-digital-663692.hostingersite.com\/fr\/leistungen\/gruendungen-und-ausgruendungen\/\" \/>\n<meta property=\"og:site_name\" content=\"Tech Summits Legal\" \/>\n<meta property=\"article:modified_time\" content=\"2024-08-07T13:38:59+00:00\" \/>\n<meta name=\"twitter:card\" content=\"summary_large_image\" \/>\n<meta name=\"twitter:label1\" content=\"Est. reading time\" \/>\n\t<meta name=\"twitter:data1\" content=\"3 minutes\" \/>\n<script type=\"application\/ld+json\" class=\"yoast-schema-graph\">{\"@context\":\"https:\/\/schema.org\",\"@graph\":[{\"@type\":\"WebPage\",\"@id\":\"https:\/\/taxandlegal-digital-663692.hostingersite.com\/fr\/leistungen\/gruendungen-und-ausgruendungen\/\",\"url\":\"https:\/\/taxandlegal-digital-663692.hostingersite.com\/fr\/leistungen\/gruendungen-und-ausgruendungen\/\",\"name\":\"Cr\u00e9ation d\u2018entreprises et spin-off - Tech Summits Legal\",\"isPartOf\":{\"@id\":\"https:\/\/taxandlegal-digital-663692.hostingersite.com\/#website\"},\"datePublished\":\"2020-08-04T15:24:02+00:00\",\"dateModified\":\"2024-08-07T13:38:59+00:00\",\"description\":\"Wir unterst\u00fctzen Sie bei der Gr\u00fcndung und Ausgr\u00fcndung Ihres Unternehmens und besprechen mit Ihnen ihre M\u00f6glichkeiten.\",\"breadcrumb\":{\"@id\":\"https:\/\/taxandlegal-digital-663692.hostingersite.com\/fr\/leistungen\/gruendungen-und-ausgruendungen\/#breadcrumb\"},\"inLanguage\":\"fr-FR\",\"potentialAction\":[{\"@type\":\"ReadAction\",\"target\":[\"https:\/\/taxandlegal-digital-663692.hostingersite.com\/fr\/leistungen\/gruendungen-und-ausgruendungen\/\"]}]},{\"@type\":\"BreadcrumbList\",\"@id\":\"https:\/\/taxandlegal-digital-663692.hostingersite.com\/fr\/leistungen\/gruendungen-und-ausgruendungen\/#breadcrumb\",\"itemListElement\":[{\"@type\":\"ListItem\",\"position\":1,\"name\":\"Startseite\",\"item\":\"https:\/\/taxandlegal-digital-663692.hostingersite.com\/fr\/startseite\/\"},{\"@type\":\"ListItem\",\"position\":2,\"name\":\"Nos services\",\"item\":\"https:\/\/taxandlegal-digital-663692.hostingersite.com\/leistungen\/?lang=fr\"},{\"@type\":\"ListItem\",\"position\":3,\"name\":\"Cr\u00e9ation d\u2018entreprises et spin-off\"}]},{\"@type\":\"WebSite\",\"@id\":\"https:\/\/taxandlegal-digital-663692.hostingersite.com\/#website\",\"url\":\"https:\/\/taxandlegal-digital-663692.hostingersite.com\/\",\"name\":\"Tech Summits Legal\",\"description\":\"Rechts- und Steuerberatung aus einer Hand\",\"potentialAction\":[{\"@type\":\"SearchAction\",\"target\":{\"@type\":\"EntryPoint\",\"urlTemplate\":\"https:\/\/taxandlegal-digital-663692.hostingersite.com\/?s={search_term_string}\"},\"query-input\":{\"@type\":\"PropertyValueSpecification\",\"valueRequired\":true,\"valueName\":\"search_term_string\"}}],\"inLanguage\":\"fr-FR\"}]}<\/script>\n<!-- \/ Yoast SEO plugin. -->","yoast_head_json":{"title":"Cr\u00e9ation d\u2018entreprises et spin-off - Tech Summits Legal","description":"Wir unterst\u00fctzen Sie bei der Gr\u00fcndung und Ausgr\u00fcndung Ihres Unternehmens und besprechen mit Ihnen ihre M\u00f6glichkeiten.","robots":{"index":"index","follow":"follow","max-snippet":"max-snippet:-1","max-image-preview":"max-image-preview:large","max-video-preview":"max-video-preview:-1"},"canonical":"https:\/\/taxandlegal-digital-663692.hostingersite.com\/fr\/leistungen\/gruendungen-und-ausgruendungen\/","og_locale":"fr_FR","og_type":"article","og_title":"Cr\u00e9ation d\u2018entreprises et spin-off - Tech Summits Legal","og_description":"Wir unterst\u00fctzen Sie bei der Gr\u00fcndung und Ausgr\u00fcndung Ihres Unternehmens und besprechen mit Ihnen ihre M\u00f6glichkeiten.","og_url":"https:\/\/taxandlegal-digital-663692.hostingersite.com\/fr\/leistungen\/gruendungen-und-ausgruendungen\/","og_site_name":"Tech Summits Legal","article_modified_time":"2024-08-07T13:38:59+00:00","twitter_card":"summary_large_image","twitter_misc":{"Est. reading time":"3 minutes"},"schema":{"@context":"https:\/\/schema.org","@graph":[{"@type":"WebPage","@id":"https:\/\/taxandlegal-digital-663692.hostingersite.com\/fr\/leistungen\/gruendungen-und-ausgruendungen\/","url":"https:\/\/taxandlegal-digital-663692.hostingersite.com\/fr\/leistungen\/gruendungen-und-ausgruendungen\/","name":"Cr\u00e9ation d\u2018entreprises et spin-off - Tech Summits Legal","isPartOf":{"@id":"https:\/\/taxandlegal-digital-663692.hostingersite.com\/#website"},"datePublished":"2020-08-04T15:24:02+00:00","dateModified":"2024-08-07T13:38:59+00:00","description":"Wir unterst\u00fctzen Sie bei der Gr\u00fcndung und Ausgr\u00fcndung Ihres Unternehmens und besprechen mit Ihnen ihre M\u00f6glichkeiten.","breadcrumb":{"@id":"https:\/\/taxandlegal-digital-663692.hostingersite.com\/fr\/leistungen\/gruendungen-und-ausgruendungen\/#breadcrumb"},"inLanguage":"fr-FR","potentialAction":[{"@type":"ReadAction","target":["https:\/\/taxandlegal-digital-663692.hostingersite.com\/fr\/leistungen\/gruendungen-und-ausgruendungen\/"]}]},{"@type":"BreadcrumbList","@id":"https:\/\/taxandlegal-digital-663692.hostingersite.com\/fr\/leistungen\/gruendungen-und-ausgruendungen\/#breadcrumb","itemListElement":[{"@type":"ListItem","position":1,"name":"Startseite","item":"https:\/\/taxandlegal-digital-663692.hostingersite.com\/fr\/startseite\/"},{"@type":"ListItem","position":2,"name":"Nos services","item":"https:\/\/taxandlegal-digital-663692.hostingersite.com\/leistungen\/?lang=fr"},{"@type":"ListItem","position":3,"name":"Cr\u00e9ation d\u2018entreprises et spin-off"}]},{"@type":"WebSite","@id":"https:\/\/taxandlegal-digital-663692.hostingersite.com\/#website","url":"https:\/\/taxandlegal-digital-663692.hostingersite.com\/","name":"Tech Summits Legal","description":"Rechts- und Steuerberatung aus einer Hand","potentialAction":[{"@type":"SearchAction","target":{"@type":"EntryPoint","urlTemplate":"https:\/\/taxandlegal-digital-663692.hostingersite.com\/?s={search_term_string}"},"query-input":{"@type":"PropertyValueSpecification","valueRequired":true,"valueName":"search_term_string"}}],"inLanguage":"fr-FR"}]}},"_links":{"self":[{"href":"https:\/\/taxandlegal.digital\/fr\/wp-json\/wp\/v2\/pages\/557","targetHints":{"allow":["GET"]}}],"collection":[{"href":"https:\/\/taxandlegal.digital\/fr\/wp-json\/wp\/v2\/pages"}],"about":[{"href":"https:\/\/taxandlegal.digital\/fr\/wp-json\/wp\/v2\/types\/page"}],"author":[{"embeddable":true,"href":"https:\/\/taxandlegal.digital\/fr\/wp-json\/wp\/v2\/users\/9"}],"replies":[{"embeddable":true,"href":"https:\/\/taxandlegal.digital\/fr\/wp-json\/wp\/v2\/comments?post=557"}],"version-history":[{"count":5,"href":"https:\/\/taxandlegal.digital\/fr\/wp-json\/wp\/v2\/pages\/557\/revisions"}],"predecessor-version":[{"id":1559,"href":"https:\/\/taxandlegal.digital\/fr\/wp-json\/wp\/v2\/pages\/557\/revisions\/1559"}],"up":[{"embeddable":true,"href":"https:\/\/taxandlegal.digital\/fr\/wp-json\/wp\/v2\/pages\/798"}],"wp:attachment":[{"href":"https:\/\/taxandlegal.digital\/fr\/wp-json\/wp\/v2\/media?parent=557"}],"curies":[{"name":"wp","href":"https:\/\/api.w.org\/{rel}","templated":true}]}}