{"id":569,"date":"2020-08-04T17:25:01","date_gmt":"2020-08-04T15:25:01","guid":{"rendered":"https:\/\/www.tech-summits-legal.de\/durchsetzung-und-verteidigung-gewerblicher-schutzrechte\/"},"modified":"2023-07-11T12:48:56","modified_gmt":"2023-07-11T10:48:56","slug":"durchsetzung-und-verteidigung-gewerblicher-schutzrechte","status":"publish","type":"page","link":"https:\/\/taxandlegal.digital\/fr\/leistungen\/durchsetzung-und-verteidigung-gewerblicher-schutzrechte\/","title":{"rendered":"Application et d\u00e9fense des droits de propri\u00e9t\u00e9"},"content":{"rendered":"<p>[vc_row][vc_column width=&#8221;1\/6&#8243;][\/vc_column][vc_column width=&#8221;2\/3&#8243;][vc_column_text]<\/p>\n<h1>Application et d\u00e9fense des droits de propri\u00e9t\u00e9<\/h1>\n<p>Dans les relations commerciales, il arrive que certains <strong>droits de propri\u00e9t\u00e9 soient viol\u00e9s<\/strong>. Nous vous aidons \u00e0 faire <strong>valoir<\/strong> vos droits de propri\u00e9t\u00e9 tels que les brevets, les mod\u00e8les d\u2019utilit\u00e9, les marques, les dessins ou encore les designs, mais aussi les <strong>d\u00e9fendre<\/strong> s\u2019ils sont attaqu\u00e9s par des tiers.<\/p>\n<p>Votre contact l\u2019avocat Tilmann Lahann.[\/vc_column_text][\/vc_column][vc_column width=&#8221;1\/6&#8243;][\/vc_column][\/vc_row]<\/p>\n","protected":false},"excerpt":{"rendered":"<p>[vc_row][vc_column width=&#8221;1\/6&#8243;][\/vc_column][vc_column width=&#8221;2\/3&#8243;][vc_column_text] Application et d\u00e9fense des droits de propri\u00e9t\u00e9 Dans les relations commerciales, il arrive que certains droits de [&hellip;]<\/p>\n","protected":false},"author":9,"featured_media":0,"parent":798,"menu_order":12,"comment_status":"closed","ping_status":"closed","template":"","meta":{"footnotes":""},"class_list":["post-569","page","type-page","status-publish","hentry"],"yoast_head":"<!-- This site is optimized with the Yoast SEO plugin v26.7 - https:\/\/yoast.com\/wordpress\/plugins\/seo\/ -->\n<title>Application et d\u00e9fense des droits de propri\u00e9t\u00e9 - Tech Summits Legal<\/title>\n<meta name=\"robots\" content=\"index, follow, max-snippet:-1, max-image-preview:large, max-video-preview:-1\" \/>\n<link rel=\"canonical\" href=\"https:\/\/taxandlegal-digital-663692.hostingersite.com\/leistungen\/durchsetzung-und-verteidigung-gewerblicher-schutzrechte\/?lang=fr\" \/>\n<meta property=\"og:locale\" content=\"fr_FR\" \/>\n<meta property=\"og:type\" content=\"article\" \/>\n<meta property=\"og:title\" content=\"Application et d\u00e9fense des droits de propri\u00e9t\u00e9 - Tech Summits Legal\" \/>\n<meta property=\"og:description\" content=\"[vc_row][vc_column width=&#8221;1\/6&#8243;][\/vc_column][vc_column width=&#8221;2\/3&#8243;][vc_column_text] Application et d\u00e9fense des droits de propri\u00e9t\u00e9 Dans les relations commerciales, il arrive que certains droits de [&hellip;]\" \/>\n<meta property=\"og:url\" content=\"https:\/\/taxandlegal-digital-663692.hostingersite.com\/leistungen\/durchsetzung-und-verteidigung-gewerblicher-schutzrechte\/?lang=fr\" \/>\n<meta property=\"og:site_name\" content=\"Tech Summits Legal\" \/>\n<meta property=\"article:modified_time\" content=\"2023-07-11T10:48:56+00:00\" \/>\n<meta name=\"twitter:card\" content=\"summary_large_image\" \/>\n<meta name=\"twitter:label1\" content=\"Est. reading time\" \/>\n\t<meta name=\"twitter:data1\" content=\"1 minute\" \/>\n<script type=\"application\/ld+json\" class=\"yoast-schema-graph\">{\"@context\":\"https:\/\/schema.org\",\"@graph\":[{\"@type\":\"WebPage\",\"@id\":\"https:\/\/taxandlegal-digital-663692.hostingersite.com\/leistungen\/durchsetzung-und-verteidigung-gewerblicher-schutzrechte\/?lang=fr\",\"url\":\"https:\/\/taxandlegal-digital-663692.hostingersite.com\/leistungen\/durchsetzung-und-verteidigung-gewerblicher-schutzrechte\/?lang=fr\",\"name\":\"Application et d\u00e9fense des droits de propri\u00e9t\u00e9 - Tech Summits Legal\",\"isPartOf\":{\"@id\":\"https:\/\/taxandlegal-digital-663692.hostingersite.com\/#website\"},\"datePublished\":\"2020-08-04T15:25:01+00:00\",\"dateModified\":\"2023-07-11T10:48:56+00:00\",\"breadcrumb\":{\"@id\":\"https:\/\/taxandlegal-digital-663692.hostingersite.com\/leistungen\/durchsetzung-und-verteidigung-gewerblicher-schutzrechte\/?lang=fr#breadcrumb\"},\"inLanguage\":\"fr-FR\",\"potentialAction\":[{\"@type\":\"ReadAction\",\"target\":[\"https:\/\/taxandlegal-digital-663692.hostingersite.com\/leistungen\/durchsetzung-und-verteidigung-gewerblicher-schutzrechte\/?lang=fr\"]}]},{\"@type\":\"BreadcrumbList\",\"@id\":\"https:\/\/taxandlegal-digital-663692.hostingersite.com\/leistungen\/durchsetzung-und-verteidigung-gewerblicher-schutzrechte\/?lang=fr#breadcrumb\",\"itemListElement\":[{\"@type\":\"ListItem\",\"position\":1,\"name\":\"Startseite\",\"item\":\"https:\/\/taxandlegal-digital-663692.hostingersite.com\/fr\/startseite\/\"},{\"@type\":\"ListItem\",\"position\":2,\"name\":\"Nos services\",\"item\":\"https:\/\/taxandlegal-digital-663692.hostingersite.com\/leistungen\/?lang=fr\"},{\"@type\":\"ListItem\",\"position\":3,\"name\":\"Application et d\u00e9fense des droits de propri\u00e9t\u00e9\"}]},{\"@type\":\"WebSite\",\"@id\":\"https:\/\/taxandlegal-digital-663692.hostingersite.com\/#website\",\"url\":\"https:\/\/taxandlegal-digital-663692.hostingersite.com\/\",\"name\":\"Tech Summits Legal\",\"description\":\"Rechts- und Steuerberatung aus einer Hand\",\"potentialAction\":[{\"@type\":\"SearchAction\",\"target\":{\"@type\":\"EntryPoint\",\"urlTemplate\":\"https:\/\/taxandlegal-digital-663692.hostingersite.com\/?s={search_term_string}\"},\"query-input\":{\"@type\":\"PropertyValueSpecification\",\"valueRequired\":true,\"valueName\":\"search_term_string\"}}],\"inLanguage\":\"fr-FR\"}]}<\/script>\n<!-- \/ Yoast SEO plugin. -->","yoast_head_json":{"title":"Application et d\u00e9fense des droits de propri\u00e9t\u00e9 - Tech Summits Legal","robots":{"index":"index","follow":"follow","max-snippet":"max-snippet:-1","max-image-preview":"max-image-preview:large","max-video-preview":"max-video-preview:-1"},"canonical":"https:\/\/taxandlegal-digital-663692.hostingersite.com\/leistungen\/durchsetzung-und-verteidigung-gewerblicher-schutzrechte\/?lang=fr","og_locale":"fr_FR","og_type":"article","og_title":"Application et d\u00e9fense des droits de propri\u00e9t\u00e9 - Tech Summits Legal","og_description":"[vc_row][vc_column width=&#8221;1\/6&#8243;][\/vc_column][vc_column width=&#8221;2\/3&#8243;][vc_column_text] Application et d\u00e9fense des droits de propri\u00e9t\u00e9 Dans les relations commerciales, il arrive que certains droits de [&hellip;]","og_url":"https:\/\/taxandlegal-digital-663692.hostingersite.com\/leistungen\/durchsetzung-und-verteidigung-gewerblicher-schutzrechte\/?lang=fr","og_site_name":"Tech Summits Legal","article_modified_time":"2023-07-11T10:48:56+00:00","twitter_card":"summary_large_image","twitter_misc":{"Est. reading time":"1 minute"},"schema":{"@context":"https:\/\/schema.org","@graph":[{"@type":"WebPage","@id":"https:\/\/taxandlegal-digital-663692.hostingersite.com\/leistungen\/durchsetzung-und-verteidigung-gewerblicher-schutzrechte\/?lang=fr","url":"https:\/\/taxandlegal-digital-663692.hostingersite.com\/leistungen\/durchsetzung-und-verteidigung-gewerblicher-schutzrechte\/?lang=fr","name":"Application et d\u00e9fense des droits de propri\u00e9t\u00e9 - Tech Summits Legal","isPartOf":{"@id":"https:\/\/taxandlegal-digital-663692.hostingersite.com\/#website"},"datePublished":"2020-08-04T15:25:01+00:00","dateModified":"2023-07-11T10:48:56+00:00","breadcrumb":{"@id":"https:\/\/taxandlegal-digital-663692.hostingersite.com\/leistungen\/durchsetzung-und-verteidigung-gewerblicher-schutzrechte\/?lang=fr#breadcrumb"},"inLanguage":"fr-FR","potentialAction":[{"@type":"ReadAction","target":["https:\/\/taxandlegal-digital-663692.hostingersite.com\/leistungen\/durchsetzung-und-verteidigung-gewerblicher-schutzrechte\/?lang=fr"]}]},{"@type":"BreadcrumbList","@id":"https:\/\/taxandlegal-digital-663692.hostingersite.com\/leistungen\/durchsetzung-und-verteidigung-gewerblicher-schutzrechte\/?lang=fr#breadcrumb","itemListElement":[{"@type":"ListItem","position":1,"name":"Startseite","item":"https:\/\/taxandlegal-digital-663692.hostingersite.com\/fr\/startseite\/"},{"@type":"ListItem","position":2,"name":"Nos services","item":"https:\/\/taxandlegal-digital-663692.hostingersite.com\/leistungen\/?lang=fr"},{"@type":"ListItem","position":3,"name":"Application et d\u00e9fense des droits de propri\u00e9t\u00e9"}]},{"@type":"WebSite","@id":"https:\/\/taxandlegal-digital-663692.hostingersite.com\/#website","url":"https:\/\/taxandlegal-digital-663692.hostingersite.com\/","name":"Tech Summits Legal","description":"Rechts- und Steuerberatung aus einer Hand","potentialAction":[{"@type":"SearchAction","target":{"@type":"EntryPoint","urlTemplate":"https:\/\/taxandlegal-digital-663692.hostingersite.com\/?s={search_term_string}"},"query-input":{"@type":"PropertyValueSpecification","valueRequired":true,"valueName":"search_term_string"}}],"inLanguage":"fr-FR"}]}},"_links":{"self":[{"href":"https:\/\/taxandlegal.digital\/fr\/wp-json\/wp\/v2\/pages\/569","targetHints":{"allow":["GET"]}}],"collection":[{"href":"https:\/\/taxandlegal.digital\/fr\/wp-json\/wp\/v2\/pages"}],"about":[{"href":"https:\/\/taxandlegal.digital\/fr\/wp-json\/wp\/v2\/types\/page"}],"author":[{"embeddable":true,"href":"https:\/\/taxandlegal.digital\/fr\/wp-json\/wp\/v2\/users\/9"}],"replies":[{"embeddable":true,"href":"https:\/\/taxandlegal.digital\/fr\/wp-json\/wp\/v2\/comments?post=569"}],"version-history":[{"count":6,"href":"https:\/\/taxandlegal.digital\/fr\/wp-json\/wp\/v2\/pages\/569\/revisions"}],"predecessor-version":[{"id":1390,"href":"https:\/\/taxandlegal.digital\/fr\/wp-json\/wp\/v2\/pages\/569\/revisions\/1390"}],"up":[{"embeddable":true,"href":"https:\/\/taxandlegal.digital\/fr\/wp-json\/wp\/v2\/pages\/798"}],"wp:attachment":[{"href":"https:\/\/taxandlegal.digital\/fr\/wp-json\/wp\/v2\/media?parent=569"}],"curies":[{"name":"wp","href":"https:\/\/api.w.org\/{rel}","templated":true}]}}