{"id":578,"date":"2020-08-04T17:23:08","date_gmt":"2020-08-04T15:23:08","guid":{"rendered":"https:\/\/www.tech-summits-legal.de\/it-recht\/"},"modified":"2022-06-08T10:16:09","modified_gmt":"2022-06-08T08:16:09","slug":"it-recht","status":"publish","type":"page","link":"https:\/\/taxandlegal.digital\/fr\/leistungen\/it-recht\/","title":{"rendered":"Droit des technologies de l&#8217;information"},"content":{"rendered":"<p>[vc_row][vc_column width=&#8221;1\/6&#8243;][\/vc_column][vc_column width=&#8221;2\/3&#8243;][vc_column_text]<\/p>\n<h1>Droit des technologies de l&#8217;information<\/h1>\n<p>Le droit des technologies de l\u2019information est une branche du droit qui se charge de l\u2019aspect juridique des faits li\u00e9s aux technologies de l\u2019information (TI), c\u2019est-\u00e0-dire <strong>les contrats de licence<\/strong> de logiciels ainsi que la mise en place d<strong>e boutiques en ligne<\/strong>, la cr\u00e9ation <strong>de conditions g\u00e9n\u00e9rales<\/strong> de vente et <strong>de conditions d\u2019utilisation<\/strong>. Le droit des technologies de l\u2019information se caract\u00e9rise dans la pratique par le fait qu\u2019il y a souvent des recoupements avec d\u2019autres branches du droit tels que le droit du travail, de la protection de la propri\u00e9t\u00e9 industrielle ou encore les droits d\u2019auteurs et autres droits des m\u00e9dias.<\/p>\n<p>En raison de la num\u00e9risation croissante, surtout dans le domaine entrepreneurial, une multitude de probl\u00e8mes et de questions juridiques se posent aux entreprises et aux start-up pour lesquels nous seront heureux de vous conseiller avec comp\u00e9tence.<\/p>\n<p>Notre travail se concentre sur des points principaux\u00a0: D\u2019une part le conseil juridique dans la conception <strong>de mod\u00e8les commerciaux bas\u00e9s sur les technologies de l\u2019information<\/strong> (logiciel en tant que service, d\u00e9veloppement de logiciels, vente et location de logiciels), la r\u00e9daction, la r\u00e9vision et la n\u00e9gociation de contrats de distribution et de conditions g\u00e9n\u00e9rales de vente, et d\u2019autre part le suivi juridique <strong>des boutiques en ligne<\/strong>, la r\u00e9daction et la r\u00e9vision de conditions d\u2019utilisation et de d\u00e9clarations de protection des donn\u00e9es pour les pages d\u2019accueil ainsi que la repr\u00e9sentation en cas <strong>d\u2019avertissement des concurrents<\/strong>.<\/p>\n<p>Nos avocats et notre personnel combinent leur expertise dans diff\u00e9rents domaines dans le but de trouver des solutions appropri\u00e9es et concr\u00e8tes qui tiennent compte des faits de mani\u00e8re globale.<\/p>\n<p>Vos contacts dans ce domaine sont l\u2019avocat Tilmann Lahann et l\u2019avocate Lisa Mayer-Helmstetter.[\/vc_column_text][\/vc_column][vc_column width=&#8221;1\/6&#8243;][\/vc_column][\/vc_row]<\/p>\n","protected":false},"excerpt":{"rendered":"<p>[vc_row][vc_column width=&#8221;1\/6&#8243;][\/vc_column][vc_column width=&#8221;2\/3&#8243;][vc_column_text] Droit des technologies de l&#8217;information Le droit des technologies de l\u2019information est une branche du droit qui [&hellip;]<\/p>\n","protected":false},"author":9,"featured_media":0,"parent":798,"menu_order":13,"comment_status":"closed","ping_status":"closed","template":"","meta":{"footnotes":""},"class_list":["post-578","page","type-page","status-publish","hentry"],"yoast_head":"<!-- This site is optimized with the Yoast SEO plugin v26.7 - https:\/\/yoast.com\/wordpress\/plugins\/seo\/ -->\n<title>IT Recht &amp; Rechtsberatung | Tech Summits Legal<\/title>\n<meta name=\"description\" content=\"Das IT-Recht befasst sich als Rechtsgebiet mit der rechtlichen Betrachtung von Sachverhalten aus der Informationstechnologie (IT).\" \/>\n<meta name=\"robots\" content=\"index, follow, max-snippet:-1, max-image-preview:large, max-video-preview:-1\" \/>\n<link rel=\"canonical\" href=\"https:\/\/taxandlegal-digital-663692.hostingersite.com\/leistungen\/it-recht\/?lang=fr\" \/>\n<meta property=\"og:locale\" content=\"fr_FR\" \/>\n<meta property=\"og:type\" content=\"article\" \/>\n<meta property=\"og:title\" content=\"IT Recht &amp; Rechtsberatung | Tech Summits Legal\" \/>\n<meta property=\"og:description\" content=\"Das IT-Recht befasst sich als Rechtsgebiet mit der rechtlichen Betrachtung von Sachverhalten aus der Informationstechnologie (IT).\" \/>\n<meta property=\"og:url\" content=\"https:\/\/taxandlegal-digital-663692.hostingersite.com\/leistungen\/it-recht\/?lang=fr\" \/>\n<meta property=\"og:site_name\" content=\"Tech Summits Legal\" \/>\n<meta property=\"article:modified_time\" content=\"2022-06-08T08:16:09+00:00\" \/>\n<meta name=\"twitter:card\" content=\"summary_large_image\" \/>\n<meta name=\"twitter:label1\" content=\"Est. reading time\" \/>\n\t<meta name=\"twitter:data1\" content=\"2 minutes\" \/>\n<script type=\"application\/ld+json\" class=\"yoast-schema-graph\">{\"@context\":\"https:\/\/schema.org\",\"@graph\":[{\"@type\":\"WebPage\",\"@id\":\"https:\/\/taxandlegal-digital-663692.hostingersite.com\/leistungen\/it-recht\/?lang=fr\",\"url\":\"https:\/\/taxandlegal-digital-663692.hostingersite.com\/leistungen\/it-recht\/?lang=fr\",\"name\":\"IT Recht & Rechtsberatung | Tech Summits Legal\",\"isPartOf\":{\"@id\":\"https:\/\/taxandlegal-digital-663692.hostingersite.com\/#website\"},\"datePublished\":\"2020-08-04T15:23:08+00:00\",\"dateModified\":\"2022-06-08T08:16:09+00:00\",\"description\":\"Das IT-Recht befasst sich als Rechtsgebiet mit der rechtlichen Betrachtung von Sachverhalten aus der Informationstechnologie (IT).\",\"breadcrumb\":{\"@id\":\"https:\/\/taxandlegal-digital-663692.hostingersite.com\/leistungen\/it-recht\/?lang=fr#breadcrumb\"},\"inLanguage\":\"fr-FR\",\"potentialAction\":[{\"@type\":\"ReadAction\",\"target\":[\"https:\/\/taxandlegal-digital-663692.hostingersite.com\/leistungen\/it-recht\/?lang=fr\"]}]},{\"@type\":\"BreadcrumbList\",\"@id\":\"https:\/\/taxandlegal-digital-663692.hostingersite.com\/leistungen\/it-recht\/?lang=fr#breadcrumb\",\"itemListElement\":[{\"@type\":\"ListItem\",\"position\":1,\"name\":\"Startseite\",\"item\":\"https:\/\/taxandlegal-digital-663692.hostingersite.com\/fr\/startseite\/\"},{\"@type\":\"ListItem\",\"position\":2,\"name\":\"Nos services\",\"item\":\"https:\/\/taxandlegal-digital-663692.hostingersite.com\/leistungen\/?lang=fr\"},{\"@type\":\"ListItem\",\"position\":3,\"name\":\"Droit des technologies de l&rsquo;information\"}]},{\"@type\":\"WebSite\",\"@id\":\"https:\/\/taxandlegal-digital-663692.hostingersite.com\/#website\",\"url\":\"https:\/\/taxandlegal-digital-663692.hostingersite.com\/\",\"name\":\"Tech Summits Legal\",\"description\":\"Rechts- und Steuerberatung aus einer Hand\",\"potentialAction\":[{\"@type\":\"SearchAction\",\"target\":{\"@type\":\"EntryPoint\",\"urlTemplate\":\"https:\/\/taxandlegal-digital-663692.hostingersite.com\/?s={search_term_string}\"},\"query-input\":{\"@type\":\"PropertyValueSpecification\",\"valueRequired\":true,\"valueName\":\"search_term_string\"}}],\"inLanguage\":\"fr-FR\"}]}<\/script>\n<!-- \/ Yoast SEO plugin. -->","yoast_head_json":{"title":"IT Recht & Rechtsberatung | Tech Summits Legal","description":"Das IT-Recht befasst sich als Rechtsgebiet mit der rechtlichen Betrachtung von Sachverhalten aus der Informationstechnologie (IT).","robots":{"index":"index","follow":"follow","max-snippet":"max-snippet:-1","max-image-preview":"max-image-preview:large","max-video-preview":"max-video-preview:-1"},"canonical":"https:\/\/taxandlegal-digital-663692.hostingersite.com\/leistungen\/it-recht\/?lang=fr","og_locale":"fr_FR","og_type":"article","og_title":"IT Recht & Rechtsberatung | Tech Summits Legal","og_description":"Das IT-Recht befasst sich als Rechtsgebiet mit der rechtlichen Betrachtung von Sachverhalten aus der Informationstechnologie (IT).","og_url":"https:\/\/taxandlegal-digital-663692.hostingersite.com\/leistungen\/it-recht\/?lang=fr","og_site_name":"Tech Summits Legal","article_modified_time":"2022-06-08T08:16:09+00:00","twitter_card":"summary_large_image","twitter_misc":{"Est. reading time":"2 minutes"},"schema":{"@context":"https:\/\/schema.org","@graph":[{"@type":"WebPage","@id":"https:\/\/taxandlegal-digital-663692.hostingersite.com\/leistungen\/it-recht\/?lang=fr","url":"https:\/\/taxandlegal-digital-663692.hostingersite.com\/leistungen\/it-recht\/?lang=fr","name":"IT Recht & Rechtsberatung | Tech Summits Legal","isPartOf":{"@id":"https:\/\/taxandlegal-digital-663692.hostingersite.com\/#website"},"datePublished":"2020-08-04T15:23:08+00:00","dateModified":"2022-06-08T08:16:09+00:00","description":"Das IT-Recht befasst sich als Rechtsgebiet mit der rechtlichen Betrachtung von Sachverhalten aus der Informationstechnologie (IT).","breadcrumb":{"@id":"https:\/\/taxandlegal-digital-663692.hostingersite.com\/leistungen\/it-recht\/?lang=fr#breadcrumb"},"inLanguage":"fr-FR","potentialAction":[{"@type":"ReadAction","target":["https:\/\/taxandlegal-digital-663692.hostingersite.com\/leistungen\/it-recht\/?lang=fr"]}]},{"@type":"BreadcrumbList","@id":"https:\/\/taxandlegal-digital-663692.hostingersite.com\/leistungen\/it-recht\/?lang=fr#breadcrumb","itemListElement":[{"@type":"ListItem","position":1,"name":"Startseite","item":"https:\/\/taxandlegal-digital-663692.hostingersite.com\/fr\/startseite\/"},{"@type":"ListItem","position":2,"name":"Nos services","item":"https:\/\/taxandlegal-digital-663692.hostingersite.com\/leistungen\/?lang=fr"},{"@type":"ListItem","position":3,"name":"Droit des technologies de l&rsquo;information"}]},{"@type":"WebSite","@id":"https:\/\/taxandlegal-digital-663692.hostingersite.com\/#website","url":"https:\/\/taxandlegal-digital-663692.hostingersite.com\/","name":"Tech Summits Legal","description":"Rechts- und Steuerberatung aus einer Hand","potentialAction":[{"@type":"SearchAction","target":{"@type":"EntryPoint","urlTemplate":"https:\/\/taxandlegal-digital-663692.hostingersite.com\/?s={search_term_string}"},"query-input":{"@type":"PropertyValueSpecification","valueRequired":true,"valueName":"search_term_string"}}],"inLanguage":"fr-FR"}]}},"_links":{"self":[{"href":"https:\/\/taxandlegal.digital\/fr\/wp-json\/wp\/v2\/pages\/578","targetHints":{"allow":["GET"]}}],"collection":[{"href":"https:\/\/taxandlegal.digital\/fr\/wp-json\/wp\/v2\/pages"}],"about":[{"href":"https:\/\/taxandlegal.digital\/fr\/wp-json\/wp\/v2\/types\/page"}],"author":[{"embeddable":true,"href":"https:\/\/taxandlegal.digital\/fr\/wp-json\/wp\/v2\/users\/9"}],"replies":[{"embeddable":true,"href":"https:\/\/taxandlegal.digital\/fr\/wp-json\/wp\/v2\/comments?post=578"}],"version-history":[{"count":5,"href":"https:\/\/taxandlegal.digital\/fr\/wp-json\/wp\/v2\/pages\/578\/revisions"}],"predecessor-version":[{"id":1258,"href":"https:\/\/taxandlegal.digital\/fr\/wp-json\/wp\/v2\/pages\/578\/revisions\/1258"}],"up":[{"embeddable":true,"href":"https:\/\/taxandlegal.digital\/fr\/wp-json\/wp\/v2\/pages\/798"}],"wp:attachment":[{"href":"https:\/\/taxandlegal.digital\/fr\/wp-json\/wp\/v2\/media?parent=578"}],"curies":[{"name":"wp","href":"https:\/\/api.w.org\/{rel}","templated":true}]}}