{"id":585,"date":"2020-08-04T17:25:30","date_gmt":"2020-08-04T15:25:30","guid":{"rendered":"https:\/\/www.tech-summits-legal.de\/arbeitsrecht-und-mitarbeiterbeteiligungen\/"},"modified":"2022-06-08T13:09:37","modified_gmt":"2022-06-08T11:09:37","slug":"arbeitsrecht-und-mitarbeiterbeteiligungen","status":"publish","type":"page","link":"https:\/\/taxandlegal.digital\/fr\/leistungen\/arbeitsrecht-und-mitarbeiterbeteiligungen\/","title":{"rendered":"Droit du travail et participation des salari\u00e9s"},"content":{"rendered":"<p>[vc_row][vc_column width=&#8221;1\/6&#8243;][\/vc_column][vc_column width=&#8221;2\/3&#8243;][vc_column_text]<\/p>\n<h1>Droit du travail et participation des salari\u00e9s<\/h1>\n<p>Les salari\u00e9s sont le capital essentiel de toute entreprise. Le traitement juridiquement correct, \u00e9quitable mais aussi qui \u00e9vite tout litige avec les salari\u00e9s se base sur <strong>des contrats de travail \u00e9quilibr\u00e9s<\/strong>, qui ont un effet motivant tout en formulant clairement les int\u00e9r\u00eats n\u00e9cessaires de l\u2019entreprise. Nous aidons en particulier les start-up, qui ne disposent souvent que d\u2019une capacit\u00e9 financi\u00e8re limit\u00e9e et souhaitent donc recourir \u00e0 des mod\u00e8les de participation des salari\u00e9s et mettre en place <strong>des programmes de participation virtuelle des salari\u00e9s<\/strong> juridiquement corrects et conformes au march\u00e9.<\/p>\n<p>Nous vous conseillons lors de la d\u00e9finition de vos propres normes en mati\u00e8re de droit du travail, et lors du choix <strong>du mod\u00e8le de r\u00e9mun\u00e9ration et de participation des salari\u00e9s<\/strong>. Nous vous repr\u00e9sentons \u00e9galement en cas de <strong>licenciement<\/strong> de salari\u00e9s et, si n\u00e9cessaire, devant <strong>les tribunaux de travail<\/strong> dans le cadre de proc\u00e9dures de contentieux du travail.<\/p>\n<p>Votre contact dans ce domaine est l\u2019avocat Oliver Pikolleck.[\/vc_column_text][\/vc_column][vc_column width=&#8221;1\/6&#8243;][\/vc_column][\/vc_row]<\/p>\n","protected":false},"excerpt":{"rendered":"<p>[vc_row][vc_column width=&#8221;1\/6&#8243;][\/vc_column][vc_column width=&#8221;2\/3&#8243;][vc_column_text] Droit du travail et participation des salari\u00e9s Les salari\u00e9s sont le capital essentiel de toute entreprise. Le [&hellip;]<\/p>\n","protected":false},"author":9,"featured_media":0,"parent":798,"menu_order":14,"comment_status":"closed","ping_status":"closed","template":"","meta":{"footnotes":""},"class_list":["post-585","page","type-page","status-publish","hentry"],"yoast_head":"<!-- This site is optimized with the Yoast SEO plugin v26.7 - https:\/\/yoast.com\/wordpress\/plugins\/seo\/ -->\n<title>Droit du travail et participation des salari\u00e9s - Tech Summits Legal<\/title>\n<meta name=\"robots\" content=\"index, follow, max-snippet:-1, max-image-preview:large, max-video-preview:-1\" \/>\n<link rel=\"canonical\" href=\"https:\/\/taxandlegal-digital-663692.hostingersite.com\/leistungen\/arbeitsrecht-und-mitarbeiterbeteiligungen\/?lang=fr\" \/>\n<meta property=\"og:locale\" content=\"fr_FR\" \/>\n<meta property=\"og:type\" content=\"article\" \/>\n<meta property=\"og:title\" content=\"Droit du travail et participation des salari\u00e9s - Tech Summits Legal\" \/>\n<meta property=\"og:description\" content=\"[vc_row][vc_column width=&#8221;1\/6&#8243;][\/vc_column][vc_column width=&#8221;2\/3&#8243;][vc_column_text] Droit du travail et participation des salari\u00e9s Les salari\u00e9s sont le capital essentiel de toute entreprise. Le [&hellip;]\" \/>\n<meta property=\"og:url\" content=\"https:\/\/taxandlegal-digital-663692.hostingersite.com\/leistungen\/arbeitsrecht-und-mitarbeiterbeteiligungen\/?lang=fr\" \/>\n<meta property=\"og:site_name\" content=\"Tech Summits Legal\" \/>\n<meta property=\"article:modified_time\" content=\"2022-06-08T11:09:37+00:00\" \/>\n<meta name=\"twitter:card\" content=\"summary_large_image\" \/>\n<meta name=\"twitter:label1\" content=\"Est. reading time\" \/>\n\t<meta name=\"twitter:data1\" content=\"1 minute\" \/>\n<script type=\"application\/ld+json\" class=\"yoast-schema-graph\">{\"@context\":\"https:\/\/schema.org\",\"@graph\":[{\"@type\":\"WebPage\",\"@id\":\"https:\/\/taxandlegal-digital-663692.hostingersite.com\/leistungen\/arbeitsrecht-und-mitarbeiterbeteiligungen\/?lang=fr\",\"url\":\"https:\/\/taxandlegal-digital-663692.hostingersite.com\/leistungen\/arbeitsrecht-und-mitarbeiterbeteiligungen\/?lang=fr\",\"name\":\"Droit du travail et participation des salari\u00e9s - Tech Summits Legal\",\"isPartOf\":{\"@id\":\"https:\/\/taxandlegal-digital-663692.hostingersite.com\/#website\"},\"datePublished\":\"2020-08-04T15:25:30+00:00\",\"dateModified\":\"2022-06-08T11:09:37+00:00\",\"breadcrumb\":{\"@id\":\"https:\/\/taxandlegal-digital-663692.hostingersite.com\/leistungen\/arbeitsrecht-und-mitarbeiterbeteiligungen\/?lang=fr#breadcrumb\"},\"inLanguage\":\"fr-FR\",\"potentialAction\":[{\"@type\":\"ReadAction\",\"target\":[\"https:\/\/taxandlegal-digital-663692.hostingersite.com\/leistungen\/arbeitsrecht-und-mitarbeiterbeteiligungen\/?lang=fr\"]}]},{\"@type\":\"BreadcrumbList\",\"@id\":\"https:\/\/taxandlegal-digital-663692.hostingersite.com\/leistungen\/arbeitsrecht-und-mitarbeiterbeteiligungen\/?lang=fr#breadcrumb\",\"itemListElement\":[{\"@type\":\"ListItem\",\"position\":1,\"name\":\"Startseite\",\"item\":\"https:\/\/taxandlegal-digital-663692.hostingersite.com\/fr\/startseite\/\"},{\"@type\":\"ListItem\",\"position\":2,\"name\":\"Nos services\",\"item\":\"https:\/\/taxandlegal-digital-663692.hostingersite.com\/leistungen\/?lang=fr\"},{\"@type\":\"ListItem\",\"position\":3,\"name\":\"Droit du travail et participation des salari\u00e9s\"}]},{\"@type\":\"WebSite\",\"@id\":\"https:\/\/taxandlegal-digital-663692.hostingersite.com\/#website\",\"url\":\"https:\/\/taxandlegal-digital-663692.hostingersite.com\/\",\"name\":\"Tech Summits Legal\",\"description\":\"Rechts- und Steuerberatung aus einer Hand\",\"potentialAction\":[{\"@type\":\"SearchAction\",\"target\":{\"@type\":\"EntryPoint\",\"urlTemplate\":\"https:\/\/taxandlegal-digital-663692.hostingersite.com\/?s={search_term_string}\"},\"query-input\":{\"@type\":\"PropertyValueSpecification\",\"valueRequired\":true,\"valueName\":\"search_term_string\"}}],\"inLanguage\":\"fr-FR\"}]}<\/script>\n<!-- \/ Yoast SEO plugin. -->","yoast_head_json":{"title":"Droit du travail et participation des salari\u00e9s - Tech Summits Legal","robots":{"index":"index","follow":"follow","max-snippet":"max-snippet:-1","max-image-preview":"max-image-preview:large","max-video-preview":"max-video-preview:-1"},"canonical":"https:\/\/taxandlegal-digital-663692.hostingersite.com\/leistungen\/arbeitsrecht-und-mitarbeiterbeteiligungen\/?lang=fr","og_locale":"fr_FR","og_type":"article","og_title":"Droit du travail et participation des salari\u00e9s - Tech Summits Legal","og_description":"[vc_row][vc_column width=&#8221;1\/6&#8243;][\/vc_column][vc_column width=&#8221;2\/3&#8243;][vc_column_text] Droit du travail et participation des salari\u00e9s Les salari\u00e9s sont le capital essentiel de toute entreprise. Le [&hellip;]","og_url":"https:\/\/taxandlegal-digital-663692.hostingersite.com\/leistungen\/arbeitsrecht-und-mitarbeiterbeteiligungen\/?lang=fr","og_site_name":"Tech Summits Legal","article_modified_time":"2022-06-08T11:09:37+00:00","twitter_card":"summary_large_image","twitter_misc":{"Est. reading time":"1 minute"},"schema":{"@context":"https:\/\/schema.org","@graph":[{"@type":"WebPage","@id":"https:\/\/taxandlegal-digital-663692.hostingersite.com\/leistungen\/arbeitsrecht-und-mitarbeiterbeteiligungen\/?lang=fr","url":"https:\/\/taxandlegal-digital-663692.hostingersite.com\/leistungen\/arbeitsrecht-und-mitarbeiterbeteiligungen\/?lang=fr","name":"Droit du travail et participation des salari\u00e9s - Tech Summits Legal","isPartOf":{"@id":"https:\/\/taxandlegal-digital-663692.hostingersite.com\/#website"},"datePublished":"2020-08-04T15:25:30+00:00","dateModified":"2022-06-08T11:09:37+00:00","breadcrumb":{"@id":"https:\/\/taxandlegal-digital-663692.hostingersite.com\/leistungen\/arbeitsrecht-und-mitarbeiterbeteiligungen\/?lang=fr#breadcrumb"},"inLanguage":"fr-FR","potentialAction":[{"@type":"ReadAction","target":["https:\/\/taxandlegal-digital-663692.hostingersite.com\/leistungen\/arbeitsrecht-und-mitarbeiterbeteiligungen\/?lang=fr"]}]},{"@type":"BreadcrumbList","@id":"https:\/\/taxandlegal-digital-663692.hostingersite.com\/leistungen\/arbeitsrecht-und-mitarbeiterbeteiligungen\/?lang=fr#breadcrumb","itemListElement":[{"@type":"ListItem","position":1,"name":"Startseite","item":"https:\/\/taxandlegal-digital-663692.hostingersite.com\/fr\/startseite\/"},{"@type":"ListItem","position":2,"name":"Nos services","item":"https:\/\/taxandlegal-digital-663692.hostingersite.com\/leistungen\/?lang=fr"},{"@type":"ListItem","position":3,"name":"Droit du travail et participation des salari\u00e9s"}]},{"@type":"WebSite","@id":"https:\/\/taxandlegal-digital-663692.hostingersite.com\/#website","url":"https:\/\/taxandlegal-digital-663692.hostingersite.com\/","name":"Tech Summits Legal","description":"Rechts- und Steuerberatung aus einer Hand","potentialAction":[{"@type":"SearchAction","target":{"@type":"EntryPoint","urlTemplate":"https:\/\/taxandlegal-digital-663692.hostingersite.com\/?s={search_term_string}"},"query-input":{"@type":"PropertyValueSpecification","valueRequired":true,"valueName":"search_term_string"}}],"inLanguage":"fr-FR"}]}},"_links":{"self":[{"href":"https:\/\/taxandlegal.digital\/fr\/wp-json\/wp\/v2\/pages\/585","targetHints":{"allow":["GET"]}}],"collection":[{"href":"https:\/\/taxandlegal.digital\/fr\/wp-json\/wp\/v2\/pages"}],"about":[{"href":"https:\/\/taxandlegal.digital\/fr\/wp-json\/wp\/v2\/types\/page"}],"author":[{"embeddable":true,"href":"https:\/\/taxandlegal.digital\/fr\/wp-json\/wp\/v2\/users\/9"}],"replies":[{"embeddable":true,"href":"https:\/\/taxandlegal.digital\/fr\/wp-json\/wp\/v2\/comments?post=585"}],"version-history":[{"count":3,"href":"https:\/\/taxandlegal.digital\/fr\/wp-json\/wp\/v2\/pages\/585\/revisions"}],"predecessor-version":[{"id":1268,"href":"https:\/\/taxandlegal.digital\/fr\/wp-json\/wp\/v2\/pages\/585\/revisions\/1268"}],"up":[{"embeddable":true,"href":"https:\/\/taxandlegal.digital\/fr\/wp-json\/wp\/v2\/pages\/798"}],"wp:attachment":[{"href":"https:\/\/taxandlegal.digital\/fr\/wp-json\/wp\/v2\/media?parent=585"}],"curies":[{"name":"wp","href":"https:\/\/api.w.org\/{rel}","templated":true}]}}