{"id":607,"date":"2020-08-04T17:20:59","date_gmt":"2020-08-04T15:20:59","guid":{"rendered":"https:\/\/www.tech-summits-legal.de\/steuerrecht\/"},"modified":"2022-06-08T13:28:09","modified_gmt":"2022-06-08T11:28:09","slug":"steuerrecht","status":"publish","type":"page","link":"https:\/\/taxandlegal.digital\/fr\/leistungen\/steuerrecht\/","title":{"rendered":"Droit fiscal pour les start-up"},"content":{"rendered":"<p>[vc_row][vc_column width=&#8221;1\/6&#8243;][\/vc_column][vc_column width=&#8221;2\/3&#8243;][vc_column_text]<\/p>\n<h1>Droit fiscal pour les start-up<\/h1>\n<p>Le droit fiscal pose souvent des d\u00e9fis aux start-up. En effet, outre les difficult\u00e9s li\u00e9es \u00e0 la mise en place d&#8217;une comptabilit\u00e9 correcte, il s&#8217;agit \u00e9galement de v\u00e9rifier le mod\u00e8le d&#8217;entreprise envisag\u00e9 du point de vue du droit fiscal et, pour le dire de mani\u00e8re plus g\u00e9n\u00e9rale, d&#8217;\u00e9viter les pi\u00e8ges fiscaux.<\/p>\n<p>En ce qui concerne <strong>la taxe sur le chiffre d&#8217;affaires<\/strong>, de nombreux pi\u00e8ges se cachent, surtout dans le domaine de <strong>la vente par correspondance<\/strong> et du commerce en ligne. Une attention particuli\u00e8re doit \u00eatre accord\u00e9e au commerce de marchandises ou de services dans l&#8217;UE ou m\u00eame dans des pays tiers. Il existe ici diff\u00e9rentes particularit\u00e9s en mati\u00e8re de TVA qui doivent \u00eatre appliqu\u00e9es correctement.<\/p>\n<p><strong>Les distributions cach\u00e9es de b\u00e9n\u00e9fices<\/strong> et <strong>les apports cach\u00e9s<\/strong> constituent un autre \u00e9cueil fiscal. Il convient de noter que ceux-ci doivent \u00eatre pris en compte dans l&#8217;imp\u00f4t sur les soci\u00e9t\u00e9s. Les \u00e9l\u00e9ments \u00e0 prendre en compte et les cons\u00e9quences de leur non-respect varient en fonction de la situation. Nous sommes \u00e0 votre disposition pour vous conseiller.<\/p>\n<p>Nous vous aidons volontiers <strong>\u00e0 mettre en place votre comptabilit\u00e9<\/strong>, \u00e0 trouver la bonne m\u00e9thode comptable, \u00e0 \u00e9tablir des rapports et un contr\u00f4le de gestion gr\u00e2ce \u00e0 des \u00e9valuations mensuelles, ainsi qu&#8217;\u00e0 planifier la rentabilit\u00e9 et les liquidit\u00e9s. En mati\u00e8re de comptabilit\u00e9, il existe en principe deux possibilit\u00e9s pour calculer son b\u00e9n\u00e9fice : D&#8217;une part, la comptabilit\u00e9 en partie double et, d&#8217;autre part, le compte de r\u00e9sultat. La m\u00e9thode de comptabilit\u00e9 qu&#8217;une entreprise doit utiliser d\u00e9pend de trois crit\u00e8res essentiels. Ce sont : La forme juridique, le fait qu&#8217;une entreprise soit inscrite ou non au registre du commerce ainsi que le chiffre d&#8217;affaires annuel et l&#8217;exc\u00e9dent annuel que l&#8217;entreprise r\u00e9alise.<\/p>\n<p>Ensemble, nous pouvons \u00e9galement mettre en place un flux de travaux pour que votre entreprise fonctionne parfaitement en mati\u00e8re de comptabilit\u00e9.<\/p>\n<p>Votre contact dans ce domaine est le conseiller fiscal Markus Kleer.[\/vc_column_text][\/vc_column][vc_column width=&#8221;1\/6&#8243;][\/vc_column][\/vc_row]<\/p>\n","protected":false},"excerpt":{"rendered":"<p>[vc_row][vc_column width=&#8221;1\/6&#8243;][\/vc_column][vc_column width=&#8221;2\/3&#8243;][vc_column_text] Droit fiscal pour les start-up Le droit fiscal pose souvent des d\u00e9fis aux start-up. En effet, outre [&hellip;]<\/p>\n","protected":false},"author":9,"featured_media":0,"parent":798,"menu_order":17,"comment_status":"closed","ping_status":"closed","template":"","meta":{"footnotes":""},"class_list":["post-607","page","type-page","status-publish","hentry"],"yoast_head":"<!-- This site is optimized with the Yoast SEO plugin v26.7 - https:\/\/yoast.com\/wordpress\/plugins\/seo\/ -->\n<title>Droit fiscal pour les start-up - Tech Summits Legal<\/title>\n<meta name=\"robots\" content=\"index, follow, max-snippet:-1, max-image-preview:large, max-video-preview:-1\" \/>\n<link rel=\"canonical\" href=\"https:\/\/taxandlegal-digital-663692.hostingersite.com\/leistungen\/steuerrecht\/?lang=fr\" \/>\n<meta property=\"og:locale\" content=\"fr_FR\" \/>\n<meta property=\"og:type\" content=\"article\" \/>\n<meta property=\"og:title\" content=\"Droit fiscal pour les start-up - Tech Summits Legal\" \/>\n<meta property=\"og:description\" content=\"[vc_row][vc_column width=&#8221;1\/6&#8243;][\/vc_column][vc_column width=&#8221;2\/3&#8243;][vc_column_text] Droit fiscal pour les start-up Le droit fiscal pose souvent des d\u00e9fis aux start-up. En effet, outre [&hellip;]\" \/>\n<meta property=\"og:url\" content=\"https:\/\/taxandlegal-digital-663692.hostingersite.com\/leistungen\/steuerrecht\/?lang=fr\" \/>\n<meta property=\"og:site_name\" content=\"Tech Summits Legal\" \/>\n<meta property=\"article:modified_time\" content=\"2022-06-08T11:28:09+00:00\" \/>\n<meta name=\"twitter:card\" content=\"summary_large_image\" \/>\n<meta name=\"twitter:label1\" content=\"Est. reading time\" \/>\n\t<meta name=\"twitter:data1\" content=\"2 minutes\" \/>\n<script type=\"application\/ld+json\" class=\"yoast-schema-graph\">{\"@context\":\"https:\/\/schema.org\",\"@graph\":[{\"@type\":\"WebPage\",\"@id\":\"https:\/\/taxandlegal-digital-663692.hostingersite.com\/leistungen\/steuerrecht\/?lang=fr\",\"url\":\"https:\/\/taxandlegal-digital-663692.hostingersite.com\/leistungen\/steuerrecht\/?lang=fr\",\"name\":\"Droit fiscal pour les start-up - Tech Summits Legal\",\"isPartOf\":{\"@id\":\"https:\/\/taxandlegal-digital-663692.hostingersite.com\/#website\"},\"datePublished\":\"2020-08-04T15:20:59+00:00\",\"dateModified\":\"2022-06-08T11:28:09+00:00\",\"breadcrumb\":{\"@id\":\"https:\/\/taxandlegal-digital-663692.hostingersite.com\/leistungen\/steuerrecht\/?lang=fr#breadcrumb\"},\"inLanguage\":\"fr-FR\",\"potentialAction\":[{\"@type\":\"ReadAction\",\"target\":[\"https:\/\/taxandlegal-digital-663692.hostingersite.com\/leistungen\/steuerrecht\/?lang=fr\"]}]},{\"@type\":\"BreadcrumbList\",\"@id\":\"https:\/\/taxandlegal-digital-663692.hostingersite.com\/leistungen\/steuerrecht\/?lang=fr#breadcrumb\",\"itemListElement\":[{\"@type\":\"ListItem\",\"position\":1,\"name\":\"Startseite\",\"item\":\"https:\/\/taxandlegal-digital-663692.hostingersite.com\/fr\/startseite\/\"},{\"@type\":\"ListItem\",\"position\":2,\"name\":\"Nos services\",\"item\":\"https:\/\/taxandlegal-digital-663692.hostingersite.com\/leistungen\/?lang=fr\"},{\"@type\":\"ListItem\",\"position\":3,\"name\":\"Droit fiscal pour les start-up\"}]},{\"@type\":\"WebSite\",\"@id\":\"https:\/\/taxandlegal-digital-663692.hostingersite.com\/#website\",\"url\":\"https:\/\/taxandlegal-digital-663692.hostingersite.com\/\",\"name\":\"Tech Summits Legal\",\"description\":\"Rechts- und Steuerberatung aus einer Hand\",\"potentialAction\":[{\"@type\":\"SearchAction\",\"target\":{\"@type\":\"EntryPoint\",\"urlTemplate\":\"https:\/\/taxandlegal-digital-663692.hostingersite.com\/?s={search_term_string}\"},\"query-input\":{\"@type\":\"PropertyValueSpecification\",\"valueRequired\":true,\"valueName\":\"search_term_string\"}}],\"inLanguage\":\"fr-FR\"}]}<\/script>\n<!-- \/ Yoast SEO plugin. -->","yoast_head_json":{"title":"Droit fiscal pour les start-up - Tech Summits Legal","robots":{"index":"index","follow":"follow","max-snippet":"max-snippet:-1","max-image-preview":"max-image-preview:large","max-video-preview":"max-video-preview:-1"},"canonical":"https:\/\/taxandlegal-digital-663692.hostingersite.com\/leistungen\/steuerrecht\/?lang=fr","og_locale":"fr_FR","og_type":"article","og_title":"Droit fiscal pour les start-up - Tech Summits Legal","og_description":"[vc_row][vc_column width=&#8221;1\/6&#8243;][\/vc_column][vc_column width=&#8221;2\/3&#8243;][vc_column_text] Droit fiscal pour les start-up Le droit fiscal pose souvent des d\u00e9fis aux start-up. En effet, outre [&hellip;]","og_url":"https:\/\/taxandlegal-digital-663692.hostingersite.com\/leistungen\/steuerrecht\/?lang=fr","og_site_name":"Tech Summits Legal","article_modified_time":"2022-06-08T11:28:09+00:00","twitter_card":"summary_large_image","twitter_misc":{"Est. reading time":"2 minutes"},"schema":{"@context":"https:\/\/schema.org","@graph":[{"@type":"WebPage","@id":"https:\/\/taxandlegal-digital-663692.hostingersite.com\/leistungen\/steuerrecht\/?lang=fr","url":"https:\/\/taxandlegal-digital-663692.hostingersite.com\/leistungen\/steuerrecht\/?lang=fr","name":"Droit fiscal pour les start-up - Tech Summits Legal","isPartOf":{"@id":"https:\/\/taxandlegal-digital-663692.hostingersite.com\/#website"},"datePublished":"2020-08-04T15:20:59+00:00","dateModified":"2022-06-08T11:28:09+00:00","breadcrumb":{"@id":"https:\/\/taxandlegal-digital-663692.hostingersite.com\/leistungen\/steuerrecht\/?lang=fr#breadcrumb"},"inLanguage":"fr-FR","potentialAction":[{"@type":"ReadAction","target":["https:\/\/taxandlegal-digital-663692.hostingersite.com\/leistungen\/steuerrecht\/?lang=fr"]}]},{"@type":"BreadcrumbList","@id":"https:\/\/taxandlegal-digital-663692.hostingersite.com\/leistungen\/steuerrecht\/?lang=fr#breadcrumb","itemListElement":[{"@type":"ListItem","position":1,"name":"Startseite","item":"https:\/\/taxandlegal-digital-663692.hostingersite.com\/fr\/startseite\/"},{"@type":"ListItem","position":2,"name":"Nos services","item":"https:\/\/taxandlegal-digital-663692.hostingersite.com\/leistungen\/?lang=fr"},{"@type":"ListItem","position":3,"name":"Droit fiscal pour les start-up"}]},{"@type":"WebSite","@id":"https:\/\/taxandlegal-digital-663692.hostingersite.com\/#website","url":"https:\/\/taxandlegal-digital-663692.hostingersite.com\/","name":"Tech Summits Legal","description":"Rechts- und Steuerberatung aus einer Hand","potentialAction":[{"@type":"SearchAction","target":{"@type":"EntryPoint","urlTemplate":"https:\/\/taxandlegal-digital-663692.hostingersite.com\/?s={search_term_string}"},"query-input":{"@type":"PropertyValueSpecification","valueRequired":true,"valueName":"search_term_string"}}],"inLanguage":"fr-FR"}]}},"_links":{"self":[{"href":"https:\/\/taxandlegal.digital\/fr\/wp-json\/wp\/v2\/pages\/607","targetHints":{"allow":["GET"]}}],"collection":[{"href":"https:\/\/taxandlegal.digital\/fr\/wp-json\/wp\/v2\/pages"}],"about":[{"href":"https:\/\/taxandlegal.digital\/fr\/wp-json\/wp\/v2\/types\/page"}],"author":[{"embeddable":true,"href":"https:\/\/taxandlegal.digital\/fr\/wp-json\/wp\/v2\/users\/9"}],"replies":[{"embeddable":true,"href":"https:\/\/taxandlegal.digital\/fr\/wp-json\/wp\/v2\/comments?post=607"}],"version-history":[{"count":5,"href":"https:\/\/taxandlegal.digital\/fr\/wp-json\/wp\/v2\/pages\/607\/revisions"}],"predecessor-version":[{"id":1271,"href":"https:\/\/taxandlegal.digital\/fr\/wp-json\/wp\/v2\/pages\/607\/revisions\/1271"}],"up":[{"embeddable":true,"href":"https:\/\/taxandlegal.digital\/fr\/wp-json\/wp\/v2\/pages\/798"}],"wp:attachment":[{"href":"https:\/\/taxandlegal.digital\/fr\/wp-json\/wp\/v2\/media?parent=607"}],"curies":[{"name":"wp","href":"https:\/\/api.w.org\/{rel}","templated":true}]}}