{"id":612,"date":"2020-08-04T17:25:44","date_gmt":"2020-08-04T15:25:44","guid":{"rendered":"https:\/\/www.tech-summits-legal.de\/verwaltungsrecht-und-regulatories\/"},"modified":"2022-06-08T13:21:05","modified_gmt":"2022-06-08T11:21:05","slug":"verwaltungsrecht-und-regulatories","status":"publish","type":"page","link":"https:\/\/taxandlegal.digital\/fr\/leistungen\/verwaltungsrecht-und-regulatories\/","title":{"rendered":"Droit administratif et r\u00e9glementation"},"content":{"rendered":"<p>[vc_row][vc_column width=&#8221;1\/6&#8243;][\/vc_column][vc_column width=&#8221;2\/3&#8243;][vc_column_text]<\/p>\n<h1>Droit administratif et r\u00e9glementation<\/h1>\n<p>Jouets, \u00e9quipements de protection individuelle, appareils \u00e9lectriques, dispositifs m\u00e9dicaux\u2026 Lorsque vous lancez un nouveau produit sur le march\u00e9, il y a beaucoup de choses \u00e0 prendre en compte. Surtout les exigences que l\u2019UE a d\u00e9velopp\u00e9es pour<strong> harmoniser le march\u00e9 int\u00e9rieur<\/strong>. \u00c0 cette fin, elle a adopt\u00e9 un grand nombre de directives qui sont converties en lois et r\u00e8glements nationaux directement applicables dans les \u00c9tats membres. Votre produit doit \u00eatre conforme \u00e0 ces directives avant d\u2019\u00eatre mis sur le march\u00e9, et des r\u00e9glementations s\u2019appliquent, auxquelles doivent se conformer tant les fabricants que les distributeurs. Il n\u2019est pas toujours facile de s\u2019y retrouver dans la masse de ces exigences, c\u2019est pourquoi nous serons heureux de vous aider \u00e0 <strong>adapter vos produits \u00e0 la r\u00e9glementation<\/strong>.<\/p>\n<p>Votre contact dans ce domaine est l\u2019avocat Oliver Pikolleck.[\/vc_column_text][\/vc_column][vc_column width=&#8221;1\/6&#8243;][\/vc_column][\/vc_row]<\/p>\n","protected":false},"excerpt":{"rendered":"<p>[vc_row][vc_column width=&#8221;1\/6&#8243;][\/vc_column][vc_column width=&#8221;2\/3&#8243;][vc_column_text] Droit administratif et r\u00e9glementation Jouets, \u00e9quipements de protection individuelle, appareils \u00e9lectriques, dispositifs m\u00e9dicaux\u2026 Lorsque vous lancez un [&hellip;]<\/p>\n","protected":false},"author":9,"featured_media":0,"parent":798,"menu_order":18,"comment_status":"closed","ping_status":"closed","template":"","meta":{"footnotes":""},"class_list":["post-612","page","type-page","status-publish","hentry"],"yoast_head":"<!-- This site is optimized with the Yoast SEO plugin v26.7 - https:\/\/yoast.com\/wordpress\/plugins\/seo\/ -->\n<title>Droit administratif et r\u00e9glementation - Tech Summits Legal<\/title>\n<meta name=\"robots\" content=\"index, follow, max-snippet:-1, max-image-preview:large, max-video-preview:-1\" \/>\n<link rel=\"canonical\" href=\"https:\/\/taxandlegal-digital-663692.hostingersite.com\/leistungen\/verwaltungsrecht-und-regulatories\/?lang=fr\" \/>\n<meta property=\"og:locale\" content=\"fr_FR\" \/>\n<meta property=\"og:type\" content=\"article\" \/>\n<meta property=\"og:title\" content=\"Droit administratif et r\u00e9glementation - Tech Summits Legal\" \/>\n<meta property=\"og:description\" content=\"[vc_row][vc_column width=&#8221;1\/6&#8243;][\/vc_column][vc_column width=&#8221;2\/3&#8243;][vc_column_text] Droit administratif et r\u00e9glementation Jouets, \u00e9quipements de protection individuelle, appareils \u00e9lectriques, dispositifs m\u00e9dicaux\u2026 Lorsque vous lancez un [&hellip;]\" \/>\n<meta property=\"og:url\" content=\"https:\/\/taxandlegal-digital-663692.hostingersite.com\/leistungen\/verwaltungsrecht-und-regulatories\/?lang=fr\" \/>\n<meta property=\"og:site_name\" content=\"Tech Summits Legal\" \/>\n<meta property=\"article:modified_time\" content=\"2022-06-08T11:21:05+00:00\" \/>\n<meta name=\"twitter:card\" content=\"summary_large_image\" \/>\n<meta name=\"twitter:label1\" content=\"Est. reading time\" \/>\n\t<meta name=\"twitter:data1\" content=\"1 minute\" \/>\n<script type=\"application\/ld+json\" class=\"yoast-schema-graph\">{\"@context\":\"https:\/\/schema.org\",\"@graph\":[{\"@type\":\"WebPage\",\"@id\":\"https:\/\/taxandlegal-digital-663692.hostingersite.com\/leistungen\/verwaltungsrecht-und-regulatories\/?lang=fr\",\"url\":\"https:\/\/taxandlegal-digital-663692.hostingersite.com\/leistungen\/verwaltungsrecht-und-regulatories\/?lang=fr\",\"name\":\"Droit administratif et r\u00e9glementation - Tech Summits Legal\",\"isPartOf\":{\"@id\":\"https:\/\/taxandlegal-digital-663692.hostingersite.com\/#website\"},\"datePublished\":\"2020-08-04T15:25:44+00:00\",\"dateModified\":\"2022-06-08T11:21:05+00:00\",\"breadcrumb\":{\"@id\":\"https:\/\/taxandlegal-digital-663692.hostingersite.com\/leistungen\/verwaltungsrecht-und-regulatories\/?lang=fr#breadcrumb\"},\"inLanguage\":\"fr-FR\",\"potentialAction\":[{\"@type\":\"ReadAction\",\"target\":[\"https:\/\/taxandlegal-digital-663692.hostingersite.com\/leistungen\/verwaltungsrecht-und-regulatories\/?lang=fr\"]}]},{\"@type\":\"BreadcrumbList\",\"@id\":\"https:\/\/taxandlegal-digital-663692.hostingersite.com\/leistungen\/verwaltungsrecht-und-regulatories\/?lang=fr#breadcrumb\",\"itemListElement\":[{\"@type\":\"ListItem\",\"position\":1,\"name\":\"Startseite\",\"item\":\"https:\/\/taxandlegal-digital-663692.hostingersite.com\/fr\/startseite\/\"},{\"@type\":\"ListItem\",\"position\":2,\"name\":\"Nos services\",\"item\":\"https:\/\/taxandlegal-digital-663692.hostingersite.com\/leistungen\/?lang=fr\"},{\"@type\":\"ListItem\",\"position\":3,\"name\":\"Droit administratif et r\u00e9glementation\"}]},{\"@type\":\"WebSite\",\"@id\":\"https:\/\/taxandlegal-digital-663692.hostingersite.com\/#website\",\"url\":\"https:\/\/taxandlegal-digital-663692.hostingersite.com\/\",\"name\":\"Tech Summits Legal\",\"description\":\"Rechts- und Steuerberatung aus einer Hand\",\"potentialAction\":[{\"@type\":\"SearchAction\",\"target\":{\"@type\":\"EntryPoint\",\"urlTemplate\":\"https:\/\/taxandlegal-digital-663692.hostingersite.com\/?s={search_term_string}\"},\"query-input\":{\"@type\":\"PropertyValueSpecification\",\"valueRequired\":true,\"valueName\":\"search_term_string\"}}],\"inLanguage\":\"fr-FR\"}]}<\/script>\n<!-- \/ Yoast SEO plugin. -->","yoast_head_json":{"title":"Droit administratif et r\u00e9glementation - Tech Summits Legal","robots":{"index":"index","follow":"follow","max-snippet":"max-snippet:-1","max-image-preview":"max-image-preview:large","max-video-preview":"max-video-preview:-1"},"canonical":"https:\/\/taxandlegal-digital-663692.hostingersite.com\/leistungen\/verwaltungsrecht-und-regulatories\/?lang=fr","og_locale":"fr_FR","og_type":"article","og_title":"Droit administratif et r\u00e9glementation - Tech Summits Legal","og_description":"[vc_row][vc_column width=&#8221;1\/6&#8243;][\/vc_column][vc_column width=&#8221;2\/3&#8243;][vc_column_text] Droit administratif et r\u00e9glementation Jouets, \u00e9quipements de protection individuelle, appareils \u00e9lectriques, dispositifs m\u00e9dicaux\u2026 Lorsque vous lancez un [&hellip;]","og_url":"https:\/\/taxandlegal-digital-663692.hostingersite.com\/leistungen\/verwaltungsrecht-und-regulatories\/?lang=fr","og_site_name":"Tech Summits Legal","article_modified_time":"2022-06-08T11:21:05+00:00","twitter_card":"summary_large_image","twitter_misc":{"Est. reading time":"1 minute"},"schema":{"@context":"https:\/\/schema.org","@graph":[{"@type":"WebPage","@id":"https:\/\/taxandlegal-digital-663692.hostingersite.com\/leistungen\/verwaltungsrecht-und-regulatories\/?lang=fr","url":"https:\/\/taxandlegal-digital-663692.hostingersite.com\/leistungen\/verwaltungsrecht-und-regulatories\/?lang=fr","name":"Droit administratif et r\u00e9glementation - Tech Summits Legal","isPartOf":{"@id":"https:\/\/taxandlegal-digital-663692.hostingersite.com\/#website"},"datePublished":"2020-08-04T15:25:44+00:00","dateModified":"2022-06-08T11:21:05+00:00","breadcrumb":{"@id":"https:\/\/taxandlegal-digital-663692.hostingersite.com\/leistungen\/verwaltungsrecht-und-regulatories\/?lang=fr#breadcrumb"},"inLanguage":"fr-FR","potentialAction":[{"@type":"ReadAction","target":["https:\/\/taxandlegal-digital-663692.hostingersite.com\/leistungen\/verwaltungsrecht-und-regulatories\/?lang=fr"]}]},{"@type":"BreadcrumbList","@id":"https:\/\/taxandlegal-digital-663692.hostingersite.com\/leistungen\/verwaltungsrecht-und-regulatories\/?lang=fr#breadcrumb","itemListElement":[{"@type":"ListItem","position":1,"name":"Startseite","item":"https:\/\/taxandlegal-digital-663692.hostingersite.com\/fr\/startseite\/"},{"@type":"ListItem","position":2,"name":"Nos services","item":"https:\/\/taxandlegal-digital-663692.hostingersite.com\/leistungen\/?lang=fr"},{"@type":"ListItem","position":3,"name":"Droit administratif et r\u00e9glementation"}]},{"@type":"WebSite","@id":"https:\/\/taxandlegal-digital-663692.hostingersite.com\/#website","url":"https:\/\/taxandlegal-digital-663692.hostingersite.com\/","name":"Tech Summits Legal","description":"Rechts- und Steuerberatung aus einer Hand","potentialAction":[{"@type":"SearchAction","target":{"@type":"EntryPoint","urlTemplate":"https:\/\/taxandlegal-digital-663692.hostingersite.com\/?s={search_term_string}"},"query-input":{"@type":"PropertyValueSpecification","valueRequired":true,"valueName":"search_term_string"}}],"inLanguage":"fr-FR"}]}},"_links":{"self":[{"href":"https:\/\/taxandlegal.digital\/fr\/wp-json\/wp\/v2\/pages\/612","targetHints":{"allow":["GET"]}}],"collection":[{"href":"https:\/\/taxandlegal.digital\/fr\/wp-json\/wp\/v2\/pages"}],"about":[{"href":"https:\/\/taxandlegal.digital\/fr\/wp-json\/wp\/v2\/types\/page"}],"author":[{"embeddable":true,"href":"https:\/\/taxandlegal.digital\/fr\/wp-json\/wp\/v2\/users\/9"}],"replies":[{"embeddable":true,"href":"https:\/\/taxandlegal.digital\/fr\/wp-json\/wp\/v2\/comments?post=612"}],"version-history":[{"count":4,"href":"https:\/\/taxandlegal.digital\/fr\/wp-json\/wp\/v2\/pages\/612\/revisions"}],"predecessor-version":[{"id":1270,"href":"https:\/\/taxandlegal.digital\/fr\/wp-json\/wp\/v2\/pages\/612\/revisions\/1270"}],"up":[{"embeddable":true,"href":"https:\/\/taxandlegal.digital\/fr\/wp-json\/wp\/v2\/pages\/798"}],"wp:attachment":[{"href":"https:\/\/taxandlegal.digital\/fr\/wp-json\/wp\/v2\/media?parent=612"}],"curies":[{"name":"wp","href":"https:\/\/api.w.org\/{rel}","templated":true}]}}