{"id":624,"date":"2020-07-28T11:14:00","date_gmt":"2020-07-28T09:14:00","guid":{"rendered":"https:\/\/www.tech-summits-legal.de\/kontakt\/"},"modified":"2024-08-07T15:05:38","modified_gmt":"2024-08-07T13:05:38","slug":"kontakt","status":"publish","type":"page","link":"https:\/\/taxandlegal.digital\/fr\/kontakt\/","title":{"rendered":"Contact"},"content":{"rendered":"<p>[vc_row][vc_column width=&#8221;1\/6&#8243;][\/vc_column][vc_column width=&#8221;2\/3&#8243;][vc_column_text]<\/p>\n<h1>Contact<\/h1>\n<p><strong>Nous sommes \u00e0 votre disposition, soit par t\u00e9l\u00e9phone, soit, plus simplement, en nous envoyant rapidement un e-mail et nous vous rappellerons !<\/strong><\/p>\n<div>\n<p>&nbsp;<\/p>\n<p><span style=\"font-weight: 400;\">Lahann, Pikolleck &amp; Partner, Rechtsanw\u00e4lte, Steuerberater PartG<br \/>\n<\/span><span style=\"font-weight: 400;\">Beethovenstra\u00dfe 13<br \/>\n<\/span><span style=\"font-weight: 400;\">66111 Saarbr\u00fccken<\/span><\/p>\n<p>T\u00e9l\u00e9phone : +49 681 37932 \u2013 0<br \/>\nT\u00e9l\u00e9copieur : +49 681 31098<\/p>\n<p><span style=\"font-weight: 400;\">AG Saarbr\u00fccken, PR 223<br \/>\n<\/span>Associ\u00e9s autoris\u00e9s \u00e0 repr\u00e9senter la soci\u00e9t\u00e9 :<br \/>\nAlt, Kerstin, avocate<br \/>\nKleer, Markus, conseiller fiscal<br \/>\nK\u00f6nig, Elina, avocate<br \/>\nLahann, Tilmann, avocat<br \/>\nMayer-Helmstetter, Lisa, avocate<br \/>\nPikolleck, Oliver, avocat<\/p>\n<\/div>\n<p>[\/vc_column_text][\/vc_column][vc_column width=&#8221;1\/6&#8243;][\/vc_column][\/vc_row]<\/p>\n","protected":false},"excerpt":{"rendered":"<p>[vc_row][vc_column width=&#8221;1\/6&#8243;][\/vc_column][vc_column width=&#8221;2\/3&#8243;][vc_column_text] Contact Nous sommes \u00e0 votre disposition, soit par t\u00e9l\u00e9phone, soit, plus simplement, en nous envoyant rapidement un [&hellip;]<\/p>\n","protected":false},"author":9,"featured_media":0,"parent":0,"menu_order":25,"comment_status":"closed","ping_status":"closed","template":"","meta":{"footnotes":""},"class_list":["post-624","page","type-page","status-publish","hentry"],"yoast_head":"<!-- This site is optimized with the Yoast SEO plugin v26.7 - https:\/\/yoast.com\/wordpress\/plugins\/seo\/ -->\n<title>Contact - Tech Summits Legal<\/title>\n<meta name=\"robots\" content=\"index, follow, max-snippet:-1, max-image-preview:large, max-video-preview:-1\" \/>\n<link rel=\"canonical\" href=\"https:\/\/taxandlegal-digital-663692.hostingersite.com\/fr\/kontakt\/\" \/>\n<meta property=\"og:locale\" content=\"fr_FR\" \/>\n<meta property=\"og:type\" content=\"article\" \/>\n<meta property=\"og:title\" content=\"Contact - Tech Summits Legal\" \/>\n<meta property=\"og:description\" content=\"[vc_row][vc_column width=&#8221;1\/6&#8243;][\/vc_column][vc_column width=&#8221;2\/3&#8243;][vc_column_text] Contact Nous sommes \u00e0 votre disposition, soit par t\u00e9l\u00e9phone, soit, plus simplement, en nous envoyant rapidement un [&hellip;]\" \/>\n<meta property=\"og:url\" content=\"https:\/\/taxandlegal-digital-663692.hostingersite.com\/fr\/kontakt\/\" \/>\n<meta property=\"og:site_name\" content=\"Tech Summits Legal\" \/>\n<meta property=\"article:modified_time\" content=\"2024-08-07T13:05:38+00:00\" \/>\n<meta name=\"twitter:card\" content=\"summary_large_image\" \/>\n<meta name=\"twitter:label1\" content=\"Est. reading time\" \/>\n\t<meta name=\"twitter:data1\" content=\"1 minute\" \/>\n<script type=\"application\/ld+json\" class=\"yoast-schema-graph\">{\"@context\":\"https:\/\/schema.org\",\"@graph\":[{\"@type\":\"WebPage\",\"@id\":\"https:\/\/taxandlegal-digital-663692.hostingersite.com\/fr\/kontakt\/\",\"url\":\"https:\/\/taxandlegal-digital-663692.hostingersite.com\/fr\/kontakt\/\",\"name\":\"Contact - Tech Summits Legal\",\"isPartOf\":{\"@id\":\"https:\/\/taxandlegal-digital-663692.hostingersite.com\/#website\"},\"datePublished\":\"2020-07-28T09:14:00+00:00\",\"dateModified\":\"2024-08-07T13:05:38+00:00\",\"breadcrumb\":{\"@id\":\"https:\/\/taxandlegal-digital-663692.hostingersite.com\/fr\/kontakt\/#breadcrumb\"},\"inLanguage\":\"fr-FR\",\"potentialAction\":[{\"@type\":\"ReadAction\",\"target\":[\"https:\/\/taxandlegal-digital-663692.hostingersite.com\/fr\/kontakt\/\"]}]},{\"@type\":\"BreadcrumbList\",\"@id\":\"https:\/\/taxandlegal-digital-663692.hostingersite.com\/fr\/kontakt\/#breadcrumb\",\"itemListElement\":[{\"@type\":\"ListItem\",\"position\":1,\"name\":\"Startseite\",\"item\":\"https:\/\/taxandlegal-digital-663692.hostingersite.com\/fr\/startseite\/\"},{\"@type\":\"ListItem\",\"position\":2,\"name\":\"Contact\"}]},{\"@type\":\"WebSite\",\"@id\":\"https:\/\/taxandlegal-digital-663692.hostingersite.com\/#website\",\"url\":\"https:\/\/taxandlegal-digital-663692.hostingersite.com\/\",\"name\":\"Tech Summits Legal\",\"description\":\"Rechts- und Steuerberatung aus einer Hand\",\"potentialAction\":[{\"@type\":\"SearchAction\",\"target\":{\"@type\":\"EntryPoint\",\"urlTemplate\":\"https:\/\/taxandlegal-digital-663692.hostingersite.com\/?s={search_term_string}\"},\"query-input\":{\"@type\":\"PropertyValueSpecification\",\"valueRequired\":true,\"valueName\":\"search_term_string\"}}],\"inLanguage\":\"fr-FR\"}]}<\/script>\n<!-- \/ Yoast SEO plugin. -->","yoast_head_json":{"title":"Contact - Tech Summits Legal","robots":{"index":"index","follow":"follow","max-snippet":"max-snippet:-1","max-image-preview":"max-image-preview:large","max-video-preview":"max-video-preview:-1"},"canonical":"https:\/\/taxandlegal-digital-663692.hostingersite.com\/fr\/kontakt\/","og_locale":"fr_FR","og_type":"article","og_title":"Contact - Tech Summits Legal","og_description":"[vc_row][vc_column width=&#8221;1\/6&#8243;][\/vc_column][vc_column width=&#8221;2\/3&#8243;][vc_column_text] Contact Nous sommes \u00e0 votre disposition, soit par t\u00e9l\u00e9phone, soit, plus simplement, en nous envoyant rapidement un [&hellip;]","og_url":"https:\/\/taxandlegal-digital-663692.hostingersite.com\/fr\/kontakt\/","og_site_name":"Tech Summits Legal","article_modified_time":"2024-08-07T13:05:38+00:00","twitter_card":"summary_large_image","twitter_misc":{"Est. reading time":"1 minute"},"schema":{"@context":"https:\/\/schema.org","@graph":[{"@type":"WebPage","@id":"https:\/\/taxandlegal-digital-663692.hostingersite.com\/fr\/kontakt\/","url":"https:\/\/taxandlegal-digital-663692.hostingersite.com\/fr\/kontakt\/","name":"Contact - Tech Summits Legal","isPartOf":{"@id":"https:\/\/taxandlegal-digital-663692.hostingersite.com\/#website"},"datePublished":"2020-07-28T09:14:00+00:00","dateModified":"2024-08-07T13:05:38+00:00","breadcrumb":{"@id":"https:\/\/taxandlegal-digital-663692.hostingersite.com\/fr\/kontakt\/#breadcrumb"},"inLanguage":"fr-FR","potentialAction":[{"@type":"ReadAction","target":["https:\/\/taxandlegal-digital-663692.hostingersite.com\/fr\/kontakt\/"]}]},{"@type":"BreadcrumbList","@id":"https:\/\/taxandlegal-digital-663692.hostingersite.com\/fr\/kontakt\/#breadcrumb","itemListElement":[{"@type":"ListItem","position":1,"name":"Startseite","item":"https:\/\/taxandlegal-digital-663692.hostingersite.com\/fr\/startseite\/"},{"@type":"ListItem","position":2,"name":"Contact"}]},{"@type":"WebSite","@id":"https:\/\/taxandlegal-digital-663692.hostingersite.com\/#website","url":"https:\/\/taxandlegal-digital-663692.hostingersite.com\/","name":"Tech Summits Legal","description":"Rechts- und Steuerberatung aus einer Hand","potentialAction":[{"@type":"SearchAction","target":{"@type":"EntryPoint","urlTemplate":"https:\/\/taxandlegal-digital-663692.hostingersite.com\/?s={search_term_string}"},"query-input":{"@type":"PropertyValueSpecification","valueRequired":true,"valueName":"search_term_string"}}],"inLanguage":"fr-FR"}]}},"_links":{"self":[{"href":"https:\/\/taxandlegal.digital\/fr\/wp-json\/wp\/v2\/pages\/624","targetHints":{"allow":["GET"]}}],"collection":[{"href":"https:\/\/taxandlegal.digital\/fr\/wp-json\/wp\/v2\/pages"}],"about":[{"href":"https:\/\/taxandlegal.digital\/fr\/wp-json\/wp\/v2\/types\/page"}],"author":[{"embeddable":true,"href":"https:\/\/taxandlegal.digital\/fr\/wp-json\/wp\/v2\/users\/9"}],"replies":[{"embeddable":true,"href":"https:\/\/taxandlegal.digital\/fr\/wp-json\/wp\/v2\/comments?post=624"}],"version-history":[{"count":7,"href":"https:\/\/taxandlegal.digital\/fr\/wp-json\/wp\/v2\/pages\/624\/revisions"}],"predecessor-version":[{"id":1549,"href":"https:\/\/taxandlegal.digital\/fr\/wp-json\/wp\/v2\/pages\/624\/revisions\/1549"}],"wp:attachment":[{"href":"https:\/\/taxandlegal.digital\/fr\/wp-json\/wp\/v2\/media?parent=624"}],"curies":[{"name":"wp","href":"https:\/\/api.w.org\/{rel}","templated":true}]}}