{"id":639,"date":"2020-08-04T17:16:29","date_gmt":"2020-08-04T15:16:29","guid":{"rendered":"https:\/\/www.tech-summits-legal.de\/angebote\/investoren\/"},"modified":"2022-06-09T07:40:48","modified_gmt":"2022-06-09T05:40:48","slug":"investoren","status":"publish","type":"page","link":"https:\/\/taxandlegal.digital\/fr\/angebote\/investoren\/","title":{"rendered":"Investisseurs"},"content":{"rendered":"<p>[vc_row][vc_column width=&#8221;1\/6&#8243;][\/vc_column][vc_column width=&#8221;2\/3&#8243;][vc_column_text]<\/p>\n<h1>Investisseurs<\/h1>\n<p>Nous conseillons les investisseurs providentiels, les investisseurs du capital-risque strat\u00e9giques, les soci\u00e9t\u00e9s de capital-risque et les investisseurs institutionnels non seulement sur la forme juridique des documents de participation, mais aussi &#8211; si vous le souhaitez &#8211; sur les questions strat\u00e9giques : De la constitution du portefeuille de participations \u00e0 la question de la phase la plus strat\u00e9gique d&#8217;une participation. Nous consid\u00e9rons qu&#8217;il est de notre devoir de trouver des solutions aux probl\u00e8mes qui se posent.<\/p>\n<p>Notre objectif est de soutenir vos activit\u00e9s en tant que &#8220;service juridique externe&#8221;. Nous voulons \u00eatre proches de votre activit\u00e9 afin de vous soutenir et non de vous bloquer. Cela implique une bonne disponibilit\u00e9 de nos partenaires de r\u00e9seau pour de &#8220;br\u00e8ves consultations&#8221;, ainsi qu&#8217;une gestion transparente des co\u00fbts.<\/p>\n<p>Nous facturons toujours nos prestations de conseil sur la base du temps pass\u00e9, toutes les 6 minutes. Les intervalles de temps qui ne sont pas enti\u00e8rement remplis sont arrondis chez nous. Vous recevez une feuille de temps d\u00e9taill\u00e9e tous les mois ou \u00e0 la fin de chaque trimestre. Nous estimons en principe \u00e0 l&#8217;avance le temps n\u00e9cessaire. Nous vous informons imm\u00e9diatement s&#8217;il s&#8217;av\u00e8re que la charge de travail est plus importante que pr\u00e9vu, c&#8217;est-\u00e0-dire avant que la charge de travail n&#8217;apparaisse. Ce sont des choses qui vont de soi, mais qui font partie de notre philosophie.<\/p>\n<p>Nous serions ravis de discuter personnellement avec vous des diff\u00e9rentes formes de collaboration. N&#8217;h\u00e9sitez pas \u00e0 nous contacter ![\/vc_column_text][\/vc_column][vc_column width=&#8221;1\/6&#8243;][\/vc_column][\/vc_row]<\/p>\n","protected":false},"excerpt":{"rendered":"<p>[vc_row][vc_column width=&#8221;1\/6&#8243;][\/vc_column][vc_column width=&#8221;2\/3&#8243;][vc_column_text] Investisseurs Nous conseillons les investisseurs providentiels, les investisseurs du capital-risque strat\u00e9giques, les soci\u00e9t\u00e9s de capital-risque et les [&hellip;]<\/p>\n","protected":false},"author":9,"featured_media":0,"parent":633,"menu_order":0,"comment_status":"closed","ping_status":"closed","template":"","meta":{"footnotes":""},"class_list":["post-639","page","type-page","status-publish","hentry"],"yoast_head":"<!-- This site is optimized with the Yoast SEO plugin v26.7 - https:\/\/yoast.com\/wordpress\/plugins\/seo\/ -->\n<title>Investisseurs - Tech Summits Legal<\/title>\n<meta name=\"robots\" content=\"index, follow, max-snippet:-1, max-image-preview:large, max-video-preview:-1\" \/>\n<link rel=\"canonical\" href=\"https:\/\/taxandlegal-digital-663692.hostingersite.com\/angebote\/investoren\/?lang=fr\" \/>\n<meta property=\"og:locale\" content=\"fr_FR\" \/>\n<meta property=\"og:type\" content=\"article\" \/>\n<meta property=\"og:title\" content=\"Investisseurs - Tech Summits Legal\" \/>\n<meta property=\"og:description\" content=\"[vc_row][vc_column width=&#8221;1\/6&#8243;][\/vc_column][vc_column width=&#8221;2\/3&#8243;][vc_column_text] Investisseurs Nous conseillons les investisseurs providentiels, les investisseurs du capital-risque strat\u00e9giques, les soci\u00e9t\u00e9s de capital-risque et les [&hellip;]\" \/>\n<meta property=\"og:url\" content=\"https:\/\/taxandlegal-digital-663692.hostingersite.com\/angebote\/investoren\/?lang=fr\" \/>\n<meta property=\"og:site_name\" content=\"Tech Summits Legal\" \/>\n<meta property=\"article:modified_time\" content=\"2022-06-09T05:40:48+00:00\" \/>\n<meta name=\"twitter:card\" content=\"summary_large_image\" \/>\n<meta name=\"twitter:label1\" content=\"Est. reading time\" \/>\n\t<meta name=\"twitter:data1\" content=\"1 minute\" \/>\n<script type=\"application\/ld+json\" class=\"yoast-schema-graph\">{\"@context\":\"https:\/\/schema.org\",\"@graph\":[{\"@type\":\"WebPage\",\"@id\":\"https:\/\/taxandlegal-digital-663692.hostingersite.com\/angebote\/investoren\/?lang=fr\",\"url\":\"https:\/\/taxandlegal-digital-663692.hostingersite.com\/angebote\/investoren\/?lang=fr\",\"name\":\"Investisseurs - Tech Summits Legal\",\"isPartOf\":{\"@id\":\"https:\/\/taxandlegal-digital-663692.hostingersite.com\/#website\"},\"datePublished\":\"2020-08-04T15:16:29+00:00\",\"dateModified\":\"2022-06-09T05:40:48+00:00\",\"breadcrumb\":{\"@id\":\"https:\/\/taxandlegal-digital-663692.hostingersite.com\/angebote\/investoren\/?lang=fr#breadcrumb\"},\"inLanguage\":\"fr-FR\",\"potentialAction\":[{\"@type\":\"ReadAction\",\"target\":[\"https:\/\/taxandlegal-digital-663692.hostingersite.com\/angebote\/investoren\/?lang=fr\"]}]},{\"@type\":\"BreadcrumbList\",\"@id\":\"https:\/\/taxandlegal-digital-663692.hostingersite.com\/angebote\/investoren\/?lang=fr#breadcrumb\",\"itemListElement\":[{\"@type\":\"ListItem\",\"position\":1,\"name\":\"Startseite\",\"item\":\"https:\/\/taxandlegal-digital-663692.hostingersite.com\/fr\/startseite\/\"},{\"@type\":\"ListItem\",\"position\":2,\"name\":\"Nous proposons\",\"item\":\"https:\/\/taxandlegal-digital-663692.hostingersite.com\/angebote\/?lang=fr\"},{\"@type\":\"ListItem\",\"position\":3,\"name\":\"Investisseurs\"}]},{\"@type\":\"WebSite\",\"@id\":\"https:\/\/taxandlegal-digital-663692.hostingersite.com\/#website\",\"url\":\"https:\/\/taxandlegal-digital-663692.hostingersite.com\/\",\"name\":\"Tech Summits Legal\",\"description\":\"Rechts- und Steuerberatung aus einer Hand\",\"potentialAction\":[{\"@type\":\"SearchAction\",\"target\":{\"@type\":\"EntryPoint\",\"urlTemplate\":\"https:\/\/taxandlegal-digital-663692.hostingersite.com\/?s={search_term_string}\"},\"query-input\":{\"@type\":\"PropertyValueSpecification\",\"valueRequired\":true,\"valueName\":\"search_term_string\"}}],\"inLanguage\":\"fr-FR\"}]}<\/script>\n<!-- \/ Yoast SEO plugin. -->","yoast_head_json":{"title":"Investisseurs - Tech Summits Legal","robots":{"index":"index","follow":"follow","max-snippet":"max-snippet:-1","max-image-preview":"max-image-preview:large","max-video-preview":"max-video-preview:-1"},"canonical":"https:\/\/taxandlegal-digital-663692.hostingersite.com\/angebote\/investoren\/?lang=fr","og_locale":"fr_FR","og_type":"article","og_title":"Investisseurs - Tech Summits Legal","og_description":"[vc_row][vc_column width=&#8221;1\/6&#8243;][\/vc_column][vc_column width=&#8221;2\/3&#8243;][vc_column_text] Investisseurs Nous conseillons les investisseurs providentiels, les investisseurs du capital-risque strat\u00e9giques, les soci\u00e9t\u00e9s de capital-risque et les [&hellip;]","og_url":"https:\/\/taxandlegal-digital-663692.hostingersite.com\/angebote\/investoren\/?lang=fr","og_site_name":"Tech Summits Legal","article_modified_time":"2022-06-09T05:40:48+00:00","twitter_card":"summary_large_image","twitter_misc":{"Est. reading time":"1 minute"},"schema":{"@context":"https:\/\/schema.org","@graph":[{"@type":"WebPage","@id":"https:\/\/taxandlegal-digital-663692.hostingersite.com\/angebote\/investoren\/?lang=fr","url":"https:\/\/taxandlegal-digital-663692.hostingersite.com\/angebote\/investoren\/?lang=fr","name":"Investisseurs - Tech Summits Legal","isPartOf":{"@id":"https:\/\/taxandlegal-digital-663692.hostingersite.com\/#website"},"datePublished":"2020-08-04T15:16:29+00:00","dateModified":"2022-06-09T05:40:48+00:00","breadcrumb":{"@id":"https:\/\/taxandlegal-digital-663692.hostingersite.com\/angebote\/investoren\/?lang=fr#breadcrumb"},"inLanguage":"fr-FR","potentialAction":[{"@type":"ReadAction","target":["https:\/\/taxandlegal-digital-663692.hostingersite.com\/angebote\/investoren\/?lang=fr"]}]},{"@type":"BreadcrumbList","@id":"https:\/\/taxandlegal-digital-663692.hostingersite.com\/angebote\/investoren\/?lang=fr#breadcrumb","itemListElement":[{"@type":"ListItem","position":1,"name":"Startseite","item":"https:\/\/taxandlegal-digital-663692.hostingersite.com\/fr\/startseite\/"},{"@type":"ListItem","position":2,"name":"Nous proposons","item":"https:\/\/taxandlegal-digital-663692.hostingersite.com\/angebote\/?lang=fr"},{"@type":"ListItem","position":3,"name":"Investisseurs"}]},{"@type":"WebSite","@id":"https:\/\/taxandlegal-digital-663692.hostingersite.com\/#website","url":"https:\/\/taxandlegal-digital-663692.hostingersite.com\/","name":"Tech Summits Legal","description":"Rechts- und Steuerberatung aus einer Hand","potentialAction":[{"@type":"SearchAction","target":{"@type":"EntryPoint","urlTemplate":"https:\/\/taxandlegal-digital-663692.hostingersite.com\/?s={search_term_string}"},"query-input":{"@type":"PropertyValueSpecification","valueRequired":true,"valueName":"search_term_string"}}],"inLanguage":"fr-FR"}]}},"_links":{"self":[{"href":"https:\/\/taxandlegal.digital\/fr\/wp-json\/wp\/v2\/pages\/639","targetHints":{"allow":["GET"]}}],"collection":[{"href":"https:\/\/taxandlegal.digital\/fr\/wp-json\/wp\/v2\/pages"}],"about":[{"href":"https:\/\/taxandlegal.digital\/fr\/wp-json\/wp\/v2\/types\/page"}],"author":[{"embeddable":true,"href":"https:\/\/taxandlegal.digital\/fr\/wp-json\/wp\/v2\/users\/9"}],"replies":[{"embeddable":true,"href":"https:\/\/taxandlegal.digital\/fr\/wp-json\/wp\/v2\/comments?post=639"}],"version-history":[{"count":6,"href":"https:\/\/taxandlegal.digital\/fr\/wp-json\/wp\/v2\/pages\/639\/revisions"}],"predecessor-version":[{"id":1279,"href":"https:\/\/taxandlegal.digital\/fr\/wp-json\/wp\/v2\/pages\/639\/revisions\/1279"}],"up":[{"embeddable":true,"href":"https:\/\/taxandlegal.digital\/fr\/wp-json\/wp\/v2\/pages\/633"}],"wp:attachment":[{"href":"https:\/\/taxandlegal.digital\/fr\/wp-json\/wp\/v2\/media?parent=639"}],"curies":[{"name":"wp","href":"https:\/\/api.w.org\/{rel}","templated":true}]}}