{"id":647,"date":"2020-08-04T17:16:02","date_gmt":"2020-08-04T15:16:02","guid":{"rendered":"https:\/\/www.tech-summits-legal.de\/angebote\/hochschulen-und-forschungseinrichtungen\/"},"modified":"2022-06-09T13:28:35","modified_gmt":"2022-06-09T11:28:35","slug":"hochschulen-und-forschungseinrichtungen","status":"publish","type":"page","link":"https:\/\/taxandlegal.digital\/fr\/angebote\/hochschulen-und-forschungseinrichtungen\/","title":{"rendered":"Universit\u00e9s et institutions de recherche"},"content":{"rendered":"<p>[vc_row][vc_column width=&#8221;1\/6&#8243;][\/vc_column][vc_column width=&#8221;2\/3&#8243;][vc_column_text]<\/p>\n<h1>Universit\u00e9s et instituts de recherche<\/h1>\n<p>Le conseil aux \u00e9tablissements d&#8217;enseignement sup\u00e9rieur et aux instituts de recherche en mati\u00e8re de transfert de technologie se caract\u00e9rise par la grande complexit\u00e9 du cadre juridique. Outre les d\u00e9fis &#8220;classiques&#8221; de droit civil des contrats de R&amp;D et de valorisation, il faut tenir compte des dispositions de droit public, telles que les politiques locales et le droit statutaire de l&#8217;\u00e9tablissement concern\u00e9, le droit public national, par exemple sous la forme du droit budg\u00e9taire, le droit des aides d&#8217;\u00c9tat, le droit des ententes, le droit du contr\u00f4le des exportations, le droit des inventions de salari\u00e9s, etc.<\/p>\n<p>Les int\u00e9r\u00eats des parties prenantes sont multiples et ne vont pas toujours de pair. De m\u00eame, la complexit\u00e9 du contenu des projets de recherche ou des propri\u00e9t\u00e9s intellectuelles qui en d\u00e9coulent est souvent \u00e9norme, sans parler de la charge administrative et purement logistique qu&#8217;implique la n\u00e9gociation d&#8217;un programme de coop\u00e9ration de l&#8217;UE ou d&#8217;une \u00e9tude clinique.<\/p>\n<p>Nos partenaires de r\u00e9seau r\u00e9unissent des ann\u00e9es d&#8217;exp\u00e9rience dans le transfert de technologie, dont ils connaissent toutes les facettes. En r\u00e8gle g\u00e9n\u00e9rale, nous travaillons avec les services juridiques responsables du transfert de technologie afin de leur apporter un soutien en termes de contenu et d&#8217;aider ainsi \u00e0 absorber les pics de charge d&#8217;une mani\u00e8re tr\u00e8s flexible.<\/p>\n<p>Notre objectif est de soutenir vos activit\u00e9s en tant qu'&#8221;extension externe du service juridique&#8221;. Nous voulons \u00eatre proches de votre activit\u00e9 et essayer de vous soutenir et non de vous bloquer. Cela implique une bonne disponibilit\u00e9 de nos partenaires de r\u00e9seau pour de &#8220;br\u00e8ves consultations&#8221;, ainsi qu&#8217;une gestion transparente des co\u00fbts.<\/p>\n<p>Nous facturons toujours nos prestations de conseil sur la base du temps pass\u00e9, toutes les 6 minutes. Les intervalles de temps qui ne sont pas enti\u00e8rement remplis sont arrondis chez nous. Vous recevez une feuille de temps d\u00e9taill\u00e9e tous les mois ou \u00e0 la fin de chaque trimestre. Nous estimons en principe \u00e0 l&#8217;avance le temps n\u00e9cessaire. Nous vous informons imm\u00e9diatement s&#8217;il s&#8217;av\u00e8re que la charge de travail est plus importante que pr\u00e9vu, c&#8217;est-\u00e0-dire avant que la charge de travail n&#8217;apparaisse. Ce sont des choses qui vont de soi, mais qui font partie de notre philosophie.<\/p>\n<p>Pour les universit\u00e9s et les instituts de recherche, nous proposons \u00e9galement des forfaits standardis\u00e9s li\u00e9s \u00e0 des contrats ou des contingents d&#8217;heures mensuels fixes \u00e0 des conditions avantageuses. Cela nous permet d&#8217;intervenir en cas de maladie ou de grossesse et d&#8217;offrir ainsi \u00e0 nos clients une flexibilit\u00e9 maximale. N&#8217;h\u00e9sitez pas \u00e0 nous contacter ![\/vc_column_text][\/vc_column][vc_column width=&#8221;1\/6&#8243;][\/vc_column][\/vc_row]<\/p>\n","protected":false},"excerpt":{"rendered":"<p>[vc_row][vc_column width=&#8221;1\/6&#8243;][\/vc_column][vc_column width=&#8221;2\/3&#8243;][vc_column_text] Universit\u00e9s et instituts de recherche Le conseil aux \u00e9tablissements d&#8217;enseignement sup\u00e9rieur et aux instituts de recherche en [&hellip;]<\/p>\n","protected":false},"author":9,"featured_media":0,"parent":633,"menu_order":20,"comment_status":"closed","ping_status":"closed","template":"","meta":{"footnotes":""},"class_list":["post-647","page","type-page","status-publish","hentry"],"yoast_head":"<!-- This site is optimized with the Yoast SEO plugin v26.7 - https:\/\/yoast.com\/wordpress\/plugins\/seo\/ -->\n<title>Universit\u00e9s et institutions de recherche - Tech Summits Legal<\/title>\n<meta name=\"robots\" content=\"index, follow, max-snippet:-1, max-image-preview:large, max-video-preview:-1\" \/>\n<link rel=\"canonical\" href=\"https:\/\/taxandlegal-digital-663692.hostingersite.com\/angebote\/hochschulen-und-forschungseinrichtungen\/?lang=fr\" \/>\n<meta property=\"og:locale\" content=\"fr_FR\" \/>\n<meta property=\"og:type\" content=\"article\" \/>\n<meta property=\"og:title\" content=\"Universit\u00e9s et institutions de recherche - Tech Summits Legal\" \/>\n<meta property=\"og:description\" content=\"[vc_row][vc_column width=&#8221;1\/6&#8243;][\/vc_column][vc_column width=&#8221;2\/3&#8243;][vc_column_text] Universit\u00e9s et instituts de recherche Le conseil aux \u00e9tablissements d&#8217;enseignement sup\u00e9rieur et aux instituts de recherche en [&hellip;]\" \/>\n<meta property=\"og:url\" content=\"https:\/\/taxandlegal-digital-663692.hostingersite.com\/angebote\/hochschulen-und-forschungseinrichtungen\/?lang=fr\" \/>\n<meta property=\"og:site_name\" content=\"Tech Summits Legal\" \/>\n<meta property=\"article:modified_time\" content=\"2022-06-09T11:28:35+00:00\" \/>\n<meta name=\"twitter:card\" content=\"summary_large_image\" \/>\n<meta name=\"twitter:label1\" content=\"Est. reading time\" \/>\n\t<meta name=\"twitter:data1\" content=\"2 minutes\" \/>\n<script type=\"application\/ld+json\" class=\"yoast-schema-graph\">{\"@context\":\"https:\/\/schema.org\",\"@graph\":[{\"@type\":\"WebPage\",\"@id\":\"https:\/\/taxandlegal-digital-663692.hostingersite.com\/angebote\/hochschulen-und-forschungseinrichtungen\/?lang=fr\",\"url\":\"https:\/\/taxandlegal-digital-663692.hostingersite.com\/angebote\/hochschulen-und-forschungseinrichtungen\/?lang=fr\",\"name\":\"Universit\u00e9s et institutions de recherche - Tech Summits Legal\",\"isPartOf\":{\"@id\":\"https:\/\/taxandlegal-digital-663692.hostingersite.com\/#website\"},\"datePublished\":\"2020-08-04T15:16:02+00:00\",\"dateModified\":\"2022-06-09T11:28:35+00:00\",\"breadcrumb\":{\"@id\":\"https:\/\/taxandlegal-digital-663692.hostingersite.com\/angebote\/hochschulen-und-forschungseinrichtungen\/?lang=fr#breadcrumb\"},\"inLanguage\":\"fr-FR\",\"potentialAction\":[{\"@type\":\"ReadAction\",\"target\":[\"https:\/\/taxandlegal-digital-663692.hostingersite.com\/angebote\/hochschulen-und-forschungseinrichtungen\/?lang=fr\"]}]},{\"@type\":\"BreadcrumbList\",\"@id\":\"https:\/\/taxandlegal-digital-663692.hostingersite.com\/angebote\/hochschulen-und-forschungseinrichtungen\/?lang=fr#breadcrumb\",\"itemListElement\":[{\"@type\":\"ListItem\",\"position\":1,\"name\":\"Startseite\",\"item\":\"https:\/\/taxandlegal-digital-663692.hostingersite.com\/fr\/startseite\/\"},{\"@type\":\"ListItem\",\"position\":2,\"name\":\"Nous proposons\",\"item\":\"https:\/\/taxandlegal-digital-663692.hostingersite.com\/angebote\/?lang=fr\"},{\"@type\":\"ListItem\",\"position\":3,\"name\":\"Universit\u00e9s et institutions de recherche\"}]},{\"@type\":\"WebSite\",\"@id\":\"https:\/\/taxandlegal-digital-663692.hostingersite.com\/#website\",\"url\":\"https:\/\/taxandlegal-digital-663692.hostingersite.com\/\",\"name\":\"Tech Summits Legal\",\"description\":\"Rechts- und Steuerberatung aus einer Hand\",\"potentialAction\":[{\"@type\":\"SearchAction\",\"target\":{\"@type\":\"EntryPoint\",\"urlTemplate\":\"https:\/\/taxandlegal-digital-663692.hostingersite.com\/?s={search_term_string}\"},\"query-input\":{\"@type\":\"PropertyValueSpecification\",\"valueRequired\":true,\"valueName\":\"search_term_string\"}}],\"inLanguage\":\"fr-FR\"}]}<\/script>\n<!-- \/ Yoast SEO plugin. -->","yoast_head_json":{"title":"Universit\u00e9s et institutions de recherche - Tech Summits Legal","robots":{"index":"index","follow":"follow","max-snippet":"max-snippet:-1","max-image-preview":"max-image-preview:large","max-video-preview":"max-video-preview:-1"},"canonical":"https:\/\/taxandlegal-digital-663692.hostingersite.com\/angebote\/hochschulen-und-forschungseinrichtungen\/?lang=fr","og_locale":"fr_FR","og_type":"article","og_title":"Universit\u00e9s et institutions de recherche - Tech Summits Legal","og_description":"[vc_row][vc_column width=&#8221;1\/6&#8243;][\/vc_column][vc_column width=&#8221;2\/3&#8243;][vc_column_text] Universit\u00e9s et instituts de recherche Le conseil aux \u00e9tablissements d&#8217;enseignement sup\u00e9rieur et aux instituts de recherche en [&hellip;]","og_url":"https:\/\/taxandlegal-digital-663692.hostingersite.com\/angebote\/hochschulen-und-forschungseinrichtungen\/?lang=fr","og_site_name":"Tech Summits Legal","article_modified_time":"2022-06-09T11:28:35+00:00","twitter_card":"summary_large_image","twitter_misc":{"Est. reading time":"2 minutes"},"schema":{"@context":"https:\/\/schema.org","@graph":[{"@type":"WebPage","@id":"https:\/\/taxandlegal-digital-663692.hostingersite.com\/angebote\/hochschulen-und-forschungseinrichtungen\/?lang=fr","url":"https:\/\/taxandlegal-digital-663692.hostingersite.com\/angebote\/hochschulen-und-forschungseinrichtungen\/?lang=fr","name":"Universit\u00e9s et institutions de recherche - Tech Summits Legal","isPartOf":{"@id":"https:\/\/taxandlegal-digital-663692.hostingersite.com\/#website"},"datePublished":"2020-08-04T15:16:02+00:00","dateModified":"2022-06-09T11:28:35+00:00","breadcrumb":{"@id":"https:\/\/taxandlegal-digital-663692.hostingersite.com\/angebote\/hochschulen-und-forschungseinrichtungen\/?lang=fr#breadcrumb"},"inLanguage":"fr-FR","potentialAction":[{"@type":"ReadAction","target":["https:\/\/taxandlegal-digital-663692.hostingersite.com\/angebote\/hochschulen-und-forschungseinrichtungen\/?lang=fr"]}]},{"@type":"BreadcrumbList","@id":"https:\/\/taxandlegal-digital-663692.hostingersite.com\/angebote\/hochschulen-und-forschungseinrichtungen\/?lang=fr#breadcrumb","itemListElement":[{"@type":"ListItem","position":1,"name":"Startseite","item":"https:\/\/taxandlegal-digital-663692.hostingersite.com\/fr\/startseite\/"},{"@type":"ListItem","position":2,"name":"Nous proposons","item":"https:\/\/taxandlegal-digital-663692.hostingersite.com\/angebote\/?lang=fr"},{"@type":"ListItem","position":3,"name":"Universit\u00e9s et institutions de recherche"}]},{"@type":"WebSite","@id":"https:\/\/taxandlegal-digital-663692.hostingersite.com\/#website","url":"https:\/\/taxandlegal-digital-663692.hostingersite.com\/","name":"Tech Summits Legal","description":"Rechts- und Steuerberatung aus einer Hand","potentialAction":[{"@type":"SearchAction","target":{"@type":"EntryPoint","urlTemplate":"https:\/\/taxandlegal-digital-663692.hostingersite.com\/?s={search_term_string}"},"query-input":{"@type":"PropertyValueSpecification","valueRequired":true,"valueName":"search_term_string"}}],"inLanguage":"fr-FR"}]}},"_links":{"self":[{"href":"https:\/\/taxandlegal.digital\/fr\/wp-json\/wp\/v2\/pages\/647","targetHints":{"allow":["GET"]}}],"collection":[{"href":"https:\/\/taxandlegal.digital\/fr\/wp-json\/wp\/v2\/pages"}],"about":[{"href":"https:\/\/taxandlegal.digital\/fr\/wp-json\/wp\/v2\/types\/page"}],"author":[{"embeddable":true,"href":"https:\/\/taxandlegal.digital\/fr\/wp-json\/wp\/v2\/users\/9"}],"replies":[{"embeddable":true,"href":"https:\/\/taxandlegal.digital\/fr\/wp-json\/wp\/v2\/comments?post=647"}],"version-history":[{"count":5,"href":"https:\/\/taxandlegal.digital\/fr\/wp-json\/wp\/v2\/pages\/647\/revisions"}],"predecessor-version":[{"id":1281,"href":"https:\/\/taxandlegal.digital\/fr\/wp-json\/wp\/v2\/pages\/647\/revisions\/1281"}],"up":[{"embeddable":true,"href":"https:\/\/taxandlegal.digital\/fr\/wp-json\/wp\/v2\/pages\/633"}],"wp:attachment":[{"href":"https:\/\/taxandlegal.digital\/fr\/wp-json\/wp\/v2\/media?parent=647"}],"curies":[{"name":"wp","href":"https:\/\/api.w.org\/{rel}","templated":true}]}}