{"id":662,"date":"2020-07-28T11:13:13","date_gmt":"2020-07-28T09:13:13","guid":{"rendered":"https:\/\/www.tech-summits-legal.de\/angebote\/start-ups\/"},"modified":"2022-06-13T15:42:15","modified_gmt":"2022-06-13T13:42:15","slug":"start-ups","status":"publish","type":"page","link":"https:\/\/taxandlegal.digital\/fr\/angebote\/start-ups\/","title":{"rendered":"Start-up"},"content":{"rendered":"<p>[vc_row][vc_column][vc_column_text]<\/p>\n<h1>Gamme de services pour les start-up<\/h1>\n<p>Les start-up ont g\u00e9n\u00e9ralement besoin d&#8217;un conseil juridique et fiscal important, mais ne disposent pas des liquidit\u00e9s n\u00e9cessaires \u00e0 la cr\u00e9ation de leur entreprise. C&#8217;est pourquoi nous proposons aux start-up des forfaits de conseil particuli\u00e8rement avantageux, que nous organisons \u00e9galement de mani\u00e8re transparente.<\/p>\n<p>Les start-ups peuvent en principe profiter de ces offres pendant la premi\u00e8re ann\u00e9e de leur cr\u00e9ation ou jusqu&#8217;\u00e0 la n\u00e9gociation d&#8217;un financement d&#8217;amor\u00e7age d&#8217;au moins 100 000\u20ac.[\/vc_column_text][vc_tta_tabs active_section=&#8221;1&#8243; el_id=&#8221;price-boxes&#8221;][vc_tta_section title=&#8221;Cr\u00e9ation d&#8217;entreprise&#8221; tab_id=&#8221;1596537702809-ecc4ced2-896b&#8221;][vc_row_inner][vc_column_inner width=&#8221;3\/12&#8243;][\/vc_column_inner][vc_column_inner width=&#8221;6\/12&#8243;][vc_column_text]<\/p>\n<h2 style=\"text-align: center;\">Cr\u00e9ation d&#8217;entreprise<\/h2>\n<p>[\/vc_column_text]<div class=\"price-container-outer\">\r\n\t<div class=\"price-container\">\r\n\t\t<div class=\"type\">Simple<\/div>\r\n\t\t<div class=\"features\">\r\n\t\t\t\t\t\t\t<div class=\"feature\">Conseil en ligne pour la cr\u00e9ation d'entreprise (forme juridique, contenu judicieux Contrat de soci\u00e9t\u00e9 en vue de la strat\u00e9gie d'entreprise (1,5h)<\/div>\r\n\t\t\t\t\t\t\t<div class=\"feature\">Contrat de soci\u00e9t\u00e9 pour les fondateurs<\/div>\r\n\t\t\t\t\t<\/div>\r\n\t\t<div class=\"price\">\r\n\t\t\t<label>\r\n\t\t\t\tPaquet:\t\t\t<\/label>\r\n\t\t\t<div class=\"price-detail\">\r\n\t\t\t\t300,00 \u20ac*\r\n\t\t\t<\/div>\r\n\t\t<\/div>\r\n\t<\/div>\r\n<\/div>\r\n<div class=\"price-info\">*net pour 3h, ensuite 150,00 \u20ac net\/h<\/div><div class=\"price-container-outer\">\r\n\t<div class=\"price-container\">\r\n\t\t<div class=\"type\">Normal<\/div>\r\n\t\t<div class=\"features\">\r\n\t\t\t\t\t\t\t<div class=\"feature\">Conseil en cr\u00e9ation d'entreprise en ligne (forme juridique, contenu judicieux Contrat de soci\u00e9t\u00e9 en vue de la strat\u00e9gie d'entreprise (1,5h)<\/div>\r\n\t\t\t\t\t\t\t<div class=\"feature\">Contrat de soci\u00e9t\u00e9 pour les fondateurs<\/div>\r\n\t\t\t\t\t\t\t<div class=\"feature\">Contrat de g\u00e9rance pour les fondateurs<\/div>\r\n\t\t\t\t\t\t\t<div class=\"feature\">Accompagnement du processus de cr\u00e9ation d'entreprise<\/div>\r\n\t\t\t\t\t\t\t<div class=\"feature\">Mise \u00e0 disposition de mod\u00e8les de contrats Contrat de travail, contrat de freelance, accord de confidentialit\u00e9 sans conseil juridique individualis\u00e9<\/div>\r\n\t\t\t\t\t\t\t<div class=\"feature\">Consultation en ligne sur l'\u00e9laboration juridique du mod\u00e8le d'entreprise et la r\u00e9daction de contrats (1h)<\/div>\r\n\t\t\t\t\t<\/div>\r\n\t\t<div class=\"price\">\r\n\t\t\t<label>\r\n\t\t\t\tPaquet:\t\t\t<\/label>\r\n\t\t\t<div class=\"price-detail\">\r\n\t\t\t\t750,00 \u20ac*\r\n\t\t\t<\/div>\r\n\t\t<\/div>\r\n\t<\/div>\r\n<\/div>\r\n<div class=\"price-info\">*net pour 7,5h, ensuite 150,00 \u20ac net\/h<\/div><div class=\"price-container-outer\">\r\n\t<div class=\"price-container\">\r\n\t\t<div class=\"type\">Complet<\/div>\r\n\t\t<div class=\"features\">\r\n\t\t\t\t\t\t\t<div class=\"feature\">Conseil en ligne pour la cr\u00e9ation d'entreprise (forme juridique, contenu judicieux Contrat de soci\u00e9t\u00e9 en vue de la strat\u00e9gie d'entreprise (1,5h)<\/div>\r\n\t\t\t\t\t\t\t<div class=\"feature\">Contrat de soci\u00e9t\u00e9 pour les fondateurs<\/div>\r\n\t\t\t\t\t\t\t<div class=\"feature\">Contrat de g\u00e9rance pour les fondateurs<\/div>\r\n\t\t\t\t\t\t\t<div class=\"feature\">Accompagnement du processus de cr\u00e9ation d'entreprise<\/div>\r\n\t\t\t\t\t\t\t<div class=\"feature\">Conseil en ligne sur l'organisation juridique du mod\u00e8le d'entreprise et la r\u00e9daction de contrats (1h)<\/div>\r\n\t\t\t\t\t\t\t<div class=\"feature\">D\u00e9veloppement de mod\u00e8les de contrats individualis\u00e9s et de conditions g\u00e9n\u00e9rales de vente pour les transactions commerciales en dehors de la boutique en ligne<\/div>\r\n\t\t\t\t\t\t\t<div class=\"feature\">Mise \u00e0 disposition de mod\u00e8les de contrats Contrat de travail, contrat de freelance, accord de confidentialit\u00e9 sans conseil juridique individualis\u00e9<\/div>\r\n\t\t\t\t\t\t\t<div class=\"feature\">Formation en ligne sur le droit des contrats (2h)<\/div>\r\n\t\t\t\t\t<\/div>\r\n\t\t<div class=\"price\">\r\n\t\t\t<label>\r\n\t\t\t\tPaquet:\t\t\t<\/label>\r\n\t\t\t<div class=\"price-detail\">\r\n\t\t\t\t1.800,00 \u20ac*\r\n\t\t\t<\/div>\r\n\t\t<\/div>\r\n\t<\/div>\r\n<\/div>\r\n<div class=\"price-info\">*net pour 18h, ensuite 150,00 \u20ac net\/h<\/div>[\/vc_column_inner][vc_column_inner width=&#8221;3\/12&#8243;][\/vc_column_inner][\/vc_row_inner][\/vc_tta_section][vc_tta_section title=&#8221;Page d&#8217;accueil et boutique en ligne&#8221; tab_id=&#8221;1596537702821-825f65d8-ae65&#8243;][vc_row_inner][vc_column_inner width=&#8221;3\/12&#8243;][\/vc_column_inner][vc_column_inner width=&#8221;6\/12&#8243;][vc_column_text]<\/p>\n<h2 style=\"text-align: center;\">Page d&#8217;accueil et boutique en ligne<\/h2>\n<p>[\/vc_column_text]<div class=\"price-container-outer\">\r\n\t<div class=\"price-container\">\r\n\t\t<div class=\"type\">Simple<\/div>\r\n\t\t<div class=\"features\">\r\n\t\t\t\t\t\t\t<div class=\"feature\">Examen juridique de la page d'accueil<\/div>\r\n\t\t\t\t\t\t\t<div class=\"feature\">Conseil en strat\u00e9gie de domaine et de marque (1h)<\/div>\r\n\t\t\t\t\t<\/div>\r\n\t\t<div class=\"price\">\r\n\t\t\t<label>\r\n\t\t\t\tPaquet:\t\t\t<\/label>\r\n\t\t\t<div class=\"price-detail\">\r\n\t\t\t\t300,00 \u20ac*\r\n\t\t\t<\/div>\r\n\t\t<\/div>\r\n\t<\/div>\r\n<\/div>\r\n<div class=\"price-info\">*net pour 2h, ensuite 190,00 \u20ac net\/h<\/div><div class=\"price-container-outer\">\r\n\t<div class=\"price-container\">\r\n\t\t<div class=\"type\">Normal<\/div>\r\n\t\t<div class=\"features\">\r\n\t\t\t\t\t\t\t<div class=\"feature\">Examen juridique de la page d'accueil<\/div>\r\n\t\t\t\t\t\t\t<div class=\"feature\">Examen de la boutique en ligne standard <\/div>\r\n\t\t\t\t\t\t\t<div class=\"feature\">CGV standard pour boutique en ligne<\/div>\r\n\t\t\t\t\t\t\t<div class=\"feature\"> Examen au regard du droit des marques, domaine et signes distinctifs<\/div>\r\n\t\t\t\t\t\t\t<div class=\"feature\">Conseil en strat\u00e9gie de domaine et de marque (1,5h)<\/div>\r\n\t\t\t\t\t<\/div>\r\n\t\t<div class=\"price\">\r\n\t\t\t<label>\r\n\t\t\t\tPaquet:\t\t\t<\/label>\r\n\t\t\t<div class=\"price-detail\">\r\n\t\t\t\t750,00 \u20ac*\r\n\t\t\t<\/div>\r\n\t\t<\/div>\r\n\t<\/div>\r\n<\/div>\r\n<div class=\"price-info\">*net pour 5h, ensuite 190,00 \u20ac net\/h<\/div><div class=\"price-container-outer\">\r\n\t<div class=\"price-container\">\r\n\t\t<div class=\"type\">Complet<\/div>\r\n\t\t<div class=\"features\">\r\n\t\t\t\t\t\t\t<div class=\"feature\">Examen juridique de la page d'accueil<\/div>\r\n\t\t\t\t\t\t\t<div class=\"feature\">Examen de la boutique en ligne<\/div>\r\n\t\t\t\t\t\t\t<div class=\"feature\">Cr\u00e9ation de CGV pour les prestataires individuels<\/div>\r\n\t\t\t\t\t\t\t<div class=\"feature\">Examen au regard du droit des marques, domaine et signes distinctifs<\/div>\r\n\t\t\t\t\t\t\t<div class=\"feature\">Conseil en strat\u00e9gie de domaine et de marque (1,5h)<\/div>\r\n\t\t\t\t\t\t\t<div class=\"feature\">Demande de marque (plus les taxes officielles)<\/div>\r\n\t\t\t\t\t\t\t<div class=\"feature\">Formation en ligne sur la mani\u00e8re de traiter les r\u00e8glements et les avertissements des concurrents (2h)<\/div>\r\n\t\t\t\t\t<\/div>\r\n\t\t<div class=\"price\">\r\n\t\t\t<label>\r\n\t\t\t\tPaquet:\t\t\t<\/label>\r\n\t\t\t<div class=\"price-detail\">\r\n\t\t\t\t1.800,00 \u20ac*\r\n\t\t\t<\/div>\r\n\t\t<\/div>\r\n\t<\/div>\r\n<\/div>\r\n<div class=\"price-info\">*net pour 18h, ensuite 150,00 \u20ac net\/h<\/div>[\/vc_column_inner][vc_column_inner width=&#8221;3\/12&#8243;][\/vc_column_inner][\/vc_row_inner][\/vc_tta_section][vc_tta_section title=&#8221;Protection des donn\u00e9es&#8221; tab_id=&#8221;1596537707559-b1ecce46-51dd&#8221;][vc_row_inner][vc_column_inner width=&#8221;3\/12&#8243;][\/vc_column_inner][vc_column_inner width=&#8221;6\/12&#8243;][vc_column_text]<\/p>\n<h2 style=\"text-align: center;\">Protection des donn\u00e9es<\/h2>\n<p>[\/vc_column_text]<div class=\"price-container-outer\">\r\n\t<div class=\"price-container\">\r\n\t\t<div class=\"type\">Simple<\/div>\r\n\t\t<div class=\"features\">\r\n\t\t\t\t\t\t\t<div class=\"feature\">Politique de confidentialit\u00e9 de la page d'accueil<\/div>\r\n\t\t\t\t\t\t\t<div class=\"feature\">Fourniture d'un \u00e9chantillon de l'accord de traitement de la commande<\/div>\r\n\t\t\t\t\t\t\t<div class=\"feature\">Formation individuelle en ligne sur la protection des donn\u00e9es (1h)<\/div>\r\n\t\t\t\t\t<\/div>\r\n\t\t<div class=\"price\">\r\n\t\t\t<label>\r\n\t\t\t\tPaquet:\t\t\t<\/label>\r\n\t\t\t<div class=\"price-detail\">\r\n\t\t\t\t450,00 \u20ac*\r\n\t\t\t<\/div>\r\n\t\t<\/div>\r\n\t<\/div>\r\n<\/div>\r\n<div class=\"price-info\">*net pour 3h, ensuite 190,00 \u20ac net\/h<\/div><div class=\"price-container-outer\">\r\n\t<div class=\"price-container\">\r\n\t\t<div class=\"type\">Normal<\/div>\r\n\t\t<div class=\"features\">\r\n\t\t\t\t\t\t\t<div class=\"feature\">Politique de confidentialit\u00e9 - G\u00e9n\u00e9ralit\u00e9s, y compris la page d'accueil<\/div>\r\n\t\t\t\t\t\t\t<div class=\"feature\">Fourniture d'un \u00e9chantillon de l'accord de traitement de la commande<\/div>\r\n\t\t\t\t\t\t\t<div class=\"feature\">Montage des mesures technico-organisationnelles selon les sp\u00e9cifications du client<\/div>\r\n\t\t\t\t\t\t\t<div class=\"feature\">Formation individuelle en ligne sur la protection des donn\u00e9es (2h)<\/div>\r\n\t\t\t\t\t<\/div>\r\n\t\t<div class=\"price\">\r\n\t\t\t<label>\r\n\t\t\t\tPaquet:\t\t\t<\/label>\r\n\t\t\t<div class=\"price-detail\">\r\n\t\t\t\t1.050,00 \u20ac*\r\n\t\t\t<\/div>\r\n\t\t<\/div>\r\n\t<\/div>\r\n<\/div>\r\n<div class=\"price-info\">*net pour 7h, ensuite 190,00 \u20ac net\/h<\/div><div class=\"price-container-outer\">\r\n\t<div class=\"price-container\">\r\n\t\t<div class=\"type\">Complet<\/div>\r\n\t\t<div class=\"features\">\r\n\t\t\t\t\t\t\t<div class=\"feature\">Politique de confidentialit\u00e9 - G\u00e9n\u00e9ralit\u00e9s, y compris la page d'accueil<\/div>\r\n\t\t\t\t\t\t\t<div class=\"feature\">Fourniture d'un \u00e9chantillon d'accord de traitement de la commande (\u00e0 la fois donneur d'ordre et contractant)<\/div>\r\n\t\t\t\t\t\t\t<div class=\"feature\">Montage des mesures technico-organisationnelles selon les sp\u00e9cifications du client<\/div>\r\n\t\t\t\t\t\t\t<div class=\"feature\">\u00c9tablissement d'une liste des activit\u00e9s de traitement <\/div>\r\n\t\t\t\t\t\t\t<div class=\"feature\">Examen du mod\u00e8le d'entreprise au regard de la l\u00e9gislation sur la protection des donn\u00e9es<\/div>\r\n\t\t\t\t\t\t\t<div class=\"feature\">Formation individuelle en ligne sur la protection des donn\u00e9es (2h)<\/div>\r\n\t\t\t\t\t<\/div>\r\n\t\t<div class=\"price\">\r\n\t\t\t<label>\r\n\t\t\t\tPaquet:\t\t\t<\/label>\r\n\t\t\t<div class=\"price-detail\">\r\n\t\t\t\t2.400,00 \u20ac*\r\n\t\t\t<\/div>\r\n\t\t<\/div>\r\n\t<\/div>\r\n<\/div>\r\n<div class=\"price-info\">*net pour 16h, ensuite 190,00 \u20ac net\/h<\/div>[\/vc_column_inner][vc_column_inner width=&#8221;3\/12&#8243;][\/vc_column_inner][\/vc_row_inner][\/vc_tta_section][vc_tta_section title=&#8221;Participation des investisseurs&#8221; tab_id=&#8221;1596537708149-30858747-2a44&#8243;][vc_row_inner][vc_column_inner width=&#8221;3\/12&#8243;][\/vc_column_inner][vc_column_inner width=&#8221;6\/12&#8243;][vc_column_text]<\/p>\n<h2 style=\"text-align: center;\">Participation des investisseurs<\/h2>\n<p>[\/vc_column_text]<div class=\"price-container-outer\">\r\n\t<div class=\"price-container\">\r\n\t\t<div class=\"type\">Simple<\/div>\r\n\t\t<div class=\"features\">\r\n\t\t\t\t\t\t\t<div class=\"feature\">Examen et commentaire de l'accord de participation<\/div>\r\n\t\t\t\t\t\t\t<div class=\"feature\">Formation individuelle en ligne sur le processus de participation (1h)<\/div>\r\n\t\t\t\t\t<\/div>\r\n\t\t<div class=\"price\">\r\n\t\t\t<label>\r\n\t\t\t\tPaquet:\t\t\t<\/label>\r\n\t\t\t<div class=\"price-detail\">\r\n\t\t\t\t600,00 \u20ac*\r\n\t\t\t<\/div>\r\n\t\t<\/div>\r\n\t<\/div>\r\n<\/div>\r\n<div class=\"price-info\">*net pour 3h, ensuite 250,00 \u20ac net\/h<\/div><div class=\"price-container-outer\">\r\n\t<div class=\"price-container\">\r\n\t\t<div class=\"type\">Normal<\/div>\r\n\t\t<div class=\"features\">\r\n\t\t\t\t\t\t\t<div class=\"feature\">V\u00e9rification de la fiche de conditions<\/div>\r\n\t\t\t\t\t\t\t<div class=\"feature\">Examen de l'accord de participation<\/div>\r\n\t\t\t\t\t\t\t<div class=\"feature\">Formation individuelle en ligne sur le processus de participation (2h)<\/div>\r\n\t\t\t\t\t<\/div>\r\n\t\t<div class=\"price\">\r\n\t\t\t<label>\r\n\t\t\t\tPaquet:\t\t\t<\/label>\r\n\t\t\t<div class=\"price-detail\">\r\n\t\t\t\t1.000,00 \u20ac*\r\n\t\t\t<\/div>\r\n\t\t<\/div>\r\n\t<\/div>\r\n<\/div>\r\n<div class=\"price-info\">*net pour 5h, ensuite 250,00 \u20ac net\/h<\/div><div class=\"price-container-outer\">\r\n\t<div class=\"price-container\">\r\n\t\t<div class=\"type\">Complet<\/div>\r\n\t\t<div class=\"features\">\r\n\t\t\t\t\t\t\t<div class=\"feature\">Suivi du processus de participation dans son ensemble<\/div>\r\n\t\t\t\t\t\t\t<div class=\"feature\">Fiche de r\u00e9vision et de n\u00e9gociation<\/div>\r\n\t\t\t\t\t\t\t<div class=\"feature\">Accompagnement lors du processus de due diligence<\/div>\r\n\t\t\t\t\t\t\t<div class=\"feature\">Examen et n\u00e9gociation de l'accord de participation<\/div>\r\n\t\t\t\t\t\t\t<div class=\"feature\">Formation individuelle en ligne sur le processus de participation (2h)<\/div>\r\n\t\t\t\t\t<\/div>\r\n\t\t<div class=\"price\">\r\n\t\t\t<label>\r\n\t\t\t\tPaquet:\t\t\t<\/label>\r\n\t\t\t<div class=\"price-detail\">\r\n\t\t\t\t3.200,00 \u20ac*\r\n\t\t\t<\/div>\r\n\t\t<\/div>\r\n\t<\/div>\r\n<\/div>\r\n<div class=\"price-info\">*net pour 16h, ensuite 250,00 \u20ac net\/h<\/div>[\/vc_column_inner][vc_column_inner width=&#8221;3\/12&#8243;][\/vc_column_inner][\/vc_row_inner][\/vc_tta_section][\/vc_tta_tabs][\/vc_column][\/vc_row]<\/p>\n","protected":false},"excerpt":{"rendered":"<p>[vc_row][vc_column][vc_column_text] Gamme de services pour les start-up Les start-up ont g\u00e9n\u00e9ralement besoin d&#8217;un conseil juridique et fiscal important, mais ne [&hellip;]<\/p>\n","protected":false},"author":9,"featured_media":0,"parent":633,"menu_order":29,"comment_status":"closed","ping_status":"closed","template":"","meta":{"footnotes":""},"class_list":["post-662","page","type-page","status-publish","hentry"],"yoast_head":"<!-- This site is optimized with the Yoast SEO plugin v26.7 - https:\/\/yoast.com\/wordpress\/plugins\/seo\/ -->\n<title>Start-up - Tech Summits Legal<\/title>\n<meta name=\"robots\" content=\"index, follow, max-snippet:-1, max-image-preview:large, max-video-preview:-1\" \/>\n<link rel=\"canonical\" href=\"https:\/\/taxandlegal-digital-663692.hostingersite.com\/angebote\/start-ups\/?lang=fr\" \/>\n<meta property=\"og:locale\" content=\"fr_FR\" \/>\n<meta property=\"og:type\" content=\"article\" \/>\n<meta property=\"og:title\" content=\"Start-up - Tech Summits Legal\" \/>\n<meta property=\"og:description\" content=\"[vc_row][vc_column][vc_column_text] Gamme de services pour les start-up Les start-up ont g\u00e9n\u00e9ralement besoin d&#8217;un conseil juridique et fiscal important, mais ne [&hellip;]\" \/>\n<meta property=\"og:url\" content=\"https:\/\/taxandlegal-digital-663692.hostingersite.com\/angebote\/start-ups\/?lang=fr\" \/>\n<meta property=\"og:site_name\" content=\"Tech Summits Legal\" \/>\n<meta property=\"article:modified_time\" content=\"2022-06-13T13:42:15+00:00\" \/>\n<meta name=\"twitter:card\" content=\"summary_large_image\" \/>\n<meta name=\"twitter:label1\" content=\"Est. reading time\" \/>\n\t<meta name=\"twitter:data1\" content=\"2 minutes\" \/>\n<script type=\"application\/ld+json\" class=\"yoast-schema-graph\">{\"@context\":\"https:\/\/schema.org\",\"@graph\":[{\"@type\":\"WebPage\",\"@id\":\"https:\/\/taxandlegal-digital-663692.hostingersite.com\/angebote\/start-ups\/?lang=fr\",\"url\":\"https:\/\/taxandlegal-digital-663692.hostingersite.com\/angebote\/start-ups\/?lang=fr\",\"name\":\"Start-up - Tech Summits Legal\",\"isPartOf\":{\"@id\":\"https:\/\/taxandlegal-digital-663692.hostingersite.com\/#website\"},\"datePublished\":\"2020-07-28T09:13:13+00:00\",\"dateModified\":\"2022-06-13T13:42:15+00:00\",\"breadcrumb\":{\"@id\":\"https:\/\/taxandlegal-digital-663692.hostingersite.com\/angebote\/start-ups\/?lang=fr#breadcrumb\"},\"inLanguage\":\"fr-FR\",\"potentialAction\":[{\"@type\":\"ReadAction\",\"target\":[\"https:\/\/taxandlegal-digital-663692.hostingersite.com\/angebote\/start-ups\/?lang=fr\"]}]},{\"@type\":\"BreadcrumbList\",\"@id\":\"https:\/\/taxandlegal-digital-663692.hostingersite.com\/angebote\/start-ups\/?lang=fr#breadcrumb\",\"itemListElement\":[{\"@type\":\"ListItem\",\"position\":1,\"name\":\"Startseite\",\"item\":\"https:\/\/taxandlegal-digital-663692.hostingersite.com\/fr\/startseite\/\"},{\"@type\":\"ListItem\",\"position\":2,\"name\":\"Nous proposons\",\"item\":\"https:\/\/taxandlegal-digital-663692.hostingersite.com\/angebote\/?lang=fr\"},{\"@type\":\"ListItem\",\"position\":3,\"name\":\"Start-up\"}]},{\"@type\":\"WebSite\",\"@id\":\"https:\/\/taxandlegal-digital-663692.hostingersite.com\/#website\",\"url\":\"https:\/\/taxandlegal-digital-663692.hostingersite.com\/\",\"name\":\"Tech Summits Legal\",\"description\":\"Rechts- und Steuerberatung aus einer Hand\",\"potentialAction\":[{\"@type\":\"SearchAction\",\"target\":{\"@type\":\"EntryPoint\",\"urlTemplate\":\"https:\/\/taxandlegal-digital-663692.hostingersite.com\/?s={search_term_string}\"},\"query-input\":{\"@type\":\"PropertyValueSpecification\",\"valueRequired\":true,\"valueName\":\"search_term_string\"}}],\"inLanguage\":\"fr-FR\"}]}<\/script>\n<!-- \/ Yoast SEO plugin. -->","yoast_head_json":{"title":"Start-up - Tech Summits Legal","robots":{"index":"index","follow":"follow","max-snippet":"max-snippet:-1","max-image-preview":"max-image-preview:large","max-video-preview":"max-video-preview:-1"},"canonical":"https:\/\/taxandlegal-digital-663692.hostingersite.com\/angebote\/start-ups\/?lang=fr","og_locale":"fr_FR","og_type":"article","og_title":"Start-up - Tech Summits Legal","og_description":"[vc_row][vc_column][vc_column_text] Gamme de services pour les start-up Les start-up ont g\u00e9n\u00e9ralement besoin d&#8217;un conseil juridique et fiscal important, mais ne [&hellip;]","og_url":"https:\/\/taxandlegal-digital-663692.hostingersite.com\/angebote\/start-ups\/?lang=fr","og_site_name":"Tech Summits Legal","article_modified_time":"2022-06-13T13:42:15+00:00","twitter_card":"summary_large_image","twitter_misc":{"Est. reading time":"2 minutes"},"schema":{"@context":"https:\/\/schema.org","@graph":[{"@type":"WebPage","@id":"https:\/\/taxandlegal-digital-663692.hostingersite.com\/angebote\/start-ups\/?lang=fr","url":"https:\/\/taxandlegal-digital-663692.hostingersite.com\/angebote\/start-ups\/?lang=fr","name":"Start-up - Tech Summits Legal","isPartOf":{"@id":"https:\/\/taxandlegal-digital-663692.hostingersite.com\/#website"},"datePublished":"2020-07-28T09:13:13+00:00","dateModified":"2022-06-13T13:42:15+00:00","breadcrumb":{"@id":"https:\/\/taxandlegal-digital-663692.hostingersite.com\/angebote\/start-ups\/?lang=fr#breadcrumb"},"inLanguage":"fr-FR","potentialAction":[{"@type":"ReadAction","target":["https:\/\/taxandlegal-digital-663692.hostingersite.com\/angebote\/start-ups\/?lang=fr"]}]},{"@type":"BreadcrumbList","@id":"https:\/\/taxandlegal-digital-663692.hostingersite.com\/angebote\/start-ups\/?lang=fr#breadcrumb","itemListElement":[{"@type":"ListItem","position":1,"name":"Startseite","item":"https:\/\/taxandlegal-digital-663692.hostingersite.com\/fr\/startseite\/"},{"@type":"ListItem","position":2,"name":"Nous proposons","item":"https:\/\/taxandlegal-digital-663692.hostingersite.com\/angebote\/?lang=fr"},{"@type":"ListItem","position":3,"name":"Start-up"}]},{"@type":"WebSite","@id":"https:\/\/taxandlegal-digital-663692.hostingersite.com\/#website","url":"https:\/\/taxandlegal-digital-663692.hostingersite.com\/","name":"Tech Summits Legal","description":"Rechts- und Steuerberatung aus einer Hand","potentialAction":[{"@type":"SearchAction","target":{"@type":"EntryPoint","urlTemplate":"https:\/\/taxandlegal-digital-663692.hostingersite.com\/?s={search_term_string}"},"query-input":{"@type":"PropertyValueSpecification","valueRequired":true,"valueName":"search_term_string"}}],"inLanguage":"fr-FR"}]}},"_links":{"self":[{"href":"https:\/\/taxandlegal.digital\/fr\/wp-json\/wp\/v2\/pages\/662","targetHints":{"allow":["GET"]}}],"collection":[{"href":"https:\/\/taxandlegal.digital\/fr\/wp-json\/wp\/v2\/pages"}],"about":[{"href":"https:\/\/taxandlegal.digital\/fr\/wp-json\/wp\/v2\/types\/page"}],"author":[{"embeddable":true,"href":"https:\/\/taxandlegal.digital\/fr\/wp-json\/wp\/v2\/users\/9"}],"replies":[{"embeddable":true,"href":"https:\/\/taxandlegal.digital\/fr\/wp-json\/wp\/v2\/comments?post=662"}],"version-history":[{"count":26,"href":"https:\/\/taxandlegal.digital\/fr\/wp-json\/wp\/v2\/pages\/662\/revisions"}],"predecessor-version":[{"id":1292,"href":"https:\/\/taxandlegal.digital\/fr\/wp-json\/wp\/v2\/pages\/662\/revisions\/1292"}],"up":[{"embeddable":true,"href":"https:\/\/taxandlegal.digital\/fr\/wp-json\/wp\/v2\/pages\/633"}],"wp:attachment":[{"href":"https:\/\/taxandlegal.digital\/fr\/wp-json\/wp\/v2\/media?parent=662"}],"curies":[{"name":"wp","href":"https:\/\/api.w.org\/{rel}","templated":true}]}}