{"id":687,"date":"2020-08-03T16:42:01","date_gmt":"2020-08-03T14:42:01","guid":{"rendered":"https:\/\/www.tech-summits-legal.de\/ueber-uns\/allgemeines\/"},"modified":"2023-07-11T13:12:33","modified_gmt":"2023-07-11T11:12:33","slug":"allgemeines","status":"publish","type":"page","link":"https:\/\/taxandlegal.digital\/fr\/ueber-uns\/allgemeines\/","title":{"rendered":"G\u00e9n\u00e9ral"},"content":{"rendered":"<p>[vc_row][vc_column width=&#8221;1\/6&#8243;][\/vc_column][vc_column width=&#8221;2\/3&#8243;][vc_column_text]<\/p>\n<h1>Ce que nous offrons :<\/h1>\n<p>TAXandLEGAL.digital est une collaboration d&#8217;experts qui travaillent depuis des ann\u00e9es dans le domaine du transfert de technologie. R\u00e9partis sur nos sites de Sarrebruck et St. Ingbert, des avocats, des conseils en brevets et des conseillers fiscaux vous conseillent dans les domaines de la coop\u00e9ration R&amp;D, du d\u00e9p\u00f4t de droits de propri\u00e9t\u00e9 intellectuelle, de l&#8217;exploitation de la technologie, de la cr\u00e9ation d&#8217;entreprises et de l&#8217;essaimage de spin-off ainsi que de la participation \u00e0 des start-up et des PME orient\u00e9es vers les technologies de l&#8217;information ou la technologie de pointe. Dans ce contexte, nous apportons \u00e9galement notre soutien en mati\u00e8re de droit des soci\u00e9t\u00e9s lors de la cr\u00e9ation d&#8217;une entreprise, en mati\u00e8re de droit commercial lors de la r\u00e9daction de contrats avec les clients, de conditions g\u00e9n\u00e9rales de vente et lors de l&#8217;introduction sur le march\u00e9, comme par exemple lors de la conception contractuelle d&#8217;un syst\u00e8me de distribution ou de la cr\u00e9ation d&#8217;une boutique en ligne. Nous conseillons \u00e9galement en mati\u00e8re de droit de la protection des donn\u00e9es et de droit du travail, qui sont des aspects importants.<\/p>\n<h3>Nos principes de conseil :<\/h3>\n<ul>\n<li>Une expertise technique de haut niveau, qui inclut toujours des consid\u00e9rations strat\u00e9giques.<\/li>\n<li>Compr\u00e9hension des int\u00e9r\u00eats de nos clients.<\/li>\n<li>Tarification \u00e9quitable et transparente avec des offres sur mesure pour les situations de conseil particuli\u00e8res (par exemple les universit\u00e9s et les start-up).<\/li>\n<\/ul>\n<h3>Transfert de savoir et de technologie :<\/h3>\n<p>Le transfert de connaissances et de technologies des universit\u00e9s et des instituts de recherche vers les entreprises et, en fin de compte, vers le client final par le biais de la mise en \u0153uvre et de la distribution des produits, est le th\u00e8me que nous soutenons en mati\u00e8re de conseil et d&#8217;organisation juridiques.<\/p>\n<p>Le savoir et la technologie naissent dans les universit\u00e9s et les instituts de recherche, dans le travail des scientifiques et des \u00e9tudiants et dans les coop\u00e9rations de recherche, puis sont saisis, g\u00e9r\u00e9s et transmis \u00e0 des tiers, que ce soit par des publications, par le transfert ou l&#8217;octroi de licences de droits de propri\u00e9t\u00e9 intellectuelle ou par la cr\u00e9ation (ou l&#8217;extension) d&#8217;entreprises.<\/p>\n<p>Ce processus ne se d\u00e9roule pas dans un espace de non-droit, mais est au contraire tr\u00e8s fortement r\u00e9glement\u00e9 par la loi :<\/p>\n<ul>\n<li>Le droit du travail et le droit des inventions de salari\u00e9s avec ses particularit\u00e9s pour les inventeurs universitaires.<\/li>\n<li>Le droit des aides d&#8217;\u00c9tat, le droit de la concurrence et le droit des march\u00e9s publics, qui doivent \u00eatre respect\u00e9s dans le cadre des activit\u00e9s de l&#8217;\u00c9tat, donc \u00e9galement dans les contrats des universit\u00e9s et des instituts de recherche publics.<\/li>\n<li>Les contrats d&#8217;\u00e9change de connaissances et de mat\u00e9riel biologique, c&#8217;est-\u00e0-dire les accords de confidentialit\u00e9 et les accords de transfert de mat\u00e9riel.<\/li>\n<li>Les coop\u00e9rations en mati\u00e8re de recherche et de d\u00e9veloppement, les contrats de recherche contractuelle et les accords interinstitutionnels.<\/li>\n<li>Contrats de transfert et de licence pour les droits de propri\u00e9t\u00e9 industrielle, les droits d&#8217;auteur ou le savoir-faire.<\/li>\n<li>Contrats de soci\u00e9t\u00e9 pour les spin-off et les start-up; contrats de gestion, conventions d&#8217;actionnaires, r\u00e8glements int\u00e9rieurs.<\/li>\n<li>Contrats de coop\u00e9ration avec des partenaires, accords de freelance, contrats avec des fabricants.<\/li>\n<li>Documents de distribution, conditions g\u00e9n\u00e9rales de vente, accords avec les partenaires de distribution.<\/li>\n<li>R\u00e9glementations et exigences juridiques concernant la fabrication de produits, la distribution de produits et\/ou le transfert de technologie.<\/li>\n<li style=\"list-style-type: none;\"><\/li>\n<\/ul>\n<p>Dans ces domaines, nous vous conseillons de mani\u00e8re comp\u00e9tente, fiable et surtout avec plaisir.<\/p>\n<h3>Groupes cibles :<\/h3>\n<p><strong>Universit\u00e9s et instituts de recherche<\/strong><\/p>\n<p>Nos conseillers sont issus du transfert de technologie. Nous comprenons les int\u00e9r\u00eats particuliers des \u00e9tablissements d&#8217;enseignement sup\u00e9rieur et des instituts de recherche, qui se distinguent nettement de ceux des partenaires industriels.<\/p>\n<p>Nous conseillons des contrats de recherche et de d\u00e9veloppement nationaux et europ\u00e9ens ainsi que des contrats de recherche sous contrat avec des partenaires industriels en tenant compte des restrictions impos\u00e9es par la l\u00e9gislation sur les aides d&#8217;\u00c9tat et les ententes et sur la base de la politique de PI respective, des r\u00e8glements internes et du droit public universitaire et budg\u00e9taire. Nous apportons notre soutien lors de l&#8217;\u00e9laboration et de la mise en \u0153uvre d&#8217;une strat\u00e9gie PI, du d\u00e9veloppement syst\u00e9matique du transfert de technologie et de l&#8217;enregistrement des droits de propri\u00e9t\u00e9 intellectuelle. Nous g\u00e9rons le traitement correct des inventeurs salari\u00e9s et aidons \u00e0 l&#8217;exploitation de la PI g\u00e9n\u00e9r\u00e9e, comme notamment l&#8217;octroi de licences pour les demandes de brevet\/brevets, les logiciels prot\u00e9g\u00e9s par le droit d&#8217;auteur ou le savoir-faire.<\/p>\n<p>Nous proposons nos services sur une base horaire, mais nous offrons \u00e9galement aux universit\u00e9s et aux instituts de recherche des prix forfaitaires par type de contrat ou des contingents d&#8217;heures mensuels fixes \u00e0 des conditions avantageuses. Cela nous permet \u00e9galement d&#8217;intervenir en cas de mariage, de maladie ou de grossesse et d&#8217;offrir ainsi \u00e0 nos clients une flexibilit\u00e9 maximale.<\/p>\n<p><strong>Start-up et PME orient\u00e9es vers l&#8217;informatique et la technologie<\/strong><\/p>\n<p>Nous apportons notre soutien lors de la cr\u00e9ation d&#8217;une entreprise, du choix de la forme juridique appropri\u00e9e et de la r\u00e9daction des contrats de soci\u00e9t\u00e9. Nous vous aidons \u00e0 poser les bonnes bases juridiques pour votre entreprise et vous soutenons dans la recherche de votre strat\u00e9gie d&#8217;entreprise, en particulier dans la planification des strat\u00e9gies de croissance et des financements correspondants dans diff\u00e9rents tours (Seed, Series A, Series B). Nous vous aidons \u00e0 mettre en place la structure de votre entreprise, notamment en vous aidant \u00e0 conclure des contrats avec des freelances et des salari\u00e9s et \u00e0 n\u00e9gocier des contrats de coop\u00e9ration avec des tiers. Enfin, nous soutenons l&#8217;entr\u00e9e n\u00e9cessaire sur le march\u00e9, aidons \u00e0 r\u00e9diger les contrats avec les clients, y compris les conditions g\u00e9n\u00e9rales de vente, v\u00e9rifions pour vous votre site Internet et votre boutique en ligne afin d&#8217;\u00e9viter les avertissements de la loi sur la concurrence d\u00e9loyale et aidons \u00e0 prot\u00e9ger vos valeurs par le d\u00e9p\u00f4t de marques. Enfin, nous sommes \u00e9galement \u00e0 vos c\u00f4t\u00e9s lors de la n\u00e9gociation de tours de financement avec des investisseurs et nous vous conseillons juridiquement lors de la mise en \u0153uvre d&#8217;am\u00e9nagements relevant du droit des soci\u00e9t\u00e9s jusqu&#8217;\u00e0 l&#8217;introduction en bourse.<\/p>\n<p>Pour les start-up qui ne disposent pas encore des liquidit\u00e9s n\u00e9cessaires, nous proposons des tarifs horaires r\u00e9duits, des forfaits de conseil et des ateliers et s\u00e9minaires gratuits pour l&#8217;apprentissage des bases juridiques et fiscales d&#8217;une cr\u00e9ation d&#8217;entreprise.<\/p>\n<p><strong>Investisseurs passionn\u00e9s d&#8217;informatique et de technologie<\/strong><\/p>\n<p>Nous soutenons les investisseurs dans l&#8217;acquisition de participations dans des start-up et des PME. Nous vous conseillons volontiers depuis le d\u00e9veloppement de la strat\u00e9gie d&#8217;investissement jusqu&#8217;aux n\u00e9gociations des listes de conditions, \u00e0 la r\u00e9alisation d&#8217;une due diligence (aussi appel\u00e9e red flag due diligence) et \u00e0 la n\u00e9gociation des contrats de participation proprement dits (accord de souscription et accord d&#8217;actionnaire).<\/p>\n<p>Nous apportons notre soutien dans les transactions relevant du droit des soci\u00e9t\u00e9s ainsi que dans les processus de fusion et d&#8217;acquisition.[\/vc_column_text][\/vc_column][vc_column width=&#8221;1\/6&#8243;][\/vc_column][\/vc_row]<\/p>\n","protected":false},"excerpt":{"rendered":"<p>[vc_row][vc_column width=&#8221;1\/6&#8243;][\/vc_column][vc_column width=&#8221;2\/3&#8243;][vc_column_text] Ce que nous offrons : TAXandLEGAL.digital est une collaboration d&#8217;experts qui travaillent depuis des ann\u00e9es dans le [&hellip;]<\/p>\n","protected":false},"author":9,"featured_media":0,"parent":681,"menu_order":22,"comment_status":"closed","ping_status":"closed","template":"","meta":{"footnotes":""},"class_list":["post-687","page","type-page","status-publish","hentry"],"yoast_head":"<!-- This site is optimized with the Yoast SEO plugin v26.7 - https:\/\/yoast.com\/wordpress\/plugins\/seo\/ -->\n<title>G\u00e9n\u00e9ral - Tech Summits Legal<\/title>\n<meta name=\"robots\" content=\"index, follow, max-snippet:-1, max-image-preview:large, max-video-preview:-1\" \/>\n<link rel=\"canonical\" href=\"https:\/\/taxandlegal-digital-663692.hostingersite.com\/ueber-uns\/allgemeines\/?lang=fr\" \/>\n<meta property=\"og:locale\" content=\"fr_FR\" \/>\n<meta property=\"og:type\" content=\"article\" \/>\n<meta property=\"og:title\" content=\"G\u00e9n\u00e9ral - Tech Summits Legal\" \/>\n<meta property=\"og:description\" content=\"[vc_row][vc_column width=&#8221;1\/6&#8243;][\/vc_column][vc_column width=&#8221;2\/3&#8243;][vc_column_text] Ce que nous offrons : TAXandLEGAL.digital est une collaboration d&#8217;experts qui travaillent depuis des ann\u00e9es dans le [&hellip;]\" \/>\n<meta property=\"og:url\" content=\"https:\/\/taxandlegal-digital-663692.hostingersite.com\/ueber-uns\/allgemeines\/?lang=fr\" \/>\n<meta property=\"og:site_name\" content=\"Tech Summits Legal\" \/>\n<meta property=\"article:modified_time\" content=\"2023-07-11T11:12:33+00:00\" \/>\n<meta name=\"twitter:card\" content=\"summary_large_image\" \/>\n<meta name=\"twitter:label1\" content=\"Est. reading time\" \/>\n\t<meta name=\"twitter:data1\" content=\"7 minutes\" \/>\n<script type=\"application\/ld+json\" class=\"yoast-schema-graph\">{\"@context\":\"https:\/\/schema.org\",\"@graph\":[{\"@type\":\"WebPage\",\"@id\":\"https:\/\/taxandlegal-digital-663692.hostingersite.com\/ueber-uns\/allgemeines\/?lang=fr\",\"url\":\"https:\/\/taxandlegal-digital-663692.hostingersite.com\/ueber-uns\/allgemeines\/?lang=fr\",\"name\":\"G\u00e9n\u00e9ral - Tech Summits Legal\",\"isPartOf\":{\"@id\":\"https:\/\/taxandlegal-digital-663692.hostingersite.com\/#website\"},\"datePublished\":\"2020-08-03T14:42:01+00:00\",\"dateModified\":\"2023-07-11T11:12:33+00:00\",\"breadcrumb\":{\"@id\":\"https:\/\/taxandlegal-digital-663692.hostingersite.com\/ueber-uns\/allgemeines\/?lang=fr#breadcrumb\"},\"inLanguage\":\"fr-FR\",\"potentialAction\":[{\"@type\":\"ReadAction\",\"target\":[\"https:\/\/taxandlegal-digital-663692.hostingersite.com\/ueber-uns\/allgemeines\/?lang=fr\"]}]},{\"@type\":\"BreadcrumbList\",\"@id\":\"https:\/\/taxandlegal-digital-663692.hostingersite.com\/ueber-uns\/allgemeines\/?lang=fr#breadcrumb\",\"itemListElement\":[{\"@type\":\"ListItem\",\"position\":1,\"name\":\"Startseite\",\"item\":\"https:\/\/taxandlegal-digital-663692.hostingersite.com\/fr\/startseite\/\"},{\"@type\":\"ListItem\",\"position\":2,\"name\":\"\u00c0 propos de nous\",\"item\":\"https:\/\/taxandlegal-digital-663692.hostingersite.com\/ueber-uns\/?lang=fr\"},{\"@type\":\"ListItem\",\"position\":3,\"name\":\"G\u00e9n\u00e9ral\"}]},{\"@type\":\"WebSite\",\"@id\":\"https:\/\/taxandlegal-digital-663692.hostingersite.com\/#website\",\"url\":\"https:\/\/taxandlegal-digital-663692.hostingersite.com\/\",\"name\":\"Tech Summits Legal\",\"description\":\"Rechts- und Steuerberatung aus einer Hand\",\"potentialAction\":[{\"@type\":\"SearchAction\",\"target\":{\"@type\":\"EntryPoint\",\"urlTemplate\":\"https:\/\/taxandlegal-digital-663692.hostingersite.com\/?s={search_term_string}\"},\"query-input\":{\"@type\":\"PropertyValueSpecification\",\"valueRequired\":true,\"valueName\":\"search_term_string\"}}],\"inLanguage\":\"fr-FR\"}]}<\/script>\n<!-- \/ Yoast SEO plugin. -->","yoast_head_json":{"title":"G\u00e9n\u00e9ral - Tech Summits Legal","robots":{"index":"index","follow":"follow","max-snippet":"max-snippet:-1","max-image-preview":"max-image-preview:large","max-video-preview":"max-video-preview:-1"},"canonical":"https:\/\/taxandlegal-digital-663692.hostingersite.com\/ueber-uns\/allgemeines\/?lang=fr","og_locale":"fr_FR","og_type":"article","og_title":"G\u00e9n\u00e9ral - Tech Summits Legal","og_description":"[vc_row][vc_column width=&#8221;1\/6&#8243;][\/vc_column][vc_column width=&#8221;2\/3&#8243;][vc_column_text] Ce que nous offrons : TAXandLEGAL.digital est une collaboration d&#8217;experts qui travaillent depuis des ann\u00e9es dans le [&hellip;]","og_url":"https:\/\/taxandlegal-digital-663692.hostingersite.com\/ueber-uns\/allgemeines\/?lang=fr","og_site_name":"Tech Summits Legal","article_modified_time":"2023-07-11T11:12:33+00:00","twitter_card":"summary_large_image","twitter_misc":{"Est. reading time":"7 minutes"},"schema":{"@context":"https:\/\/schema.org","@graph":[{"@type":"WebPage","@id":"https:\/\/taxandlegal-digital-663692.hostingersite.com\/ueber-uns\/allgemeines\/?lang=fr","url":"https:\/\/taxandlegal-digital-663692.hostingersite.com\/ueber-uns\/allgemeines\/?lang=fr","name":"G\u00e9n\u00e9ral - Tech Summits Legal","isPartOf":{"@id":"https:\/\/taxandlegal-digital-663692.hostingersite.com\/#website"},"datePublished":"2020-08-03T14:42:01+00:00","dateModified":"2023-07-11T11:12:33+00:00","breadcrumb":{"@id":"https:\/\/taxandlegal-digital-663692.hostingersite.com\/ueber-uns\/allgemeines\/?lang=fr#breadcrumb"},"inLanguage":"fr-FR","potentialAction":[{"@type":"ReadAction","target":["https:\/\/taxandlegal-digital-663692.hostingersite.com\/ueber-uns\/allgemeines\/?lang=fr"]}]},{"@type":"BreadcrumbList","@id":"https:\/\/taxandlegal-digital-663692.hostingersite.com\/ueber-uns\/allgemeines\/?lang=fr#breadcrumb","itemListElement":[{"@type":"ListItem","position":1,"name":"Startseite","item":"https:\/\/taxandlegal-digital-663692.hostingersite.com\/fr\/startseite\/"},{"@type":"ListItem","position":2,"name":"\u00c0 propos de nous","item":"https:\/\/taxandlegal-digital-663692.hostingersite.com\/ueber-uns\/?lang=fr"},{"@type":"ListItem","position":3,"name":"G\u00e9n\u00e9ral"}]},{"@type":"WebSite","@id":"https:\/\/taxandlegal-digital-663692.hostingersite.com\/#website","url":"https:\/\/taxandlegal-digital-663692.hostingersite.com\/","name":"Tech Summits Legal","description":"Rechts- und Steuerberatung aus einer Hand","potentialAction":[{"@type":"SearchAction","target":{"@type":"EntryPoint","urlTemplate":"https:\/\/taxandlegal-digital-663692.hostingersite.com\/?s={search_term_string}"},"query-input":{"@type":"PropertyValueSpecification","valueRequired":true,"valueName":"search_term_string"}}],"inLanguage":"fr-FR"}]}},"_links":{"self":[{"href":"https:\/\/taxandlegal.digital\/fr\/wp-json\/wp\/v2\/pages\/687","targetHints":{"allow":["GET"]}}],"collection":[{"href":"https:\/\/taxandlegal.digital\/fr\/wp-json\/wp\/v2\/pages"}],"about":[{"href":"https:\/\/taxandlegal.digital\/fr\/wp-json\/wp\/v2\/types\/page"}],"author":[{"embeddable":true,"href":"https:\/\/taxandlegal.digital\/fr\/wp-json\/wp\/v2\/users\/9"}],"replies":[{"embeddable":true,"href":"https:\/\/taxandlegal.digital\/fr\/wp-json\/wp\/v2\/comments?post=687"}],"version-history":[{"count":6,"href":"https:\/\/taxandlegal.digital\/fr\/wp-json\/wp\/v2\/pages\/687\/revisions"}],"predecessor-version":[{"id":1397,"href":"https:\/\/taxandlegal.digital\/fr\/wp-json\/wp\/v2\/pages\/687\/revisions\/1397"}],"up":[{"embeddable":true,"href":"https:\/\/taxandlegal.digital\/fr\/wp-json\/wp\/v2\/pages\/681"}],"wp:attachment":[{"href":"https:\/\/taxandlegal.digital\/fr\/wp-json\/wp\/v2\/media?parent=687"}],"curies":[{"name":"wp","href":"https:\/\/api.w.org\/{rel}","templated":true}]}}