{"id":693,"date":"2020-07-29T15:03:32","date_gmt":"2020-07-29T13:03:32","guid":{"rendered":"https:\/\/www.tech-summits-legal.de\/unser-team\/"},"modified":"2022-06-08T14:23:40","modified_gmt":"2022-06-08T12:23:40","slug":"unser-team","status":"publish","type":"page","link":"https:\/\/taxandlegal.digital\/fr\/unser-team\/","title":{"rendered":"Notre \u00e9quipe"},"content":{"rendered":"<p>[vc_row][vc_column width=&#8221;1\/6&#8243;][\/vc_column][vc_column width=&#8221;2\/3&#8243;][vc_column_text]<\/p>\n<h1>NOTRE \u00c9QUIPE<\/h1>\n<p>Voici ce que nous pouvons offrir \u00e0 nos clients : Un r\u00e9seau interdisciplinaire de conseillers exp\u00e9riment\u00e9s et motiv\u00e9s qui travaillent main dans la main. Nos partenaires de r\u00e9seau, qui ont une longue exp\u00e9rience du transfert de technologie, sont soutenus par de jeunes coll\u00e8gues &#8211; au total, une \u00e9quipe solide.[\/vc_column_text][\/vc_column][vc_column width=&#8221;1\/6&#8243;][\/vc_column][\/vc_row][vc_row][vc_column]<div id=\"team-list-wrapper\">\r\n\t\t\t<div class=\"team-element\">\r\n\t\t\t<a href=\"https:\/\/taxandlegal.digital\/fr\/unser-team\/tilmann-lahann\/\">\r\n\t\t\t\t<div class=\"team-image-small\">\r\n\t\t\t\t\t<img decoding=\"async\" src=\"https:\/\/taxandlegal.digital\/wp-content\/uploads\/2020\/07\/Lahann_neu_80x80-300x300.jpg\" \/>\r\n\t\t\t\t<\/div>\r\n\t\t\t\t<div class=\"team-name\">Tilmann Lahann<\/div>\r\n\t\t\t\t<div class=\"team-description\">Avocat, avocat sp\u00e9cialis\u00e9 en droit commercial et des soci\u00e9t\u00e9s, LL.M (eur. Integr)<\/div>\r\n\t\t\t<\/a>\r\n\t\t<\/div>\r\n\t\t\t<div class=\"team-element\">\r\n\t\t\t<a href=\"https:\/\/taxandlegal.digital\/fr\/unser-team\/oliver-pikolleck\/\">\r\n\t\t\t\t<div class=\"team-image-small\">\r\n\t\t\t\t\t<img decoding=\"async\" src=\"https:\/\/taxandlegal.digital\/wp-content\/uploads\/2020\/07\/Pikolleck_neu_qu-300x300.jpg\" \/>\r\n\t\t\t\t<\/div>\r\n\t\t\t\t<div class=\"team-name\">Oliver Pikolleck<\/div>\r\n\t\t\t\t<div class=\"team-description\">Avocat, responsable externe de la protection des donn\u00e9es\n( certificat T\u00dcV),\ndirecteur g\u00e9n\u00e9ral de HiLevDATA GmbH &amp; CO. KG, conseiller externe en mati\u00e8re de protection des donn\u00e9es<\/div>\r\n\t\t\t<\/a>\r\n\t\t<\/div>\r\n\t\t\t<div class=\"team-element\">\r\n\t\t\t<a href=\"https:\/\/taxandlegal.digital\/fr\/unser-team\/markus-kleer\/\">\r\n\t\t\t\t<div class=\"team-image-small\">\r\n\t\t\t\t\t<img decoding=\"async\" src=\"https:\/\/taxandlegal.digital\/wp-content\/uploads\/2020\/07\/Markus-Kleer_neu_qu-300x300.jpg\" \/>\r\n\t\t\t\t<\/div>\r\n\t\t\t\t<div class=\"team-name\">Markus Kleer<\/div>\r\n\t\t\t\t<div class=\"team-description\">Consultant fiscal<\/div>\r\n\t\t\t<\/a>\r\n\t\t<\/div>\r\n\t\t\t<div class=\"team-element\">\r\n\t\t\t<a href=\"https:\/\/taxandlegal.digital\/fr\/unser-team\/lisa-mayer-helmstetter\/\">\r\n\t\t\t\t<div class=\"team-image-small\">\r\n\t\t\t\t\t<img decoding=\"async\" src=\"https:\/\/taxandlegal.digital\/wp-content\/uploads\/2020\/08\/Helmstetter_neu_qu-300x300.jpg\" \/>\r\n\t\t\t\t<\/div>\r\n\t\t\t\t<div class=\"team-name\">Lisa Mayer-Helmstetter<\/div>\r\n\t\t\t\t<div class=\"team-description\">Avocate,\nMaster 2 en droit europ\u00e9en et international (Universit\u00e9 de Lille, Universit\u00e9 de Warwick)<\/div>\r\n\t\t\t<\/a>\r\n\t\t<\/div>\r\n\t\t\t<div class=\"team-element\">\r\n\t\t\t<a href=\"https:\/\/taxandlegal.digital\/fr\/unser-team\/elina-koenig\/\">\r\n\t\t\t\t<div class=\"team-image-small\">\r\n\t\t\t\t\t<img decoding=\"async\" src=\"https:\/\/taxandlegal.digital\/wp-content\/uploads\/2023\/11\/Elina-Koenig-scaled-e1700739605111-300x300.jpg\" \/>\r\n\t\t\t\t<\/div>\r\n\t\t\t\t<div class=\"team-name\">Elina K\u00f6nig<\/div>\r\n\t\t\t\t<div class=\"team-description\">Avocate<\/div>\r\n\t\t\t<\/a>\r\n\t\t<\/div>\r\n\t\t\t<div class=\"team-element\">\r\n\t\t\t<a href=\"https:\/\/taxandlegal.digital\/fr\/unser-team\/kerstin-alt\/\">\r\n\t\t\t\t<div class=\"team-image-small\">\r\n\t\t\t\t\t<img decoding=\"async\" src=\"https:\/\/taxandlegal.digital\/wp-content\/uploads\/2023\/11\/Kerstin-Alt-2-scaled-e1700739829679-300x300.jpg\" \/>\r\n\t\t\t\t<\/div>\r\n\t\t\t\t<div class=\"team-name\">Kerstin Alt<\/div>\r\n\t\t\t\t<div class=\"team-description\">Avocate, sp\u00e9cialiste en droit de la propri\u00e9t\u00e9 industrielle<\/div>\r\n\t\t\t<\/a>\r\n\t\t<\/div>\r\n\t<\/div>[\/vc_column][\/vc_row]<\/p>\n","protected":false},"excerpt":{"rendered":"<p>[vc_row][vc_column width=&#8221;1\/6&#8243;][\/vc_column][vc_column width=&#8221;2\/3&#8243;][vc_column_text] NOTRE \u00c9QUIPE Voici ce que nous pouvons offrir \u00e0 nos clients : Un r\u00e9seau interdisciplinaire de conseillers [&hellip;]<\/p>\n","protected":false},"author":9,"featured_media":0,"parent":0,"menu_order":28,"comment_status":"closed","ping_status":"closed","template":"","meta":{"footnotes":""},"class_list":["post-693","page","type-page","status-publish","hentry"],"yoast_head":"<!-- This site is optimized with the Yoast SEO plugin v26.7 - https:\/\/yoast.com\/wordpress\/plugins\/seo\/ -->\n<title>Notre \u00e9quipe - Tech Summits Legal<\/title>\n<meta name=\"robots\" content=\"index, follow, max-snippet:-1, max-image-preview:large, max-video-preview:-1\" \/>\n<link rel=\"canonical\" href=\"https:\/\/taxandlegal-digital-663692.hostingersite.com\/unser-team\/?lang=fr\" \/>\n<meta property=\"og:locale\" content=\"fr_FR\" \/>\n<meta property=\"og:type\" content=\"article\" \/>\n<meta property=\"og:title\" content=\"Notre \u00e9quipe - Tech Summits Legal\" \/>\n<meta property=\"og:description\" content=\"[vc_row][vc_column width=&#8221;1\/6&#8243;][\/vc_column][vc_column width=&#8221;2\/3&#8243;][vc_column_text] NOTRE \u00c9QUIPE Voici ce que nous pouvons offrir \u00e0 nos clients : Un r\u00e9seau interdisciplinaire de conseillers [&hellip;]\" \/>\n<meta property=\"og:url\" content=\"https:\/\/taxandlegal-digital-663692.hostingersite.com\/unser-team\/?lang=fr\" \/>\n<meta property=\"og:site_name\" content=\"Tech Summits Legal\" \/>\n<meta property=\"article:modified_time\" content=\"2022-06-08T12:23:40+00:00\" \/>\n<meta name=\"twitter:card\" content=\"summary_large_image\" \/>\n<meta name=\"twitter:label1\" content=\"Est. reading time\" \/>\n\t<meta name=\"twitter:data1\" content=\"1 minute\" \/>\n<script type=\"application\/ld+json\" class=\"yoast-schema-graph\">{\"@context\":\"https:\/\/schema.org\",\"@graph\":[{\"@type\":\"WebPage\",\"@id\":\"https:\/\/taxandlegal-digital-663692.hostingersite.com\/unser-team\/?lang=fr\",\"url\":\"https:\/\/taxandlegal-digital-663692.hostingersite.com\/unser-team\/?lang=fr\",\"name\":\"Notre \u00e9quipe - Tech Summits Legal\",\"isPartOf\":{\"@id\":\"https:\/\/taxandlegal-digital-663692.hostingersite.com\/#website\"},\"datePublished\":\"2020-07-29T13:03:32+00:00\",\"dateModified\":\"2022-06-08T12:23:40+00:00\",\"breadcrumb\":{\"@id\":\"https:\/\/taxandlegal-digital-663692.hostingersite.com\/unser-team\/?lang=fr#breadcrumb\"},\"inLanguage\":\"fr-FR\",\"potentialAction\":[{\"@type\":\"ReadAction\",\"target\":[\"https:\/\/taxandlegal-digital-663692.hostingersite.com\/unser-team\/?lang=fr\"]}]},{\"@type\":\"BreadcrumbList\",\"@id\":\"https:\/\/taxandlegal-digital-663692.hostingersite.com\/unser-team\/?lang=fr#breadcrumb\",\"itemListElement\":[{\"@type\":\"ListItem\",\"position\":1,\"name\":\"Startseite\",\"item\":\"https:\/\/taxandlegal-digital-663692.hostingersite.com\/fr\/startseite\/\"},{\"@type\":\"ListItem\",\"position\":2,\"name\":\"Notre \u00e9quipe\"}]},{\"@type\":\"WebSite\",\"@id\":\"https:\/\/taxandlegal-digital-663692.hostingersite.com\/#website\",\"url\":\"https:\/\/taxandlegal-digital-663692.hostingersite.com\/\",\"name\":\"Tech Summits Legal\",\"description\":\"Rechts- und Steuerberatung aus einer Hand\",\"potentialAction\":[{\"@type\":\"SearchAction\",\"target\":{\"@type\":\"EntryPoint\",\"urlTemplate\":\"https:\/\/taxandlegal-digital-663692.hostingersite.com\/?s={search_term_string}\"},\"query-input\":{\"@type\":\"PropertyValueSpecification\",\"valueRequired\":true,\"valueName\":\"search_term_string\"}}],\"inLanguage\":\"fr-FR\"}]}<\/script>\n<!-- \/ Yoast SEO plugin. -->","yoast_head_json":{"title":"Notre \u00e9quipe - Tech Summits Legal","robots":{"index":"index","follow":"follow","max-snippet":"max-snippet:-1","max-image-preview":"max-image-preview:large","max-video-preview":"max-video-preview:-1"},"canonical":"https:\/\/taxandlegal-digital-663692.hostingersite.com\/unser-team\/?lang=fr","og_locale":"fr_FR","og_type":"article","og_title":"Notre \u00e9quipe - Tech Summits Legal","og_description":"[vc_row][vc_column width=&#8221;1\/6&#8243;][\/vc_column][vc_column width=&#8221;2\/3&#8243;][vc_column_text] NOTRE \u00c9QUIPE Voici ce que nous pouvons offrir \u00e0 nos clients : Un r\u00e9seau interdisciplinaire de conseillers [&hellip;]","og_url":"https:\/\/taxandlegal-digital-663692.hostingersite.com\/unser-team\/?lang=fr","og_site_name":"Tech Summits Legal","article_modified_time":"2022-06-08T12:23:40+00:00","twitter_card":"summary_large_image","twitter_misc":{"Est. reading time":"1 minute"},"schema":{"@context":"https:\/\/schema.org","@graph":[{"@type":"WebPage","@id":"https:\/\/taxandlegal-digital-663692.hostingersite.com\/unser-team\/?lang=fr","url":"https:\/\/taxandlegal-digital-663692.hostingersite.com\/unser-team\/?lang=fr","name":"Notre \u00e9quipe - Tech Summits Legal","isPartOf":{"@id":"https:\/\/taxandlegal-digital-663692.hostingersite.com\/#website"},"datePublished":"2020-07-29T13:03:32+00:00","dateModified":"2022-06-08T12:23:40+00:00","breadcrumb":{"@id":"https:\/\/taxandlegal-digital-663692.hostingersite.com\/unser-team\/?lang=fr#breadcrumb"},"inLanguage":"fr-FR","potentialAction":[{"@type":"ReadAction","target":["https:\/\/taxandlegal-digital-663692.hostingersite.com\/unser-team\/?lang=fr"]}]},{"@type":"BreadcrumbList","@id":"https:\/\/taxandlegal-digital-663692.hostingersite.com\/unser-team\/?lang=fr#breadcrumb","itemListElement":[{"@type":"ListItem","position":1,"name":"Startseite","item":"https:\/\/taxandlegal-digital-663692.hostingersite.com\/fr\/startseite\/"},{"@type":"ListItem","position":2,"name":"Notre \u00e9quipe"}]},{"@type":"WebSite","@id":"https:\/\/taxandlegal-digital-663692.hostingersite.com\/#website","url":"https:\/\/taxandlegal-digital-663692.hostingersite.com\/","name":"Tech Summits Legal","description":"Rechts- und Steuerberatung aus einer Hand","potentialAction":[{"@type":"SearchAction","target":{"@type":"EntryPoint","urlTemplate":"https:\/\/taxandlegal-digital-663692.hostingersite.com\/?s={search_term_string}"},"query-input":{"@type":"PropertyValueSpecification","valueRequired":true,"valueName":"search_term_string"}}],"inLanguage":"fr-FR"}]}},"_links":{"self":[{"href":"https:\/\/taxandlegal.digital\/fr\/wp-json\/wp\/v2\/pages\/693","targetHints":{"allow":["GET"]}}],"collection":[{"href":"https:\/\/taxandlegal.digital\/fr\/wp-json\/wp\/v2\/pages"}],"about":[{"href":"https:\/\/taxandlegal.digital\/fr\/wp-json\/wp\/v2\/types\/page"}],"author":[{"embeddable":true,"href":"https:\/\/taxandlegal.digital\/fr\/wp-json\/wp\/v2\/users\/9"}],"replies":[{"embeddable":true,"href":"https:\/\/taxandlegal.digital\/fr\/wp-json\/wp\/v2\/comments?post=693"}],"version-history":[{"count":4,"href":"https:\/\/taxandlegal.digital\/fr\/wp-json\/wp\/v2\/pages\/693\/revisions"}],"predecessor-version":[{"id":1273,"href":"https:\/\/taxandlegal.digital\/fr\/wp-json\/wp\/v2\/pages\/693\/revisions\/1273"}],"wp:attachment":[{"href":"https:\/\/taxandlegal.digital\/fr\/wp-json\/wp\/v2\/media?parent=693"}],"curies":[{"name":"wp","href":"https:\/\/api.w.org\/{rel}","templated":true}]}}