{"id":702,"date":"2020-07-28T10:58:14","date_gmt":"2020-07-28T08:58:14","guid":{"rendered":"https:\/\/www.tech-summits-legal.de\/startseite\/"},"modified":"2023-10-24T12:10:43","modified_gmt":"2023-10-24T10:10:43","slug":"startseite","status":"publish","type":"page","link":"https:\/\/taxandlegal.digital\/fr\/","title":{"rendered":"Startseite"},"content":{"rendered":"<p>[vc_row][vc_column][vc_raw_html]JTVCc21hcnRzbGlkZXIzJTIwc2xpZGVyJTNEJTIyOCUyMiU1RA==[\/vc_raw_html][\/vc_column][vc_column offset=&#8221;vc_hidden-lg vc_hidden-md&#8221;][vc_column_text]<\/p>\n<h2 style=\"text-align: center;\">Des conseils juridiques et fiscaux d&#8217;une m\u00eame main, de l&#8217;id\u00e9e \u00e0 la commercialisation r\u00e9ussie<\/h2>\n<p style=\"text-align: center;\">Tax &amp; Legal DIGITAL est l&#8217;abr\u00e9viation de &#8220;consulting&#8221; \u00e0 travers l&#8217;Allemagne par des experts sp\u00e9cialis\u00e9s dans le transfert de technologie. Nos services de conseil s&#8217;adressent principalement aux universit\u00e9s, aux instituts de recherche, aux PME du secteur informatique et technologique ainsi qu&#8217;aux jeunes entreprises et aux investisseurs qui investissent dans de jeunes entreprises.<\/p>\n<p>[\/vc_column_text][vc_column_text]<\/p>\n<ul>\n<li><a href=\"https:\/\/taxandlegal.digital\/angebote\/kmus\/?lang=fr\">Les PME<\/a><\/li>\n<li><a href=\"https:\/\/taxandlegal.digital\/angebote\/start-ups\/?lang=fr\">Les start-up<\/a><\/li>\n<li><a href=\"https:\/\/taxandlegal.digital\/angebote\/hochschulen-und-forschungseinrichtungen\/?lang=fr\">Les universit\u00e9s<\/a><\/li>\n<li><a href=\"https:\/\/taxandlegal.digital\/angebote\/investoren\/?lang=fr\">Les investisseurs<\/a><\/li>\n<\/ul>\n<p>[\/vc_column_text][vc_column_text]<\/p>\n<h3>Nos champs de sp\u00e9cialisation<\/h3>\n<p>Dans nos cabinets partenaires de D\u00fcsseldorf, Munich, Sarrebruck et St. Ingbert, nos avocats et conseillers fiscaux vous conseilleront dans les domaines suivants:[\/vc_column_text][vc_column_text]<\/p>\n<ul class=\"list-bottom\">\n<li>Collaborations en mati\u00e8re de R&amp;D<\/li>\n<li>Demande de droit de propri\u00e9t\u00e9<\/li>\n<li>Valorisation des technologies<\/li>\n<li>Cr\u00e9ation de nouvelles entreprises<\/li>\n<li>Spin-offs de spin-offs<\/li>\n<li>et les investissements dans les start-ups et les PME \u00e0 orientation technologique ou informatique.<\/li>\n<\/ul>\n<p>[\/vc_column_text][vc_column_text]Nous apportons \u00e9galement notre soutien en droit des soci\u00e9t\u00e9s lors de la cr\u00e9ation d&#8217;une soci\u00e9t\u00e9, en droit commercial lors de la r\u00e9daction de contrats clients, de conditions g\u00e9n\u00e9rales de vente et lors du lancement d&#8217;un produit sur le march\u00e9, par exemple lors de la r\u00e9daction du contrat d&#8217;un syst\u00e8me de distribution ou de la mise en place d&#8217;une boutique en ligne.<\/p>\n<p>Nous conseillons \u00e9galement sur la protection des donn\u00e9es et le droit du travail, qui repr\u00e9sentent des aspects partiels importants.[\/vc_column_text][\/vc_column][\/vc_row][vc_section][vc_row][vc_column width=&#8221;1\/2&#8243; offset=&#8221;vc_hidden-sm vc_hidden-xs&#8221;][vc_column_text]<\/p>\n<h2>NOS CHAMPS DE SP\u00c9CIALISATION<\/h2>\n<p>[\/vc_column_text][vc_column_text]Depuis nos cabinets partenaires de Sarrebruck et St. Ingbert, nos avocats et conseillers fiscaux vous conseilleront dans les domaines suivants :<\/p>\n<ul>\n<li>Contrats de recherche et de d\u00e9veloppement exp\u00e9riental (R&amp;D).<\/li>\n<li>Demande de droit de propri\u00e9t\u00e9.<\/li>\n<li>Exploitation de technologies.<\/li>\n<li>Cr\u00e9ation d\u2019entreprises.<\/li>\n<li>Emanation de spin-off.<\/li>\n<li>Investissement dans les start-up et PME orient\u00e9es vers la technologie et l\u2019informatique.<\/li>\n<\/ul>\n<p>Dans ce cadre, nous vous conseillons \u00e9galement en mati\u00e8re de droit des soci\u00e9t\u00e9s lors de la <strong>cr\u00e9ation d\u2019une soci\u00e9t\u00e9<\/strong>, en droit commercial lors de la r\u00e9daction de contrats-clients, de conditions g\u00e9n\u00e9rales de vente et lors du lancement de la marque, comme par exemple lors de la r\u00e9daction du contrat d\u2019un syst\u00e8me de distribution ou de la mise en place d\u2019une boutique en ligne.<\/p>\n<p>Nous apportons \u00e9galement nos conseils en mati\u00e8re de <strong>protection des donn\u00e9es<\/strong> et de <strong>droit du travail<\/strong>, qui repr\u00e9sentent eux aussi des aspects importants.[\/vc_column_text][\/vc_column][vc_column width=&#8221;1\/2&#8243; offset=&#8221;vc_hidden-sm vc_hidden-xs&#8221;][vc_row_inner el_id=&#8221;newsletter-box&#8221;][vc_column_inner offset=&#8221;vc_hidden-sm vc_hidden-xs&#8221;][vc_column_text]INSCRIVEZ-VOUS \u00c0 NOTRE NEWSLETTER ICI<\/p>\n<p>Avec notre newsletter, nous vous informons r\u00e9guli\u00e8rement sur les articles actuels, les formations et les s\u00e9minaires de nos partenaires du r\u00e9seau.[\/vc_column_text][vc_raw_html]JTVCbWM0d3BfZm9ybSUyMGlkJTNEJTIyNTglMjIlNUQ=[\/vc_raw_html][\/vc_column_inner][\/vc_row_inner][\/vc_column][\/vc_row][vc_row el_id=&#8221;team-cta&#8221;][vc_column][vc_empty_space height=&#8221;75px&#8221;][\/vc_column][vc_column width=&#8221;2\/12&#8243;][\/vc_column][vc_column width=&#8221;2\/12&#8243; offset=&#8221;vc_hidden-sm vc_hidden-xs&#8221;][vc_single_image image=&#8221;703&#8243; img_size=&#8221;full&#8221; onclick=&#8221;custom_link&#8221; link=&#8221;\/unser-team&#8221;][\/vc_column][vc_column width=&#8221;4\/12&#8243; offset=&#8221;vc_hidden-sm vc_hidden-xs&#8221;][vc_column_text css=&#8221;.vc_custom_1625744662895{margin-top: 20px !important;}&#8221;]<\/p>\n<h2><a href=\"https:\/\/taxandlegal.digital\/unser-team\/?lang=fr\">FAITES CONNAISSANCE AVEC NOTRE \u00c9QUIPE!<\/a><\/h2>\n<p>[\/vc_column_text][\/vc_column][vc_column width=&#8221;2\/12&#8243; offset=&#8221;vc_hidden-sm vc_hidden-xs&#8221;][vc_single_image image=&#8221;707&#8243; onclick=&#8221;custom_link&#8221; link=&#8221;\/unser-team&#8221;][\/vc_column][vc_column width=&#8221;2\/12&#8243;][\/vc_column][\/vc_row][vc_row][vc_column width=&#8221;2\/12&#8243;][\/vc_column][vc_column width=&#8221;8\/12&#8243; offset=&#8221;vc_hidden-sm vc_hidden-xs&#8221;][vc_empty_space height=&#8221;75px&#8221;][vc_column_text]<\/p>\n<h2 style=\"text-align: center;\">NOTRE EXPERTISE<\/h2>\n<p><ul class='exptertise-menu'><li><a href='https:\/\/taxandlegal.digital\/fr\/leistungen\/contrats-de-recherche-et-de-developpement-rd\/'>Contrats de recherche et de d\u00e9veloppement (R&D)<\/a><\/li><li><a href='https:\/\/taxandlegal.digital\/fr\/leistungen\/uebertragungs-und-lizenzvertraege\/'>Accords de transfert et de licence<\/a><\/li><li><a href='https:\/\/taxandlegal.digital\/fr\/leistungen\/beteiligung-an-startups\/'>Investissement dans les start-up<\/a><\/li><li><a href='https:\/\/taxandlegal.digital\/fr\/leistungen\/gruendungen-und-ausgruendungen\/'>Cr\u00e9ation d\u2018entreprises et spin-off<\/a><\/li><li><a href='https:\/\/taxandlegal.digital\/fr\/leistungen\/marken-und-kennzeichenrecht\/'>Droit des marques<\/a><\/li><li><a href='https:\/\/taxandlegal.digital\/fr\/leistungen\/durchsetzung-und-verteidigung-gewerblicher-schutzrechte\/'>Application et d\u00e9fense des droits de propri\u00e9t\u00e9<\/a><\/li><li><a href='https:\/\/taxandlegal.digital\/fr\/leistungen\/it-recht\/'>Droit des technologies de l'information<\/a><\/li><li><a href='https:\/\/taxandlegal.digital\/fr\/leistungen\/arbeitsrecht-und-mitarbeiterbeteiligungen\/'>Droit du travail et participation des salari\u00e9s<\/a><\/li><li><a href='https:\/\/taxandlegal.digital\/fr\/leistungen\/arbeitnehmererfindungsrecht\/'>Droit des inventions des employ\u00e9s<\/a><\/li><li><a href='https:\/\/taxandlegal.digital\/fr\/leistungen\/datenschutz\/'>Protection des donn\u00e9es<\/a><\/li><li><a href='https:\/\/taxandlegal.digital\/fr\/leistungen\/steuerrecht\/'>Droit fiscal pour les start-up<\/a><\/li><li><a href='https:\/\/taxandlegal.digital\/fr\/leistungen\/verwaltungsrecht-und-regulatories\/'>Droit administratif et r\u00e9glementation<\/a><\/li><\/ul>[\/vc_column_text][\/vc_column][vc_column width=&#8221;2\/12&#8243;][\/vc_column][\/vc_row][vc_row el_id=&#8221;front-contact-info-container&#8221;][vc_column][vc_empty_space height=&#8221;75px&#8221;][\/vc_column][vc_column width=&#8221;2\/12&#8243; offset=&#8221;vc_hidden-sm vc_hidden-xs&#8221;][vc_single_image image=&#8221;708&#8243; img_size=&#8221;full&#8221;][\/vc_column][vc_column width=&#8221;10\/12&#8243; offset=&#8221;vc_hidden-sm vc_hidden-xs&#8221;][vc_column_text]<\/p>\n<h2>DANS QUEL DOMAINE POUVONS-NOUS VOUS AIDER?<br \/>\nN\u00b4H\u00c9SITEZ PAS \u00c0 NOUS CONTACTER AU 0049 681 379320<\/h2>\n<p>[\/vc_column_text][\/vc_column][vc_column][vc_empty_space height=&#8221;75px&#8221;][\/vc_column][\/vc_row][vc_row el_id=&#8221;network-partners&#8221;][vc_column width=&#8221;2\/3&#8243; el_id=&#8221;partners-info-text&#8221; offset=&#8221;vc_col-lg-offset-2 vc_hidden-sm vc_hidden-xs&#8221; css=&#8221;.vc_custom_1690983273515{margin-bottom: 75px !important;}&#8221;][vc_column_text]<\/p>\n<h2>NOS PARTENAIRES DE R\u00c9SEAU<br \/>\n\u00c0 SARREBRUCK ET ST. INGBERT<\/h2>\n<p><strong>Nous fournissons des conseils \u00e0 travers toute l&#8217;Allemagne, principalement par vid\u00e9oconf\u00e9rence, mais nous sommes \u00e9galement heureux de fournir des conseils dans le cadre d&#8217;entretiens personnels sur place.<\/strong><\/p>\n<p>Un travail efficace et num\u00e9rique est important pour nous, c&#8217;est pourquoi nous avons \u00e9galement cr\u00e9\u00e9 une infrastructure num\u00e9rique optimale pour le cabinet d&#8217;avocats num\u00e9rique. Nos partenaires de r\u00e9seau sont situ\u00e9s \u00e0 Sarrebruck et St. Ingbert. Pour l&#8217;\u00e9change s\u00e9curis\u00e9 de donn\u00e9es, nous disposons de notre propre syst\u00e8me d&#8217;informatique en nuage pour le cabinet, avec lequel les donn\u00e9es et les documents peuvent \u00eatre \u00e9chang\u00e9s rapidement et en toute s\u00e9curit\u00e9.[\/vc_column_text][\/vc_column][\/vc_row][\/vc_section]<\/p>\n","protected":false},"excerpt":{"rendered":"<p>[vc_row][vc_column][vc_raw_html]JTVCc21hcnRzbGlkZXIzJTIwc2xpZGVyJTNEJTIyOCUyMiU1RA==[\/vc_raw_html][\/vc_column][vc_column offset=&#8221;vc_hidden-lg vc_hidden-md&#8221;][vc_column_text] Des conseils juridiques et fiscaux d&#8217;une m\u00eame main, de l&#8217;id\u00e9e \u00e0 la commercialisation r\u00e9ussie Tax &amp; Legal [&hellip;]<\/p>\n","protected":false},"author":9,"featured_media":0,"parent":0,"menu_order":30,"comment_status":"closed","ping_status":"closed","template":"","meta":{"footnotes":""},"class_list":["post-702","page","type-page","status-publish","hentry"],"yoast_head":"<!-- This site is optimized with the Yoast SEO plugin v26.7 - https:\/\/yoast.com\/wordpress\/plugins\/seo\/ -->\n<title>Rechts- und Steuerberatungaus einer Hand | Tech Summit Legal<\/title>\n<meta name=\"description\" content=\"Tech Summits Legal steht f\u00fcr deutschlandweite Rechts- und Steuerberatung durch erfahrene Experten im Technologietransfer.\" \/>\n<meta name=\"robots\" content=\"index, follow, max-snippet:-1, max-image-preview:large, max-video-preview:-1\" \/>\n<link rel=\"canonical\" href=\"https:\/\/taxandlegal-digital-663692.hostingersite.com\/fr\/startseite\/\" \/>\n<meta property=\"og:locale\" content=\"fr_FR\" \/>\n<meta property=\"og:type\" content=\"article\" \/>\n<meta property=\"og:title\" content=\"Rechts- und Steuerberatungaus einer Hand | Tech Summit Legal\" \/>\n<meta property=\"og:description\" content=\"Tech Summits Legal steht f\u00fcr deutschlandweite Rechts- und Steuerberatung durch erfahrene Experten im Technologietransfer.\" \/>\n<meta property=\"og:url\" content=\"https:\/\/taxandlegal-digital-663692.hostingersite.com\/fr\/startseite\/\" \/>\n<meta property=\"og:site_name\" content=\"Tech Summits Legal\" \/>\n<meta property=\"article:modified_time\" content=\"2023-10-24T10:10:43+00:00\" \/>\n<meta name=\"twitter:card\" content=\"summary_large_image\" \/>\n<meta name=\"twitter:label1\" content=\"Est. reading time\" \/>\n\t<meta name=\"twitter:data1\" content=\"4 minutes\" \/>\n<script type=\"application\/ld+json\" class=\"yoast-schema-graph\">{\"@context\":\"https:\/\/schema.org\",\"@graph\":[{\"@type\":\"WebPage\",\"@id\":\"https:\/\/taxandlegal-digital-663692.hostingersite.com\/fr\/startseite\/\",\"url\":\"https:\/\/taxandlegal-digital-663692.hostingersite.com\/fr\/startseite\/\",\"name\":\"Rechts- und Steuerberatungaus einer Hand | Tech Summit Legal\",\"isPartOf\":{\"@id\":\"https:\/\/taxandlegal-digital-663692.hostingersite.com\/#website\"},\"datePublished\":\"2020-07-28T08:58:14+00:00\",\"dateModified\":\"2023-10-24T10:10:43+00:00\",\"description\":\"Tech Summits Legal steht f\u00fcr deutschlandweite Rechts- und Steuerberatung durch erfahrene Experten im Technologietransfer.\",\"breadcrumb\":{\"@id\":\"https:\/\/taxandlegal-digital-663692.hostingersite.com\/fr\/startseite\/#breadcrumb\"},\"inLanguage\":\"fr-FR\",\"potentialAction\":[{\"@type\":\"ReadAction\",\"target\":[\"https:\/\/taxandlegal-digital-663692.hostingersite.com\/fr\/startseite\/\"]}]},{\"@type\":\"BreadcrumbList\",\"@id\":\"https:\/\/taxandlegal-digital-663692.hostingersite.com\/fr\/startseite\/#breadcrumb\",\"itemListElement\":[{\"@type\":\"ListItem\",\"position\":1,\"name\":\"Startseite\",\"item\":\"https:\/\/taxandlegal-digital-663692.hostingersite.com\/fr\/startseite\/\"},{\"@type\":\"ListItem\",\"position\":2,\"name\":\"Startseite\"}]},{\"@type\":\"WebSite\",\"@id\":\"https:\/\/taxandlegal-digital-663692.hostingersite.com\/#website\",\"url\":\"https:\/\/taxandlegal-digital-663692.hostingersite.com\/\",\"name\":\"Tech Summits Legal\",\"description\":\"Rechts- und Steuerberatung aus einer Hand\",\"potentialAction\":[{\"@type\":\"SearchAction\",\"target\":{\"@type\":\"EntryPoint\",\"urlTemplate\":\"https:\/\/taxandlegal-digital-663692.hostingersite.com\/?s={search_term_string}\"},\"query-input\":{\"@type\":\"PropertyValueSpecification\",\"valueRequired\":true,\"valueName\":\"search_term_string\"}}],\"inLanguage\":\"fr-FR\"}]}<\/script>\n<!-- \/ Yoast SEO plugin. -->","yoast_head_json":{"title":"Rechts- und Steuerberatungaus einer Hand | Tech Summit Legal","description":"Tech Summits Legal steht f\u00fcr deutschlandweite Rechts- und Steuerberatung durch erfahrene Experten im Technologietransfer.","robots":{"index":"index","follow":"follow","max-snippet":"max-snippet:-1","max-image-preview":"max-image-preview:large","max-video-preview":"max-video-preview:-1"},"canonical":"https:\/\/taxandlegal-digital-663692.hostingersite.com\/fr\/startseite\/","og_locale":"fr_FR","og_type":"article","og_title":"Rechts- und Steuerberatungaus einer Hand | Tech Summit Legal","og_description":"Tech Summits Legal steht f\u00fcr deutschlandweite Rechts- und Steuerberatung durch erfahrene Experten im Technologietransfer.","og_url":"https:\/\/taxandlegal-digital-663692.hostingersite.com\/fr\/startseite\/","og_site_name":"Tech Summits Legal","article_modified_time":"2023-10-24T10:10:43+00:00","twitter_card":"summary_large_image","twitter_misc":{"Est. reading time":"4 minutes"},"schema":{"@context":"https:\/\/schema.org","@graph":[{"@type":"WebPage","@id":"https:\/\/taxandlegal-digital-663692.hostingersite.com\/fr\/startseite\/","url":"https:\/\/taxandlegal-digital-663692.hostingersite.com\/fr\/startseite\/","name":"Rechts- und Steuerberatungaus einer Hand | Tech Summit Legal","isPartOf":{"@id":"https:\/\/taxandlegal-digital-663692.hostingersite.com\/#website"},"datePublished":"2020-07-28T08:58:14+00:00","dateModified":"2023-10-24T10:10:43+00:00","description":"Tech Summits Legal steht f\u00fcr deutschlandweite Rechts- und Steuerberatung durch erfahrene Experten im Technologietransfer.","breadcrumb":{"@id":"https:\/\/taxandlegal-digital-663692.hostingersite.com\/fr\/startseite\/#breadcrumb"},"inLanguage":"fr-FR","potentialAction":[{"@type":"ReadAction","target":["https:\/\/taxandlegal-digital-663692.hostingersite.com\/fr\/startseite\/"]}]},{"@type":"BreadcrumbList","@id":"https:\/\/taxandlegal-digital-663692.hostingersite.com\/fr\/startseite\/#breadcrumb","itemListElement":[{"@type":"ListItem","position":1,"name":"Startseite","item":"https:\/\/taxandlegal-digital-663692.hostingersite.com\/fr\/startseite\/"},{"@type":"ListItem","position":2,"name":"Startseite"}]},{"@type":"WebSite","@id":"https:\/\/taxandlegal-digital-663692.hostingersite.com\/#website","url":"https:\/\/taxandlegal-digital-663692.hostingersite.com\/","name":"Tech Summits Legal","description":"Rechts- und Steuerberatung aus einer Hand","potentialAction":[{"@type":"SearchAction","target":{"@type":"EntryPoint","urlTemplate":"https:\/\/taxandlegal-digital-663692.hostingersite.com\/?s={search_term_string}"},"query-input":{"@type":"PropertyValueSpecification","valueRequired":true,"valueName":"search_term_string"}}],"inLanguage":"fr-FR"}]}},"_links":{"self":[{"href":"https:\/\/taxandlegal.digital\/fr\/wp-json\/wp\/v2\/pages\/702","targetHints":{"allow":["GET"]}}],"collection":[{"href":"https:\/\/taxandlegal.digital\/fr\/wp-json\/wp\/v2\/pages"}],"about":[{"href":"https:\/\/taxandlegal.digital\/fr\/wp-json\/wp\/v2\/types\/page"}],"author":[{"embeddable":true,"href":"https:\/\/taxandlegal.digital\/fr\/wp-json\/wp\/v2\/users\/9"}],"replies":[{"embeddable":true,"href":"https:\/\/taxandlegal.digital\/fr\/wp-json\/wp\/v2\/comments?post=702"}],"version-history":[{"count":19,"href":"https:\/\/taxandlegal.digital\/fr\/wp-json\/wp\/v2\/pages\/702\/revisions"}],"predecessor-version":[{"id":1472,"href":"https:\/\/taxandlegal.digital\/fr\/wp-json\/wp\/v2\/pages\/702\/revisions\/1472"}],"wp:attachment":[{"href":"https:\/\/taxandlegal.digital\/fr\/wp-json\/wp\/v2\/media?parent=702"}],"curies":[{"name":"wp","href":"https:\/\/api.w.org\/{rel}","templated":true}]}}